{"id":27139,"date":"2026-02-17T23:07:38","date_gmt":"2026-02-17T23:07:38","guid":{"rendered":"https:\/\/logic-vault.com\/product\/instagram-instant-complete-post\/"},"modified":"2026-02-17T23:07:38","modified_gmt":"2026-02-17T23:07:38","slug":"instagram-instant-complete-post","status":"publish","type":"product","link":"https:\/\/logic-vault.com\/tr\/urun\/instagram-instant-complete-post\/","title":{"rendered":"Instagram An\u0131nda Tamamlanm\u0131\u015f G\u00f6nderi"},"content":{"rendered":"<p>\ud83d\udcc8 Get the prompt that leveled up a lot of Instagram pages\/businesses. <\/p>\n<p>Here\u2019s how it works:<\/p>\n<p>1. You tell ChatGPT what your Instagram page does and give him an example post idea. \ud83d\udca1<br \/>\n2. Then ChatGPT will create:<br \/>\n\u2705 Ready-to-go Midjourney prompts for the post image<br \/>\n\u2705 SEO optimized description with hashtags<br \/>\n\u2705 Other post ideas to recreate this process <\/p>\n<p>\ud83c\udf1f This simple process skyrocketed the followers of multiple Instagram pages. <\/p>\n<p>\ud83d\ude80 Boost your page now! <\/p>\n<p>\ud83d\udcb0 Scroll down to get 25% off the bundle<\/p>","protected":false},"excerpt":{"rendered":"<p>\ud83d\udcc8 Get the prompt that leveled up a lot of Instagram pages\/businesses. Here\u2019s how it works: 1. You tell ChatGPT what your Instagram page does and give him an example post idea. \ud83d\udca1 2. Then ChatGPT will create: \u2705 Ready-to-go Midjourney prompts for the post image \u2705 SEO optimized description with hashtags \u2705 Other post [&hellip;]<\/p>\n","protected":false},"featured_media":27138,"comment_status":"open","ping_status":"closed","template":"","meta":[],"product_brand":[],"product_cat":[4096],"product_tag":[],"class_list":{"0":"post-27139","1":"product","2":"type-product","3":"status-publish","4":"has-post-thumbnail","6":"product_cat-customer-support-sales","8":"first","9":"instock","10":"downloadable","11":"virtual","12":"product-type-simple"},"bundled_by":[],"bundle_stock_status":"instock","bundle_stock_quantity":null,"bundle_virtual":false,"bundle_layout":"","bundle_add_to_cart_form_location":"","bundle_editable_in_cart":false,"bundle_sold_individually_context":"","bundle_item_grouping":"","bundle_min_size":"","bundle_max_size":"","bundle_price":[],"bundled_items":[],"bundle_sell_ids":[],"_links":{"self":[{"href":"https:\/\/logic-vault.com\/tr\/wp-json\/wp\/v2\/product\/27139","targetHints":{"allow":["GET"]}}],"collection":[{"href":"https:\/\/logic-vault.com\/tr\/wp-json\/wp\/v2\/product"}],"about":[{"href":"https:\/\/logic-vault.com\/tr\/wp-json\/wp\/v2\/types\/product"}],"replies":[{"embeddable":true,"href":"https:\/\/logic-vault.com\/tr\/wp-json\/wp\/v2\/comments?post=27139"}],"wp:featuredmedia":[{"embeddable":true,"href":"https:\/\/logic-vault.com\/tr\/wp-json\/wp\/v2\/media\/27138"}],"wp:attachment":[{"href":"https:\/\/logic-vault.com\/tr\/wp-json\/wp\/v2\/media?parent=27139"}],"wp:term":[{"taxonomy":"product_brand","embeddable":true,"href":"https:\/\/logic-vault.com\/tr\/wp-json\/wp\/v2\/product_brand?post=27139"},{"taxonomy":"product_cat","embeddable":true,"href":"https:\/\/logic-vault.com\/tr\/wp-json\/wp\/v2\/product_cat?post=27139"},{"taxonomy":"product_tag","embeddable":true,"href":"https:\/\/logic-vault.com\/tr\/wp-json\/wp\/v2\/product_tag?post=27139"}],"curies":[{"name":"wp","href":"https:\/\/api.w.org\/{rel}","templated":true}]}}