{"id":27137,"date":"2026-02-17T23:07:38","date_gmt":"2026-02-17T23:07:38","guid":{"rendered":"https:\/\/logic-vault.com\/product\/human-like-seo-optimized-blog-articles-2\/"},"modified":"2026-02-17T23:07:38","modified_gmt":"2026-02-17T23:07:38","slug":"human-like-seo-optimized-blog-articles-2","status":"publish","type":"product","link":"https:\/\/logic-vault.com\/tr\/urun\/human-like-seo-optimized-blog-articles-2\/","title":{"rendered":"\u0130nsan benzeri SEO optimizasyonlu blog yaz\u0131lar\u0131"},"content":{"rendered":"<p>\ud83d\udcdd Create blog posts that sound like they were written by real people!\ud83d\ude4b\u200d\u2642\ufe0f\ud83d\ude4b\u200d\u2640\ufe0f<\/p>\n<p>Crafting content in a first-person tone, these posts ooze creativity, all while slyly dodging those AI text classifiers.\ud83d\udd75\ufe0f\u200d\u2642\ufe0f\u2753.<\/p>\n<p>Easy to customize! You&#8217;ve got all the control! <\/p>\n<p>\ud83c\udfae Works with GPT 3.5, GPT4-o &#038; GPT 4<\/p>\n<p>This prompt? It&#8217;s pure gold! Seamlessly blending SEO best practices with a genuine human touch, it&#8217;s your ticket to crafting a ready-to-post, laser-focused, info-packed blog article on any topic\ud83d\udcdd.<\/p>","protected":false},"excerpt":{"rendered":"<p>\ud83d\udcdd Create blog posts that sound like they were written by real people!\ud83d\ude4b\u200d\u2642\ufe0f\ud83d\ude4b\u200d\u2640\ufe0f Crafting content in a first-person tone, these posts ooze creativity, all while slyly dodging those AI text classifiers.\ud83d\udd75\ufe0f\u200d\u2642\ufe0f\u2753. Easy to customize! You&#8217;ve got all the control! \ud83c\udfae Works with GPT 3.5, GPT4-o &#038; GPT 4 This prompt? It&#8217;s pure gold! Seamlessly blending [&hellip;]<\/p>\n","protected":false},"featured_media":26800,"comment_status":"open","ping_status":"closed","template":"","meta":[],"product_brand":[],"product_cat":[4096],"product_tag":[],"class_list":{"0":"post-27137","1":"product","2":"type-product","3":"status-publish","4":"has-post-thumbnail","6":"product_cat-customer-support-sales","8":"first","9":"instock","10":"downloadable","11":"virtual","12":"product-type-simple"},"bundled_by":[],"bundle_stock_status":"instock","bundle_stock_quantity":null,"bundle_virtual":false,"bundle_layout":"","bundle_add_to_cart_form_location":"","bundle_editable_in_cart":false,"bundle_sold_individually_context":"","bundle_item_grouping":"","bundle_min_size":"","bundle_max_size":"","bundle_price":[],"bundled_items":[],"bundle_sell_ids":[],"_links":{"self":[{"href":"https:\/\/logic-vault.com\/tr\/wp-json\/wp\/v2\/product\/27137","targetHints":{"allow":["GET"]}}],"collection":[{"href":"https:\/\/logic-vault.com\/tr\/wp-json\/wp\/v2\/product"}],"about":[{"href":"https:\/\/logic-vault.com\/tr\/wp-json\/wp\/v2\/types\/product"}],"replies":[{"embeddable":true,"href":"https:\/\/logic-vault.com\/tr\/wp-json\/wp\/v2\/comments?post=27137"}],"wp:featuredmedia":[{"embeddable":true,"href":"https:\/\/logic-vault.com\/tr\/wp-json\/wp\/v2\/media\/26800"}],"wp:attachment":[{"href":"https:\/\/logic-vault.com\/tr\/wp-json\/wp\/v2\/media?parent=27137"}],"wp:term":[{"taxonomy":"product_brand","embeddable":true,"href":"https:\/\/logic-vault.com\/tr\/wp-json\/wp\/v2\/product_brand?post=27137"},{"taxonomy":"product_cat","embeddable":true,"href":"https:\/\/logic-vault.com\/tr\/wp-json\/wp\/v2\/product_cat?post=27137"},{"taxonomy":"product_tag","embeddable":true,"href":"https:\/\/logic-vault.com\/tr\/wp-json\/wp\/v2\/product_tag?post=27137"}],"curies":[{"name":"wp","href":"https:\/\/api.w.org\/{rel}","templated":true}]}}