{"id":27136,"date":"2026-02-17T23:07:37","date_gmt":"2026-02-17T23:07:37","guid":{"rendered":"https:\/\/logic-vault.com\/product\/scroll-stopper-tiktok\/"},"modified":"2026-02-17T23:07:37","modified_gmt":"2026-02-17T23:07:37","slug":"scroll-stopper-tiktok","status":"publish","type":"product","link":"https:\/\/logic-vault.com\/tr\/urun\/scroll-stopper-tiktok\/","title":{"rendered":"Kayd\u0131rma Durdurucu TikTok"},"content":{"rendered":"<p>Yapay zek\u00e2 kullanarak kendi TikTok sayfan\u0131z\u0131 nas\u0131l ba\u015flataca\u011f\u0131n\u0131za dair t\u00fcm videolar\u0131 izlediniz.<\/p>\n<p>Ancak ChatGPT&#039;ye viral TikTok videolar\u0131 olu\u015fturmas\u0131 i\u00e7in tek sat\u0131rl\u0131k bir talimat vermek yeterli de\u011fil.\ud83d\ude29<\/p>\n<p>Merak etmeyin, bu karma\u015f\u0131k komutun i\u015finizi g\u00f6rece\u011fine garanti veriyorum. \ud83d\udc4c<\/p>\n<p>Makine \u00f6\u011frenimi kullanarak t\u00fcm viral video senaryolar\u0131n\u0131 TEK bir komut sat\u0131r\u0131nda birle\u015ftirdim.<\/p>\n<p>\u0130ster TikTok&#039;ta yeni olun, ister takip\u00e7i say\u0131n\u0131z\u0131 art\u0131rmak ve para kazanmak isteyin, bu S\u0130Z\u0130N \u015fans\u0131n\u0131z. \ud83d\udcb0<\/p>\n<p>Tam bir paket mi istiyorsunuz? TikTok Complete Bundle&#039;a g\u00f6z at\u0131n.<\/p>","protected":false},"excerpt":{"rendered":"<p>You saw all the videos on how to start your own TikTok page using AI. But giving ChatGPT a single-line prompt to create VIRAL TikTok videos is not enough.\ud83d\ude29 Don\u2019t worry, I guarantee you that this complex prompt will do the work.\ud83d\udc4c By using machine learning I incorporated all viral video scripts in ONE prompt. [&hellip;]<\/p>\n","protected":false},"featured_media":27135,"comment_status":"open","ping_status":"closed","template":"","meta":[],"product_brand":[],"product_cat":[4096],"product_tag":[],"class_list":{"0":"post-27136","1":"product","2":"type-product","3":"status-publish","4":"has-post-thumbnail","6":"product_cat-customer-support-sales","8":"first","9":"instock","10":"downloadable","11":"virtual","12":"product-type-simple"},"bundled_by":[],"bundle_stock_status":"instock","bundle_stock_quantity":null,"bundle_virtual":false,"bundle_layout":"","bundle_add_to_cart_form_location":"","bundle_editable_in_cart":false,"bundle_sold_individually_context":"","bundle_item_grouping":"","bundle_min_size":"","bundle_max_size":"","bundle_price":[],"bundled_items":[],"bundle_sell_ids":[],"_links":{"self":[{"href":"https:\/\/logic-vault.com\/tr\/wp-json\/wp\/v2\/product\/27136","targetHints":{"allow":["GET"]}}],"collection":[{"href":"https:\/\/logic-vault.com\/tr\/wp-json\/wp\/v2\/product"}],"about":[{"href":"https:\/\/logic-vault.com\/tr\/wp-json\/wp\/v2\/types\/product"}],"replies":[{"embeddable":true,"href":"https:\/\/logic-vault.com\/tr\/wp-json\/wp\/v2\/comments?post=27136"}],"wp:featuredmedia":[{"embeddable":true,"href":"https:\/\/logic-vault.com\/tr\/wp-json\/wp\/v2\/media\/27135"}],"wp:attachment":[{"href":"https:\/\/logic-vault.com\/tr\/wp-json\/wp\/v2\/media?parent=27136"}],"wp:term":[{"taxonomy":"product_brand","embeddable":true,"href":"https:\/\/logic-vault.com\/tr\/wp-json\/wp\/v2\/product_brand?post=27136"},{"taxonomy":"product_cat","embeddable":true,"href":"https:\/\/logic-vault.com\/tr\/wp-json\/wp\/v2\/product_cat?post=27136"},{"taxonomy":"product_tag","embeddable":true,"href":"https:\/\/logic-vault.com\/tr\/wp-json\/wp\/v2\/product_tag?post=27136"}],"curies":[{"name":"wp","href":"https:\/\/api.w.org\/{rel}","templated":true}]}}