{"id":27134,"date":"2026-02-17T23:07:33","date_gmt":"2026-02-17T23:07:33","guid":{"rendered":"https:\/\/logic-vault.com\/product\/faceless-tiktok-mastery\/"},"modified":"2026-02-17T23:07:33","modified_gmt":"2026-02-17T23:07:33","slug":"faceless-tiktok-mastery","status":"publish","type":"product","link":"https:\/\/logic-vault.com\/tr\/urun\/faceless-tiktok-mastery\/","title":{"rendered":"Y\u00fczs\u00fcz TikTok Ustal\u0131\u011f\u0131"},"content":{"rendered":"<p>TikTok sayfan\u0131z\u0131 olu\u015fturun ve en viral \u015fekilde sat\u0131\u015f yap\u0131n.<\/p>\n<p>\u2705 Duygu odakl\u0131 senaryolar \u2013&gt; her viral payla\u015f\u0131m\u0131n ard\u0131ndaki s\u0131r<br \/>\n\u2705 Kayd\u0131rma durdurucu ba\u015fl\u0131k \u2013&gt; kullan\u0131c\u0131lar\u0131 g\u00f6nderinizde durdurur<br \/>\n\u2705 Optimize edilmi\u015f ek \u00f6zellikler \u2013&gt; sahneler, m\u00fczik, altyaz\u0131, etiketler<\/p>\n<p>\u2714\ufe0f Zaten kan\u0131tland\u0131<\/p>\n<p>Y\u00fcksek kazan\u00e7 sa\u011flayan, kimli\u011fi gizli 7 TikTok sayfas\u0131nda test edilmi\u015f y\u00f6ntem.<\/p>\n<p>\u0130\u015fte \u00e7al\u0131\u015fma \u015fekli:<\/p>\n<p>1. Senaryoyu al\u0131n.<br \/>\n2. Yapay zek\u00e2 g\u00f6r\u00fcnt\u00fcleri olu\u015fturun<br \/>\n3. Payla\u015f ve b\u00fcy\u00fct<br \/>\n4. Takip\u00e7ilerinizden para kazan\u0131n.<\/p>\n<p>\ud83c\udf81 \u201cViral Olma\u201d Protokol\u00fc bonusu!<\/p>\n<p>G\u00f6rseller i\u00e7in a\u015fa\u011f\u0131daki pakete g\u00f6z at\u0131n \u2b07\ufe0f<\/p>","protected":false},"excerpt":{"rendered":"<p>Build your TikTok page and make sales in the most viral way. \u2705 Emotion based scripts &#8211;> the secret behind every viral post \u2705 Scroll-stopper hook &#8211;> stops them at your post \u2705 Optimized additionals &#8211;> scenes, music, caption, hashtags \u2714\ufe0f Already proven Tested method across 7 high-earning faceless TikTok pages. Here&#8217;s how it works: [&hellip;]<\/p>\n","protected":false},"featured_media":27133,"comment_status":"open","ping_status":"closed","template":"","meta":[],"product_brand":[],"product_cat":[4096],"product_tag":[],"class_list":{"0":"post-27134","1":"product","2":"type-product","3":"status-publish","4":"has-post-thumbnail","6":"product_cat-customer-support-sales","8":"first","9":"instock","10":"downloadable","11":"virtual","12":"product-type-simple"},"bundled_by":[],"bundle_stock_status":"instock","bundle_stock_quantity":null,"bundle_virtual":false,"bundle_layout":"","bundle_add_to_cart_form_location":"","bundle_editable_in_cart":false,"bundle_sold_individually_context":"","bundle_item_grouping":"","bundle_min_size":"","bundle_max_size":"","bundle_price":[],"bundled_items":[],"bundle_sell_ids":[],"_links":{"self":[{"href":"https:\/\/logic-vault.com\/tr\/wp-json\/wp\/v2\/product\/27134","targetHints":{"allow":["GET"]}}],"collection":[{"href":"https:\/\/logic-vault.com\/tr\/wp-json\/wp\/v2\/product"}],"about":[{"href":"https:\/\/logic-vault.com\/tr\/wp-json\/wp\/v2\/types\/product"}],"replies":[{"embeddable":true,"href":"https:\/\/logic-vault.com\/tr\/wp-json\/wp\/v2\/comments?post=27134"}],"wp:featuredmedia":[{"embeddable":true,"href":"https:\/\/logic-vault.com\/tr\/wp-json\/wp\/v2\/media\/27133"}],"wp:attachment":[{"href":"https:\/\/logic-vault.com\/tr\/wp-json\/wp\/v2\/media?parent=27134"}],"wp:term":[{"taxonomy":"product_brand","embeddable":true,"href":"https:\/\/logic-vault.com\/tr\/wp-json\/wp\/v2\/product_brand?post=27134"},{"taxonomy":"product_cat","embeddable":true,"href":"https:\/\/logic-vault.com\/tr\/wp-json\/wp\/v2\/product_cat?post=27134"},{"taxonomy":"product_tag","embeddable":true,"href":"https:\/\/logic-vault.com\/tr\/wp-json\/wp\/v2\/product_tag?post=27134"}],"curies":[{"name":"wp","href":"https:\/\/api.w.org\/{rel}","templated":true}]}}