{"id":27131,"date":"2026-02-17T23:07:32","date_gmt":"2026-02-17T23:07:32","guid":{"rendered":"https:\/\/logic-vault.com\/product\/etsy-deep-growth-compass\/"},"modified":"2026-02-17T23:07:32","modified_gmt":"2026-02-17T23:07:32","slug":"etsy-deep-growth-compass","status":"publish","type":"product","link":"https:\/\/logic-vault.com\/tr\/urun\/etsy-deep-growth-compass\/","title":{"rendered":"Etsy Derin B\u00fcy\u00fcme Pusulas\u0131"},"content":{"rendered":"<p>Yapay zeka destekli Etsy b\u00fcy\u00fcme arac\u0131, \u00e7ok a\u015famal\u0131 ma\u011faza analizi ger\u00e7ekle\u015ftirir, ger\u00e7ek\u00e7i fiyatland\u0131rma, SEO ve mesajla\u015fma f\u0131rsatlar\u0131n\u0131 ortaya \u00e7\u0131kar\u0131r ve s\u00fcrd\u00fcr\u00fclebilir ma\u011faza geni\u015flemesi i\u00e7in yap\u0131land\u0131r\u0131lm\u0131\u015f, gizlilik uyumlu rehberlik sunar.<\/p>","protected":false},"excerpt":{"rendered":"<p>Yapay zeka destekli Etsy b\u00fcy\u00fcme arac\u0131, \u00e7ok a\u015famal\u0131 ma\u011faza analizi ger\u00e7ekle\u015ftirir, ger\u00e7ek\u00e7i fiyatland\u0131rma, SEO ve mesajla\u015fma f\u0131rsatlar\u0131n\u0131 ortaya \u00e7\u0131kar\u0131r ve s\u00fcrd\u00fcr\u00fclebilir ma\u011faza geni\u015flemesi i\u00e7in yap\u0131land\u0131r\u0131lm\u0131\u015f, gizlilik uyumlu rehberlik sunar.<\/p>","protected":false},"featured_media":27130,"comment_status":"open","ping_status":"closed","template":"","meta":[],"product_brand":[],"product_cat":[4096],"product_tag":[],"class_list":{"0":"post-27131","1":"product","2":"type-product","3":"status-publish","4":"has-post-thumbnail","6":"product_cat-customer-support-sales","8":"first","9":"instock","10":"downloadable","11":"virtual","12":"product-type-simple"},"bundled_by":[],"bundle_stock_status":"instock","bundle_stock_quantity":null,"bundle_virtual":false,"bundle_layout":"","bundle_add_to_cart_form_location":"","bundle_editable_in_cart":false,"bundle_sold_individually_context":"","bundle_item_grouping":"","bundle_min_size":"","bundle_max_size":"","bundle_price":[],"bundled_items":[],"bundle_sell_ids":[],"_links":{"self":[{"href":"https:\/\/logic-vault.com\/tr\/wp-json\/wp\/v2\/product\/27131","targetHints":{"allow":["GET"]}}],"collection":[{"href":"https:\/\/logic-vault.com\/tr\/wp-json\/wp\/v2\/product"}],"about":[{"href":"https:\/\/logic-vault.com\/tr\/wp-json\/wp\/v2\/types\/product"}],"replies":[{"embeddable":true,"href":"https:\/\/logic-vault.com\/tr\/wp-json\/wp\/v2\/comments?post=27131"}],"wp:featuredmedia":[{"embeddable":true,"href":"https:\/\/logic-vault.com\/tr\/wp-json\/wp\/v2\/media\/27130"}],"wp:attachment":[{"href":"https:\/\/logic-vault.com\/tr\/wp-json\/wp\/v2\/media?parent=27131"}],"wp:term":[{"taxonomy":"product_brand","embeddable":true,"href":"https:\/\/logic-vault.com\/tr\/wp-json\/wp\/v2\/product_brand?post=27131"},{"taxonomy":"product_cat","embeddable":true,"href":"https:\/\/logic-vault.com\/tr\/wp-json\/wp\/v2\/product_cat?post=27131"},{"taxonomy":"product_tag","embeddable":true,"href":"https:\/\/logic-vault.com\/tr\/wp-json\/wp\/v2\/product_tag?post=27131"}],"curies":[{"name":"wp","href":"https:\/\/api.w.org\/{rel}","templated":true}]}}