{"id":27129,"date":"2026-02-17T23:07:31","date_gmt":"2026-02-17T23:07:31","guid":{"rendered":"https:\/\/logic-vault.com\/product\/seofriendly-product-description\/"},"modified":"2026-02-17T23:07:31","modified_gmt":"2026-02-17T23:07:31","slug":"seofriendly-product-description","status":"publish","type":"product","link":"https:\/\/logic-vault.com\/tr\/urun\/seofriendly-product-description\/","title":{"rendered":"SEO Dostu \u00dcr\u00fcn A\u00e7\u0131klamas\u0131"},"content":{"rendered":"<p>Yap\u0131land\u0131r\u0131lm\u0131\u015f metin yaz\u0131m\u0131 ve anahtar kelime yerle\u015ftirme sistemi kullanarak y\u00fcksek d\u00f6n\u00fc\u015f\u00fcm oranl\u0131, SEO optimize edilmi\u015f \u00fcr\u00fcn a\u00e7\u0131klamalar\u0131 olu\u015fturun. Bu komut dosyas\u0131, \u00fcr\u00fcn\u00fcn\u00fcz\u00fc, hedef kitlenizi ve arama amac\u0131n\u0131z\u0131 analiz ederek arama motorlar\u0131nda \u00fcst s\u0131ralarda yer alan ve ziyaret\u00e7ileri al\u0131c\u0131ya d\u00f6n\u00fc\u015ft\u00fcren ikna edici a\u00e7\u0131klamalar olu\u015fturur. Anahtar kelime doldurma veya genel yapay zeka metni i\u00e7ermeyen, sat\u0131\u015f odakl\u0131 \u00fcr\u00fcn sayfalar\u0131 isteyen e-ticaret sat\u0131c\u0131lar\u0131, dropshipping yapanlar, markalar ve pazarlamac\u0131lar i\u00e7in tasarlanm\u0131\u015ft\u0131r.<\/p>","protected":false},"excerpt":{"rendered":"<p>Yap\u0131land\u0131r\u0131lm\u0131\u015f metin yaz\u0131m\u0131 ve anahtar kelime yerle\u015ftirme sistemi kullanarak y\u00fcksek d\u00f6n\u00fc\u015f\u00fcm oranl\u0131, SEO optimize edilmi\u015f \u00fcr\u00fcn a\u00e7\u0131klamalar\u0131 olu\u015fturun. Bu komut dosyas\u0131, \u00fcr\u00fcn\u00fcn\u00fcz\u00fc, hedef kitlenizi ve arama amac\u0131n\u0131z\u0131 analiz ederek arama motorlar\u0131nda \u00fcst s\u0131ralarda yer alan ve ziyaret\u00e7ileri al\u0131c\u0131ya d\u00f6n\u00fc\u015ft\u00fcren ikna edici a\u00e7\u0131klamalar olu\u015fturur. Anahtar kelime doldurma veya genel yapay zeka metni i\u00e7ermeyen, sat\u0131\u015f odakl\u0131 \u00fcr\u00fcn sayfalar\u0131 isteyen e-ticaret sat\u0131c\u0131lar\u0131, dropshipping yapanlar, markalar ve pazarlamac\u0131lar i\u00e7in tasarlanm\u0131\u015ft\u0131r.<\/p>","protected":false},"featured_media":27128,"comment_status":"open","ping_status":"closed","template":"","meta":[],"product_brand":[],"product_cat":[4096],"product_tag":[],"class_list":{"0":"post-27129","1":"product","2":"type-product","3":"status-publish","4":"has-post-thumbnail","6":"product_cat-customer-support-sales","8":"first","9":"instock","10":"downloadable","11":"virtual","12":"product-type-simple"},"bundled_by":[],"bundle_stock_status":"instock","bundle_stock_quantity":null,"bundle_virtual":false,"bundle_layout":"","bundle_add_to_cart_form_location":"","bundle_editable_in_cart":false,"bundle_sold_individually_context":"","bundle_item_grouping":"","bundle_min_size":"","bundle_max_size":"","bundle_price":[],"bundled_items":[],"bundle_sell_ids":[],"_links":{"self":[{"href":"https:\/\/logic-vault.com\/tr\/wp-json\/wp\/v2\/product\/27129","targetHints":{"allow":["GET"]}}],"collection":[{"href":"https:\/\/logic-vault.com\/tr\/wp-json\/wp\/v2\/product"}],"about":[{"href":"https:\/\/logic-vault.com\/tr\/wp-json\/wp\/v2\/types\/product"}],"replies":[{"embeddable":true,"href":"https:\/\/logic-vault.com\/tr\/wp-json\/wp\/v2\/comments?post=27129"}],"wp:featuredmedia":[{"embeddable":true,"href":"https:\/\/logic-vault.com\/tr\/wp-json\/wp\/v2\/media\/27128"}],"wp:attachment":[{"href":"https:\/\/logic-vault.com\/tr\/wp-json\/wp\/v2\/media?parent=27129"}],"wp:term":[{"taxonomy":"product_brand","embeddable":true,"href":"https:\/\/logic-vault.com\/tr\/wp-json\/wp\/v2\/product_brand?post=27129"},{"taxonomy":"product_cat","embeddable":true,"href":"https:\/\/logic-vault.com\/tr\/wp-json\/wp\/v2\/product_cat?post=27129"},{"taxonomy":"product_tag","embeddable":true,"href":"https:\/\/logic-vault.com\/tr\/wp-json\/wp\/v2\/product_tag?post=27129"}],"curies":[{"name":"wp","href":"https:\/\/api.w.org\/{rel}","templated":true}]}}