{"id":27118,"date":"2026-02-17T23:07:28","date_gmt":"2026-02-17T23:07:28","guid":{"rendered":"https:\/\/logic-vault.com\/product\/youtube-video-description\/"},"modified":"2026-02-17T23:07:28","modified_gmt":"2026-02-17T23:07:28","slug":"youtube-video-description","status":"publish","type":"product","link":"https:\/\/logic-vault.com\/tr\/urun\/youtube-video-description\/","title":{"rendered":"YouTube Video A\u00e7\u0131klamas\u0131"},"content":{"rendered":"<p>Bu komut, arama motorlar\u0131 i\u00e7in optimize edilmi\u015f, ancak do\u011fal ve insani bir \u00fcsluba sahip eksiksiz bir YouTube video a\u00e7\u0131klamas\u0131 olu\u015fturur. \u00c7\u0131kt\u0131 yap\u0131land\u0131r\u0131lm\u0131\u015f, net ve an\u0131nda yay\u0131nlanmaya haz\u0131rd\u0131r; bu da i\u00e7erik olu\u015fturuculara video y\u00fckleme an\u0131nda zaman kazand\u0131r\u0131r.<\/p>","protected":false},"excerpt":{"rendered":"<p>Bu komut, arama motorlar\u0131 i\u00e7in optimize edilmi\u015f, ancak do\u011fal ve insani bir \u00fcsluba sahip eksiksiz bir YouTube video a\u00e7\u0131klamas\u0131 olu\u015fturur. \u00c7\u0131kt\u0131 yap\u0131land\u0131r\u0131lm\u0131\u015f, net ve an\u0131nda yay\u0131nlanmaya haz\u0131rd\u0131r; bu da i\u00e7erik olu\u015fturuculara video y\u00fckleme an\u0131nda zaman kazand\u0131r\u0131r.<\/p>","protected":false},"featured_media":27117,"comment_status":"open","ping_status":"closed","template":"","meta":[],"product_brand":[],"product_cat":[4096],"product_tag":[],"class_list":{"0":"post-27118","1":"product","2":"type-product","3":"status-publish","4":"has-post-thumbnail","6":"product_cat-customer-support-sales","8":"first","9":"instock","10":"downloadable","11":"virtual","12":"product-type-simple"},"bundled_by":[],"bundle_stock_status":"instock","bundle_stock_quantity":null,"bundle_virtual":false,"bundle_layout":"","bundle_add_to_cart_form_location":"","bundle_editable_in_cart":false,"bundle_sold_individually_context":"","bundle_item_grouping":"","bundle_min_size":"","bundle_max_size":"","bundle_price":[],"bundled_items":[],"bundle_sell_ids":[],"_links":{"self":[{"href":"https:\/\/logic-vault.com\/tr\/wp-json\/wp\/v2\/product\/27118","targetHints":{"allow":["GET"]}}],"collection":[{"href":"https:\/\/logic-vault.com\/tr\/wp-json\/wp\/v2\/product"}],"about":[{"href":"https:\/\/logic-vault.com\/tr\/wp-json\/wp\/v2\/types\/product"}],"replies":[{"embeddable":true,"href":"https:\/\/logic-vault.com\/tr\/wp-json\/wp\/v2\/comments?post=27118"}],"wp:featuredmedia":[{"embeddable":true,"href":"https:\/\/logic-vault.com\/tr\/wp-json\/wp\/v2\/media\/27117"}],"wp:attachment":[{"href":"https:\/\/logic-vault.com\/tr\/wp-json\/wp\/v2\/media?parent=27118"}],"wp:term":[{"taxonomy":"product_brand","embeddable":true,"href":"https:\/\/logic-vault.com\/tr\/wp-json\/wp\/v2\/product_brand?post=27118"},{"taxonomy":"product_cat","embeddable":true,"href":"https:\/\/logic-vault.com\/tr\/wp-json\/wp\/v2\/product_cat?post=27118"},{"taxonomy":"product_tag","embeddable":true,"href":"https:\/\/logic-vault.com\/tr\/wp-json\/wp\/v2\/product_tag?post=27118"}],"curies":[{"name":"wp","href":"https:\/\/api.w.org\/{rel}","templated":true}]}}