{"id":27110,"date":"2026-02-17T23:07:26","date_gmt":"2026-02-17T23:07:26","guid":{"rendered":"https:\/\/logic-vault.com\/product\/ecommerce-product-description-suite\/"},"modified":"2026-02-17T23:07:26","modified_gmt":"2026-02-17T23:07:26","slug":"ecommerce-product-description-suite","status":"publish","type":"product","link":"https:\/\/logic-vault.com\/tr\/urun\/ecommerce-product-description-suite\/","title":{"rendered":"E-ticaret \u00dcr\u00fcn Tan\u0131mlama Paketi"},"content":{"rendered":"<p>1 haftada de\u011fil, 1 saatte 50 \u00fcr\u00fcn a\u00e7\u0131klamas\u0131 yaz\u0131n.<\/p>\n<p>Bo\u015f sayfalara bakmay\u0131 b\u0131rak\u0131n. Bu yap\u0131land\u0131r\u0131lm\u0131\u015f sistem, k\u0131demli bir metin yazar\u0131 gibi davranarak, SEO ve al\u0131c\u0131 psikolojisi i\u00e7in optimize edilmi\u015f, y\u00fcksek d\u00f6n\u00fc\u015f\u00fcm oran\u0131na sahip a\u00e7\u0131klamalar \u00fcretir.<\/p>\n<p>BU, GENEL SORULARDAN NEDEN DAHA \u0130Y\u0130?<br \/>\n\u2705 3 Stratejik A\u00e7\u0131 (Hikaye \/ Fayda \/ Teknik).<br \/>\n\u2705 SEO Ba\u015fl\u0131k Etiketi ve Meta A\u00e7\u0131klamas\u0131.<br \/>\n\u2705 Amazon tarz\u0131 madde i\u015faretleri.<br \/>\n\u2705 Platforma \u00d6zel Bi\u00e7imlendirme.<\/p>\n<p>\u0130DEAL SE\u00c7ENEK: E-ticaret siteleri, dropshipping yapanlar, ajanslar.<\/p>","protected":false},"excerpt":{"rendered":"<p>Write 50 product descriptions in 1 hour, not 1 week. Stop staring at blank pages. This structured system acts as a Senior Copywriter, generating high-converting descriptions optimized for SEO and buyer psychology. WHY THIS BEATS GENERIC PROMPTS: \u2705 3 Strategic Angles (Story \/ Benefit \/ Technical). \u2705 SEO Title Tag &#038; Meta Description. \u2705 Amazon-Style [&hellip;]<\/p>\n","protected":false},"featured_media":27109,"comment_status":"open","ping_status":"closed","template":"","meta":[],"product_brand":[],"product_cat":[4096],"product_tag":[],"class_list":{"0":"post-27110","1":"product","2":"type-product","3":"status-publish","4":"has-post-thumbnail","6":"product_cat-customer-support-sales","8":"first","9":"instock","10":"downloadable","11":"virtual","12":"product-type-simple"},"bundled_by":[],"bundle_stock_status":"instock","bundle_stock_quantity":null,"bundle_virtual":false,"bundle_layout":"","bundle_add_to_cart_form_location":"","bundle_editable_in_cart":false,"bundle_sold_individually_context":"","bundle_item_grouping":"","bundle_min_size":"","bundle_max_size":"","bundle_price":[],"bundled_items":[],"bundle_sell_ids":[],"_links":{"self":[{"href":"https:\/\/logic-vault.com\/tr\/wp-json\/wp\/v2\/product\/27110","targetHints":{"allow":["GET"]}}],"collection":[{"href":"https:\/\/logic-vault.com\/tr\/wp-json\/wp\/v2\/product"}],"about":[{"href":"https:\/\/logic-vault.com\/tr\/wp-json\/wp\/v2\/types\/product"}],"replies":[{"embeddable":true,"href":"https:\/\/logic-vault.com\/tr\/wp-json\/wp\/v2\/comments?post=27110"}],"wp:featuredmedia":[{"embeddable":true,"href":"https:\/\/logic-vault.com\/tr\/wp-json\/wp\/v2\/media\/27109"}],"wp:attachment":[{"href":"https:\/\/logic-vault.com\/tr\/wp-json\/wp\/v2\/media?parent=27110"}],"wp:term":[{"taxonomy":"product_brand","embeddable":true,"href":"https:\/\/logic-vault.com\/tr\/wp-json\/wp\/v2\/product_brand?post=27110"},{"taxonomy":"product_cat","embeddable":true,"href":"https:\/\/logic-vault.com\/tr\/wp-json\/wp\/v2\/product_cat?post=27110"},{"taxonomy":"product_tag","embeddable":true,"href":"https:\/\/logic-vault.com\/tr\/wp-json\/wp\/v2\/product_tag?post=27110"}],"curies":[{"name":"wp","href":"https:\/\/api.w.org\/{rel}","templated":true}]}}