{"id":27108,"date":"2026-02-17T23:07:26","date_gmt":"2026-02-17T23:07:26","guid":{"rendered":"https:\/\/logic-vault.com\/product\/highconverting-sales-copy-generator\/"},"modified":"2026-02-17T23:07:26","modified_gmt":"2026-02-17T23:07:26","slug":"highconverting-sales-copy-generator","status":"publish","type":"product","link":"https:\/\/logic-vault.com\/tr\/urun\/highconverting-sales-copy-generator\/","title":{"rendered":"Y\u00fcksek D\u00f6n\u00fc\u015f\u00fcm Oranl\u0131 Sat\u0131\u015f Metni Olu\u015fturucu"},"content":{"rendered":"<p>Y\u00fcksek d\u00f6n\u00fc\u015f\u00fcm oran\u0131na sahip a\u00e7\u0131l\u0131\u015f sayfas\u0131 metinleri, sat\u0131\u015f sayfalar\u0131 ve pazarlama i\u00e7erikleri an\u0131nda olu\u015fturun. \u00dcr\u00fcn ad\u0131n\u0131z\u0131, hedef kitlenizi ve temel faydalar\u0131n\u0131z\u0131 girin; ba\u015fl\u0131klar, harekete ge\u00e7irici mesajlar (CTA&#039;lar), \u00f6zellik b\u00f6l\u00fcmleri ve aciliyet unsurlar\u0131 i\u00e7eren profesyonel sat\u0131\u015f metinleri elde edin. H\u0131zl\u0131 bir \u015fekilde ikna edici metne ihtiya\u00e7 duyan giri\u015fimciler, pazarlamac\u0131lar ve SaaS kurucular\u0131 i\u00e7in m\u00fckemmeldir.<\/p>","protected":false},"excerpt":{"rendered":"<p>Y\u00fcksek d\u00f6n\u00fc\u015f\u00fcm oran\u0131na sahip a\u00e7\u0131l\u0131\u015f sayfas\u0131 metinleri, sat\u0131\u015f sayfalar\u0131 ve pazarlama i\u00e7erikleri an\u0131nda olu\u015fturun. \u00dcr\u00fcn ad\u0131n\u0131z\u0131, hedef kitlenizi ve temel faydalar\u0131n\u0131z\u0131 girin; ba\u015fl\u0131klar, harekete ge\u00e7irici mesajlar (CTA&#039;lar), \u00f6zellik b\u00f6l\u00fcmleri ve aciliyet unsurlar\u0131 i\u00e7eren profesyonel sat\u0131\u015f metinleri elde edin. H\u0131zl\u0131 bir \u015fekilde ikna edici metne ihtiya\u00e7 duyan giri\u015fimciler, pazarlamac\u0131lar ve SaaS kurucular\u0131 i\u00e7in m\u00fckemmeldir.<\/p>","protected":false},"featured_media":27107,"comment_status":"open","ping_status":"closed","template":"","meta":[],"product_brand":[],"product_cat":[4096],"product_tag":[],"class_list":{"0":"post-27108","1":"product","2":"type-product","3":"status-publish","4":"has-post-thumbnail","6":"product_cat-customer-support-sales","8":"first","9":"instock","10":"downloadable","11":"virtual","12":"product-type-simple"},"bundled_by":[],"bundle_stock_status":"instock","bundle_stock_quantity":null,"bundle_virtual":false,"bundle_layout":"","bundle_add_to_cart_form_location":"","bundle_editable_in_cart":false,"bundle_sold_individually_context":"","bundle_item_grouping":"","bundle_min_size":"","bundle_max_size":"","bundle_price":[],"bundled_items":[],"bundle_sell_ids":[],"_links":{"self":[{"href":"https:\/\/logic-vault.com\/tr\/wp-json\/wp\/v2\/product\/27108","targetHints":{"allow":["GET"]}}],"collection":[{"href":"https:\/\/logic-vault.com\/tr\/wp-json\/wp\/v2\/product"}],"about":[{"href":"https:\/\/logic-vault.com\/tr\/wp-json\/wp\/v2\/types\/product"}],"replies":[{"embeddable":true,"href":"https:\/\/logic-vault.com\/tr\/wp-json\/wp\/v2\/comments?post=27108"}],"wp:featuredmedia":[{"embeddable":true,"href":"https:\/\/logic-vault.com\/tr\/wp-json\/wp\/v2\/media\/27107"}],"wp:attachment":[{"href":"https:\/\/logic-vault.com\/tr\/wp-json\/wp\/v2\/media?parent=27108"}],"wp:term":[{"taxonomy":"product_brand","embeddable":true,"href":"https:\/\/logic-vault.com\/tr\/wp-json\/wp\/v2\/product_brand?post=27108"},{"taxonomy":"product_cat","embeddable":true,"href":"https:\/\/logic-vault.com\/tr\/wp-json\/wp\/v2\/product_cat?post=27108"},{"taxonomy":"product_tag","embeddable":true,"href":"https:\/\/logic-vault.com\/tr\/wp-json\/wp\/v2\/product_tag?post=27108"}],"curies":[{"name":"wp","href":"https:\/\/api.w.org\/{rel}","templated":true}]}}