{"id":27104,"date":"2026-02-17T23:07:25","date_gmt":"2026-02-17T23:07:25","guid":{"rendered":"https:\/\/logic-vault.com\/product\/professional-sales-page-generator\/"},"modified":"2026-02-17T23:07:25","modified_gmt":"2026-02-17T23:07:25","slug":"professional-sales-page-generator","status":"publish","type":"product","link":"https:\/\/logic-vault.com\/tr\/urun\/professional-sales-page-generator\/","title":{"rendered":"Profesyonel Sat\u0131\u015f Sayfas\u0131 Olu\u015fturucu"},"content":{"rendered":"<p>Bu komut dosyas\u0131, GPT modellerini kullanarak y\u00fcksek d\u00f6n\u00fc\u015f\u00fcm oran\u0131na sahip sat\u0131\u015f sayfalar\u0131n\u0131n olu\u015fturulmas\u0131n\u0131 otomatikle\u015ftirir. Tek bir anahtar kelime girilerek, etkileyici ba\u015fl\u0131klar, faydalar, sosyal kan\u0131tlar ve harekete ge\u00e7irici mesajlar i\u00e7eren kapsaml\u0131 ve ikna edici bir sat\u0131\u015f sayfas\u0131 olu\u015fturulur. Profesyonel sat\u0131\u015f metinleri \u00fcretmek isteyen pazarlamac\u0131lar, metin yazarlar\u0131 ve giri\u015fimciler i\u00e7in idealdir.<\/p>","protected":false},"excerpt":{"rendered":"<p>Bu komut dosyas\u0131, GPT modellerini kullanarak y\u00fcksek d\u00f6n\u00fc\u015f\u00fcm oran\u0131na sahip sat\u0131\u015f sayfalar\u0131n\u0131n olu\u015fturulmas\u0131n\u0131 otomatikle\u015ftirir. Tek bir anahtar kelime girilerek, etkileyici ba\u015fl\u0131klar, faydalar, sosyal kan\u0131tlar ve harekete ge\u00e7irici mesajlar i\u00e7eren kapsaml\u0131 ve ikna edici bir sat\u0131\u015f sayfas\u0131 olu\u015fturulur. Profesyonel sat\u0131\u015f metinleri \u00fcretmek isteyen pazarlamac\u0131lar, metin yazarlar\u0131 ve giri\u015fimciler i\u00e7in idealdir.<\/p>","protected":false},"featured_media":27103,"comment_status":"open","ping_status":"closed","template":"","meta":[],"product_brand":[],"product_cat":[4096],"product_tag":[],"class_list":{"0":"post-27104","1":"product","2":"type-product","3":"status-publish","4":"has-post-thumbnail","6":"product_cat-customer-support-sales","8":"first","9":"instock","10":"downloadable","11":"virtual","12":"product-type-simple"},"bundled_by":[],"bundle_stock_status":"instock","bundle_stock_quantity":null,"bundle_virtual":false,"bundle_layout":"","bundle_add_to_cart_form_location":"","bundle_editable_in_cart":false,"bundle_sold_individually_context":"","bundle_item_grouping":"","bundle_min_size":"","bundle_max_size":"","bundle_price":[],"bundled_items":[],"bundle_sell_ids":[],"_links":{"self":[{"href":"https:\/\/logic-vault.com\/tr\/wp-json\/wp\/v2\/product\/27104","targetHints":{"allow":["GET"]}}],"collection":[{"href":"https:\/\/logic-vault.com\/tr\/wp-json\/wp\/v2\/product"}],"about":[{"href":"https:\/\/logic-vault.com\/tr\/wp-json\/wp\/v2\/types\/product"}],"replies":[{"embeddable":true,"href":"https:\/\/logic-vault.com\/tr\/wp-json\/wp\/v2\/comments?post=27104"}],"wp:featuredmedia":[{"embeddable":true,"href":"https:\/\/logic-vault.com\/tr\/wp-json\/wp\/v2\/media\/27103"}],"wp:attachment":[{"href":"https:\/\/logic-vault.com\/tr\/wp-json\/wp\/v2\/media?parent=27104"}],"wp:term":[{"taxonomy":"product_brand","embeddable":true,"href":"https:\/\/logic-vault.com\/tr\/wp-json\/wp\/v2\/product_brand?post=27104"},{"taxonomy":"product_cat","embeddable":true,"href":"https:\/\/logic-vault.com\/tr\/wp-json\/wp\/v2\/product_cat?post=27104"},{"taxonomy":"product_tag","embeddable":true,"href":"https:\/\/logic-vault.com\/tr\/wp-json\/wp\/v2\/product_tag?post=27104"}],"curies":[{"name":"wp","href":"https:\/\/api.w.org\/{rel}","templated":true}]}}