{"id":27102,"date":"2026-02-17T23:07:25","date_gmt":"2026-02-17T23:07:25","guid":{"rendered":"https:\/\/logic-vault.com\/product\/linkedin-profile-optimization-made-easy-2\/"},"modified":"2026-02-17T23:07:25","modified_gmt":"2026-02-17T23:07:25","slug":"linkedin-profile-optimization-made-easy-2","status":"publish","type":"product","link":"https:\/\/logic-vault.com\/tr\/urun\/linkedin-profile-optimization-made-easy-2\/","title":{"rendered":"LinkedIn Profil Optimizasyonu Art\u0131k \u00c7ok Kolay"},"content":{"rendered":"<p>\u0130\u015fe al\u0131m uzmanlar\u0131n\u0131n dikkatini \u00e7eken ve benzersiz becerilerinizi sergileyen, profesyonelce haz\u0131rlanm\u0131\u015f bir profille LinkedIn&#039;de \u00f6ne \u00e7\u0131k\u0131n. Bu istem \u015funlar\u0131 olu\u015fturur:<\/p>\n<p>Sekt\u00f6r\u00fcn\u00fcze ve uzmanl\u0131\u011f\u0131n\u0131za uygun, ilgi \u00e7ekici bir LinkedIn ba\u015fl\u0131\u011f\u0131.<br \/>\nBa\u015far\u0131lar\u0131n\u0131z\u0131, becerilerinizi ve kariyer hedeflerinizi \u00f6ne \u00e7\u0131karan, \u00f6zenle haz\u0131rlanm\u0131\u015f bir \u00f6zet.<br \/>\n\u00d6l\u00e7\u00fclebilir sonu\u00e7lar ve ilgi \u00e7ekici bir dille optimize edilmi\u015f deneyim b\u00f6l\u00fcmleri.<br \/>\n\u0130ster mevcut alan\u0131n\u0131zda ilerliyor olun ister kariyer de\u011fi\u015ftiriyor olun, bu soru LinkedIn profilinizin \u00f6ne \u00e7\u0131kmas\u0131n\u0131 sa\u011flamak i\u00e7in tasarlanm\u0131\u015ft\u0131r.<\/p>","protected":false},"excerpt":{"rendered":"<p>Stand out on LinkedIn with a professionally crafted profile that attracts recruiters and showcases your unique skills. This prompt generates: A compelling LinkedIn headline tailored to your industry and expertise. A polished summary that highlights your achievements, skills, and career goals. Optimized experience sections with measurable results and engaging language. Whether you&#8217;re advancing in your [&hellip;]<\/p>\n","protected":false},"featured_media":26864,"comment_status":"open","ping_status":"closed","template":"","meta":[],"product_brand":[],"product_cat":[4096],"product_tag":[],"class_list":{"0":"post-27102","1":"product","2":"type-product","3":"status-publish","4":"has-post-thumbnail","6":"product_cat-customer-support-sales","8":"first","9":"instock","10":"downloadable","11":"virtual","12":"product-type-simple"},"bundled_by":[],"bundle_stock_status":"instock","bundle_stock_quantity":null,"bundle_virtual":false,"bundle_layout":"","bundle_add_to_cart_form_location":"","bundle_editable_in_cart":false,"bundle_sold_individually_context":"","bundle_item_grouping":"","bundle_min_size":"","bundle_max_size":"","bundle_price":[],"bundled_items":[],"bundle_sell_ids":[],"_links":{"self":[{"href":"https:\/\/logic-vault.com\/tr\/wp-json\/wp\/v2\/product\/27102","targetHints":{"allow":["GET"]}}],"collection":[{"href":"https:\/\/logic-vault.com\/tr\/wp-json\/wp\/v2\/product"}],"about":[{"href":"https:\/\/logic-vault.com\/tr\/wp-json\/wp\/v2\/types\/product"}],"replies":[{"embeddable":true,"href":"https:\/\/logic-vault.com\/tr\/wp-json\/wp\/v2\/comments?post=27102"}],"wp:featuredmedia":[{"embeddable":true,"href":"https:\/\/logic-vault.com\/tr\/wp-json\/wp\/v2\/media\/26864"}],"wp:attachment":[{"href":"https:\/\/logic-vault.com\/tr\/wp-json\/wp\/v2\/media?parent=27102"}],"wp:term":[{"taxonomy":"product_brand","embeddable":true,"href":"https:\/\/logic-vault.com\/tr\/wp-json\/wp\/v2\/product_brand?post=27102"},{"taxonomy":"product_cat","embeddable":true,"href":"https:\/\/logic-vault.com\/tr\/wp-json\/wp\/v2\/product_cat?post=27102"},{"taxonomy":"product_tag","embeddable":true,"href":"https:\/\/logic-vault.com\/tr\/wp-json\/wp\/v2\/product_tag?post=27102"}],"curies":[{"name":"wp","href":"https:\/\/api.w.org\/{rel}","templated":true}]}}