{"id":27101,"date":"2026-02-17T23:07:25","date_gmt":"2026-02-17T23:07:25","guid":{"rendered":"https:\/\/logic-vault.com\/product\/scroll-stopper-hook\/"},"modified":"2026-02-17T23:07:25","modified_gmt":"2026-02-17T23:07:25","slug":"scroll-stopper-hook","status":"publish","type":"product","link":"https:\/\/logic-vault.com\/tr\/urun\/scroll-stopper-hook\/","title":{"rendered":"Kayd\u0131rma Durdurucu Kanca"},"content":{"rendered":"<p>Sadece dikkat \u00e7ekici bir i\u00e7erik (swift stopper) kullanarak sosyal medya sayfan\u0131z\u0131 g\u00fc\u00e7lendirin ve para kazan\u0131n.<\/p>\n<p>\u2705 Takip\u00e7i, izlenme, be\u011feni ve payla\u015f\u0131m say\u0131n\u0131z\u0131 art\u0131r\u0131n \u2013&gt; daha fazla viral potansiyel<br \/>\n\u2705 \u0130zleyicilerin videoyu sonuna kadar izlemesini ve hatta tekrar tekrar izlemesini sa\u011flay\u0131n \u2013&gt; algoritma bunu seviyor<br \/>\n\u2705 Daha fazla g\u00f6r\u00fcn\u00fcrl\u00fck \u2013&gt; daha y\u00fcksek d\u00f6n\u00fc\u015f\u00fcm oranlar\u0131 <\/p>\n<p>Bunu video senaryonuza ekleyin ve kendinizi ikna edin.<\/p>\n<p>\ud83c\udf81Bonus: \u201cViral \u0130\u00e7erik Kontrol Listesi\u201d \u2013 $18.99 de\u011ferinde<\/p>\n<p>\ud83d\udc49 Hepsi bir arada sosyal medya \u00f6nerileri mi istiyorsunuz? \u2013&gt; Di\u011fer \u00f6nerilerime g\u00f6z at\u0131n!<\/p>","protected":false},"excerpt":{"rendered":"<p>Boost and monetize your social media page by just using a scroll-stopper hook. \u2705 Increase your followers, views, likes and shares &#8211;> more viral potential \u2705 Make viewers watch to the end and even replay the video &#8211;> the algorithm likes this \u2705 Get more exposure &#8211;> higher conversions Place it in your video script [&hellip;]<\/p>\n","protected":false},"featured_media":27100,"comment_status":"open","ping_status":"closed","template":"","meta":[],"product_brand":[],"product_cat":[4096],"product_tag":[],"class_list":{"0":"post-27101","1":"product","2":"type-product","3":"status-publish","4":"has-post-thumbnail","6":"product_cat-customer-support-sales","8":"first","9":"instock","10":"downloadable","11":"virtual","12":"product-type-simple"},"bundled_by":[],"bundle_stock_status":"instock","bundle_stock_quantity":null,"bundle_virtual":false,"bundle_layout":"","bundle_add_to_cart_form_location":"","bundle_editable_in_cart":false,"bundle_sold_individually_context":"","bundle_item_grouping":"","bundle_min_size":"","bundle_max_size":"","bundle_price":[],"bundled_items":[],"bundle_sell_ids":[],"_links":{"self":[{"href":"https:\/\/logic-vault.com\/tr\/wp-json\/wp\/v2\/product\/27101","targetHints":{"allow":["GET"]}}],"collection":[{"href":"https:\/\/logic-vault.com\/tr\/wp-json\/wp\/v2\/product"}],"about":[{"href":"https:\/\/logic-vault.com\/tr\/wp-json\/wp\/v2\/types\/product"}],"replies":[{"embeddable":true,"href":"https:\/\/logic-vault.com\/tr\/wp-json\/wp\/v2\/comments?post=27101"}],"wp:featuredmedia":[{"embeddable":true,"href":"https:\/\/logic-vault.com\/tr\/wp-json\/wp\/v2\/media\/27100"}],"wp:attachment":[{"href":"https:\/\/logic-vault.com\/tr\/wp-json\/wp\/v2\/media?parent=27101"}],"wp:term":[{"taxonomy":"product_brand","embeddable":true,"href":"https:\/\/logic-vault.com\/tr\/wp-json\/wp\/v2\/product_brand?post=27101"},{"taxonomy":"product_cat","embeddable":true,"href":"https:\/\/logic-vault.com\/tr\/wp-json\/wp\/v2\/product_cat?post=27101"},{"taxonomy":"product_tag","embeddable":true,"href":"https:\/\/logic-vault.com\/tr\/wp-json\/wp\/v2\/product_tag?post=27101"}],"curies":[{"name":"wp","href":"https:\/\/api.w.org\/{rel}","templated":true}]}}