{"id":27099,"date":"2026-02-17T23:07:24","date_gmt":"2026-02-17T23:07:24","guid":{"rendered":"https:\/\/logic-vault.com\/product\/catchy-headlines-generator-for-social-me-2\/"},"modified":"2026-02-17T23:07:24","modified_gmt":"2026-02-17T23:07:24","slug":"catchy-headlines-generator-for-social-me-2","status":"publish","type":"product","link":"https:\/\/logic-vault.com\/tr\/urun\/catchy-headlines-generator-for-social-me-2\/","title":{"rendered":"Social Me i\u00e7in Ak\u0131lda Kal\u0131c\u0131 Ba\u015fl\u0131k Olu\u015fturucu"},"content":{"rendered":"<p>Dikkat \u00e7eken ve sayfay\u0131 kayd\u0131rmay\u0131 durduran ba\u015fl\u0131klar olu\u015fturun! \ud83d\udd25 G\u00f6nderinizi g\u00f6rmezden gelmeyi imkans\u0131z hale getirmek i\u00e7in merak uyand\u0131r\u0131c\u0131, duygusal, kelime oyunlu ve trend unsurlar ekleyin. \ud83d\ude80<\/p>","protected":false},"excerpt":{"rendered":"<p>Dikkat \u00e7eken ve sayfay\u0131 kayd\u0131rmay\u0131 durduran ba\u015fl\u0131klar olu\u015fturun! \ud83d\udd25 G\u00f6nderinizi g\u00f6rmezden gelmeyi imkans\u0131z hale getirmek i\u00e7in merak uyand\u0131r\u0131c\u0131, duygusal, kelime oyunlu ve trend unsurlar ekleyin. \ud83d\ude80<\/p>","protected":false},"featured_media":26862,"comment_status":"open","ping_status":"closed","template":"","meta":[],"product_brand":[],"product_cat":[4096],"product_tag":[],"class_list":{"0":"post-27099","1":"product","2":"type-product","3":"status-publish","4":"has-post-thumbnail","6":"product_cat-customer-support-sales","8":"first","9":"instock","10":"downloadable","11":"virtual","12":"product-type-simple"},"bundled_by":[],"bundle_stock_status":"instock","bundle_stock_quantity":null,"bundle_virtual":false,"bundle_layout":"","bundle_add_to_cart_form_location":"","bundle_editable_in_cart":false,"bundle_sold_individually_context":"","bundle_item_grouping":"","bundle_min_size":"","bundle_max_size":"","bundle_price":[],"bundled_items":[],"bundle_sell_ids":[],"_links":{"self":[{"href":"https:\/\/logic-vault.com\/tr\/wp-json\/wp\/v2\/product\/27099","targetHints":{"allow":["GET"]}}],"collection":[{"href":"https:\/\/logic-vault.com\/tr\/wp-json\/wp\/v2\/product"}],"about":[{"href":"https:\/\/logic-vault.com\/tr\/wp-json\/wp\/v2\/types\/product"}],"replies":[{"embeddable":true,"href":"https:\/\/logic-vault.com\/tr\/wp-json\/wp\/v2\/comments?post=27099"}],"wp:featuredmedia":[{"embeddable":true,"href":"https:\/\/logic-vault.com\/tr\/wp-json\/wp\/v2\/media\/26862"}],"wp:attachment":[{"href":"https:\/\/logic-vault.com\/tr\/wp-json\/wp\/v2\/media?parent=27099"}],"wp:term":[{"taxonomy":"product_brand","embeddable":true,"href":"https:\/\/logic-vault.com\/tr\/wp-json\/wp\/v2\/product_brand?post=27099"},{"taxonomy":"product_cat","embeddable":true,"href":"https:\/\/logic-vault.com\/tr\/wp-json\/wp\/v2\/product_cat?post=27099"},{"taxonomy":"product_tag","embeddable":true,"href":"https:\/\/logic-vault.com\/tr\/wp-json\/wp\/v2\/product_tag?post=27099"}],"curies":[{"name":"wp","href":"https:\/\/api.w.org\/{rel}","templated":true}]}}