{"id":27098,"date":"2026-02-17T23:07:24","date_gmt":"2026-02-17T23:07:24","guid":{"rendered":"https:\/\/logic-vault.com\/product\/seo-article-writer-1500-words-2\/"},"modified":"2026-02-17T23:07:24","modified_gmt":"2026-02-17T23:07:24","slug":"seo-article-writer-1500-words-2","status":"publish","type":"product","link":"https:\/\/logic-vault.com\/tr\/urun\/seo-article-writer-1500-words-2\/","title":{"rendered":"SEO Makale Yazar\u0131 (1500 Kelime)"},"content":{"rendered":"<p>SEO&#039;nun zahmetli i\u015flerine saatlerce zaman harcamay\u0131 b\u0131rak\u0131n! Profesyonelce tasarlanm\u0131\u015f bu komut, yay\u0131nlanmaya haz\u0131r SEO makaleleri olu\u015fturur ve bu makaleler \u015fu \u00f6zelliklere sahiptir:<br \/>\n\u2705 Anahtar kelimelerinizi m\u00fckemmel bir \u015fekilde yerle\u015ftirerek (birincil anahtar kelimeyi giri\u015f b\u00f6l\u00fcm\u00fcnde, ba\u015fl\u0131klarda ve meta a\u00e7\u0131klamas\u0131nda kullanarak) daha \u00fcst s\u0131ralarda yer al\u0131n.<br \/>\n\u2705 12 mant\u0131kl\u0131 ba\u015fl\u0131k, k\u0131sa paragraflar ve kullan\u0131c\u0131 odakl\u0131 3 SSS ile okuyucular\u0131n ilgisini \u00e7ekin.<br \/>\n\u2705 Stratejik i\u00e7 ba\u011flant\u0131lar arac\u0131l\u0131\u011f\u0131yla site otoritesini art\u0131r\u0131n (2 ba\u011flamsal ba\u011flant\u0131 dahil).<br \/>\n\u2705 4 de\u011fi\u015fkenli giri\u015f sistemiyle zamandan tasarruf edin\u2014konunuzu, anahtar kelimenizi ve ba\u011flant\u0131lar\u0131n\u0131z\u0131 girmeniz yeterli!<\/p>","protected":false},"excerpt":{"rendered":"<p>Stop wasting hours on SEO grunt work! This professionally engineered prompt generates ready-to-publish SEO articles that: \u2705 Rank higher with perfect keyword placement (primary keyword in intro, headings, and meta description). \u2705 Engage readers with 12 logical headings, short paragraphs, and 3 user-focused FAQs. \u2705 Boost site authority via strategic internal linking (2 contextual links [&hellip;]<\/p>\n","protected":false},"featured_media":26768,"comment_status":"open","ping_status":"closed","template":"","meta":[],"product_brand":[],"product_cat":[4096],"product_tag":[],"class_list":{"0":"post-27098","1":"product","2":"type-product","3":"status-publish","4":"has-post-thumbnail","6":"product_cat-customer-support-sales","8":"first","9":"instock","10":"downloadable","11":"virtual","12":"product-type-simple"},"bundled_by":[],"bundle_stock_status":"instock","bundle_stock_quantity":null,"bundle_virtual":false,"bundle_layout":"","bundle_add_to_cart_form_location":"","bundle_editable_in_cart":false,"bundle_sold_individually_context":"","bundle_item_grouping":"","bundle_min_size":"","bundle_max_size":"","bundle_price":[],"bundled_items":[],"bundle_sell_ids":[],"_links":{"self":[{"href":"https:\/\/logic-vault.com\/tr\/wp-json\/wp\/v2\/product\/27098","targetHints":{"allow":["GET"]}}],"collection":[{"href":"https:\/\/logic-vault.com\/tr\/wp-json\/wp\/v2\/product"}],"about":[{"href":"https:\/\/logic-vault.com\/tr\/wp-json\/wp\/v2\/types\/product"}],"replies":[{"embeddable":true,"href":"https:\/\/logic-vault.com\/tr\/wp-json\/wp\/v2\/comments?post=27098"}],"wp:featuredmedia":[{"embeddable":true,"href":"https:\/\/logic-vault.com\/tr\/wp-json\/wp\/v2\/media\/26768"}],"wp:attachment":[{"href":"https:\/\/logic-vault.com\/tr\/wp-json\/wp\/v2\/media?parent=27098"}],"wp:term":[{"taxonomy":"product_brand","embeddable":true,"href":"https:\/\/logic-vault.com\/tr\/wp-json\/wp\/v2\/product_brand?post=27098"},{"taxonomy":"product_cat","embeddable":true,"href":"https:\/\/logic-vault.com\/tr\/wp-json\/wp\/v2\/product_cat?post=27098"},{"taxonomy":"product_tag","embeddable":true,"href":"https:\/\/logic-vault.com\/tr\/wp-json\/wp\/v2\/product_tag?post=27098"}],"curies":[{"name":"wp","href":"https:\/\/api.w.org\/{rel}","templated":true}]}}