{"id":27095,"date":"2026-02-17T23:07:23","date_gmt":"2026-02-17T23:07:23","guid":{"rendered":"https:\/\/logic-vault.com\/product\/seo-keyword-research\/"},"modified":"2026-02-17T23:07:24","modified_gmt":"2026-02-17T23:07:24","slug":"seo-keyword-research","status":"publish","type":"product","link":"https:\/\/logic-vault.com\/tr\/urun\/seo-keyword-research\/","title":{"rendered":"SEO Anahtar Kelime Ara\u015ft\u0131rmas\u0131"},"content":{"rendered":"<p>\ud83d\ude80 Bu g\u00fc\u00e7l\u00fc anahtar kelime ara\u015ft\u0131rma komutuyla SEO kampanyan\u0131z\u0131 h\u0131zland\u0131r\u0131n!<\/p>\n<p>Bu Nihai SEO Anahtar Kelime Ara\u015ft\u0131rma K\u0131lavuzu, \u00f6zellikle Google aramas\u0131, bloglar, e-ticaret ve t\u0131klama ba\u015f\u0131na \u00f6deme reklamc\u0131l\u0131\u011f\u0131 i\u00e7in y\u00fcksek s\u0131ralamal\u0131, d\u00fc\u015f\u00fck rekabetli anahtar kelimeler olu\u015fturman\u0131za yard\u0131mc\u0131 olur. \u015eunlar\u0131 sunar:<\/p>","protected":false},"excerpt":{"rendered":"<p>\ud83d\ude80 Supercharge your SEO campaign with this robust keyword research prompt! This Ultimate SEO Keyword Research Prompt assists you in creating high-ranking, low-competition keywords specifically for Google search, blogs, e-commerce, and pay-per-click advertising. delivers:<\/p>","protected":false},"featured_media":27094,"comment_status":"open","ping_status":"closed","template":"","meta":[],"product_brand":[],"product_cat":[4096],"product_tag":[],"class_list":{"0":"post-27095","1":"product","2":"type-product","3":"status-publish","4":"has-post-thumbnail","6":"product_cat-customer-support-sales","8":"first","9":"instock","10":"downloadable","11":"virtual","12":"product-type-simple"},"bundled_by":[],"bundle_stock_status":"instock","bundle_stock_quantity":null,"bundle_virtual":false,"bundle_layout":"","bundle_add_to_cart_form_location":"","bundle_editable_in_cart":false,"bundle_sold_individually_context":"","bundle_item_grouping":"","bundle_min_size":"","bundle_max_size":"","bundle_price":[],"bundled_items":[],"bundle_sell_ids":[],"_links":{"self":[{"href":"https:\/\/logic-vault.com\/tr\/wp-json\/wp\/v2\/product\/27095","targetHints":{"allow":["GET"]}}],"collection":[{"href":"https:\/\/logic-vault.com\/tr\/wp-json\/wp\/v2\/product"}],"about":[{"href":"https:\/\/logic-vault.com\/tr\/wp-json\/wp\/v2\/types\/product"}],"replies":[{"embeddable":true,"href":"https:\/\/logic-vault.com\/tr\/wp-json\/wp\/v2\/comments?post=27095"}],"wp:featuredmedia":[{"embeddable":true,"href":"https:\/\/logic-vault.com\/tr\/wp-json\/wp\/v2\/media\/27094"}],"wp:attachment":[{"href":"https:\/\/logic-vault.com\/tr\/wp-json\/wp\/v2\/media?parent=27095"}],"wp:term":[{"taxonomy":"product_brand","embeddable":true,"href":"https:\/\/logic-vault.com\/tr\/wp-json\/wp\/v2\/product_brand?post=27095"},{"taxonomy":"product_cat","embeddable":true,"href":"https:\/\/logic-vault.com\/tr\/wp-json\/wp\/v2\/product_cat?post=27095"},{"taxonomy":"product_tag","embeddable":true,"href":"https:\/\/logic-vault.com\/tr\/wp-json\/wp\/v2\/product_tag?post=27095"}],"curies":[{"name":"wp","href":"https:\/\/api.w.org\/{rel}","templated":true}]}}