{"id":27093,"date":"2026-02-17T23:07:23","date_gmt":"2026-02-17T23:07:23","guid":{"rendered":"https:\/\/logic-vault.com\/product\/youtube-ranking-tools\/"},"modified":"2026-02-17T23:07:23","modified_gmt":"2026-02-17T23:07:23","slug":"youtube-ranking-tools","status":"publish","type":"product","link":"https:\/\/logic-vault.com\/tr\/urun\/youtube-ranking-tools\/","title":{"rendered":"YouTube S\u0131ralama Ara\u00e7lar\u0131"},"content":{"rendered":"<p>\u26a0\ufe0fBu, temel bir SEO komutu de\u011fildir.<\/p>\n<p>Hem yeni hem de eski videolar i\u00e7in m\u00fckemmel.<\/p>\n<p>\u0130\u015fte alacaklar\u0131n\u0131z:<\/p>\n<p>\u2705Hem YouTube hem de Google SEO anahtar kelimeleri<br \/>\n\u2705T\u0131klama Oran\u0131 (CTR) i\u00e7in Optimize Edilmi\u015f Ba\u015fl\u0131k<br \/>\n\u2705SEO Dostu A\u00e7\u0131klama<br \/>\n\u2705S\u0131ralama Etiketleri<br \/>\n\u2705Algoritma Tabanl\u0131 Hashtag&#039;ler<br \/>\n\u2705Etkile\u015fimli S\u00fcr\u00fc\u015f Yorumu<\/p>\n<p>Faydalar:<\/p>\n<p>\ud83d\udfe2Y\u00fcksek kaliteli g\u00f6r\u00fcnt\u00fcler elde edin<\/p>\n<p>\ud83d\udfe2Daha Y\u00fcksek S\u0131ralama ve Daha Fazla Trafik<\/p>\n<p>\ud83d\udfe2\u00d6nerilen Video Algoritmas\u0131n\u0131 G\u00fc\u00e7lendir<\/p>\n<p>\ud83d\udc49\u00c7ok say\u0131da ger\u00e7ek veriye dayanmaktad\u0131r.<\/p>\n<p>\ud83d\udc49Bir\u00e7ok ba\u015far\u0131l\u0131 YouTube kanal\u0131 taraf\u0131ndan kullan\u0131l\u0131yor.<\/p>\n<p>\ud83d\udcc8YouTube&#039;da hemen \u015fimdi sadece $3.99 kar\u015f\u0131l\u0131\u011f\u0131nda s\u0131ralaman\u0131z\u0131 y\u00fckseltin!<\/p>","protected":false},"excerpt":{"rendered":"<p>\u26a0\ufe0fThis is not a basic SEO prompt. Perfect for both new and old videos. Here\u2019s what you will get: \u2705Both YouTube and Google SEO keywords \u2705Optimized Title for CTR \u2705SEO-Friendly Description \u2705Ranking Tags \u2705Algorithmic-based Hashtags \u2705Engagement Driving Comment Benefits: \ud83d\udfe2Get high-quality views \ud83d\udfe2Higher Ranking &#038; More Traffic \ud83d\udfe2Boost Suggested Video Algorithm \ud83d\udc49Backed up by a [&hellip;]<\/p>\n","protected":false},"featured_media":27092,"comment_status":"open","ping_status":"closed","template":"","meta":[],"product_brand":[],"product_cat":[4096],"product_tag":[],"class_list":{"0":"post-27093","1":"product","2":"type-product","3":"status-publish","4":"has-post-thumbnail","6":"product_cat-customer-support-sales","8":"first","9":"instock","10":"downloadable","11":"virtual","12":"product-type-simple"},"bundled_by":[],"bundle_stock_status":"instock","bundle_stock_quantity":null,"bundle_virtual":false,"bundle_layout":"","bundle_add_to_cart_form_location":"","bundle_editable_in_cart":false,"bundle_sold_individually_context":"","bundle_item_grouping":"","bundle_min_size":"","bundle_max_size":"","bundle_price":[],"bundled_items":[],"bundle_sell_ids":[],"_links":{"self":[{"href":"https:\/\/logic-vault.com\/tr\/wp-json\/wp\/v2\/product\/27093","targetHints":{"allow":["GET"]}}],"collection":[{"href":"https:\/\/logic-vault.com\/tr\/wp-json\/wp\/v2\/product"}],"about":[{"href":"https:\/\/logic-vault.com\/tr\/wp-json\/wp\/v2\/types\/product"}],"replies":[{"embeddable":true,"href":"https:\/\/logic-vault.com\/tr\/wp-json\/wp\/v2\/comments?post=27093"}],"wp:featuredmedia":[{"embeddable":true,"href":"https:\/\/logic-vault.com\/tr\/wp-json\/wp\/v2\/media\/27092"}],"wp:attachment":[{"href":"https:\/\/logic-vault.com\/tr\/wp-json\/wp\/v2\/media?parent=27093"}],"wp:term":[{"taxonomy":"product_brand","embeddable":true,"href":"https:\/\/logic-vault.com\/tr\/wp-json\/wp\/v2\/product_brand?post=27093"},{"taxonomy":"product_cat","embeddable":true,"href":"https:\/\/logic-vault.com\/tr\/wp-json\/wp\/v2\/product_cat?post=27093"},{"taxonomy":"product_tag","embeddable":true,"href":"https:\/\/logic-vault.com\/tr\/wp-json\/wp\/v2\/product_tag?post=27093"}],"curies":[{"name":"wp","href":"https:\/\/api.w.org\/{rel}","templated":true}]}}