{"id":27091,"date":"2026-02-17T23:07:22","date_gmt":"2026-02-17T23:07:22","guid":{"rendered":"https:\/\/logic-vault.com\/product\/unlimited-words-unlocker-2\/"},"modified":"2026-02-17T23:07:23","modified_gmt":"2026-02-17T23:07:23","slug":"unlimited-words-unlocker-2","status":"publish","type":"product","link":"https:\/\/logic-vault.com\/tr\/urun\/unlimited-words-unlocker-2\/","title":{"rendered":"S\u0131n\u0131rs\u0131z Kelime Kilidini A\u00e7an"},"content":{"rendered":"<p>ChatGPT&#039;nin kelime s\u0131n\u0131r\u0131yla k\u0131s\u0131tlanmaktan b\u0131kt\u0131n\u0131z m\u0131? E\u011fer \u00f6yleyse, en iyi \u00e7\u00f6z\u00fcm\u00fc buldunuz!<\/p>\n<p>\u2705 ChatGPT kelime s\u0131n\u0131r\u0131n\u0131 a\u015f\u0131n<\/p>\n<p>\u2705 Her t\u00fcrl\u00fc metin i\u00e7in s\u0131n\u0131rs\u0131z kelime hakk\u0131 edinin: blog yaz\u0131lar\u0131, makaleler, denemeler, detayl\u0131 \u00f6yk\u00fcler, senaryolar vb.<\/p>\n<p>\u2705 Hem mevcut bir metne devam etmek hem de s\u0131f\u0131rdan metin yazmak i\u00e7in kullan\u0131labilir.<\/p>\n<p>\u2705 Ne zaman duraca\u011f\u0131n\u0131za siz karar verirsiniz, ChatGPT de\u011fil.<\/p>\n<p>\ud83d\udc49 Yard\u0131m dahildir.<\/p>\n<p>A\u015fa\u011f\u0131 kayd\u0131rarak 40% indiriminden yararlan\u0131n \u2193<\/p>","protected":false},"excerpt":{"rendered":"<p>Are you tired of being restricted by the ChatGPT word limit? If so, you just found the best solution! \u2705 Bypass ChatGPT word limit \u2705 Get unlimited words for any kind of text: blogs, articles, essays, detailed stories, scripts, etc. \u2705 Works for both continuing a text or writing a text from 0 \u2705 You [&hellip;]<\/p>\n","protected":false},"featured_media":26750,"comment_status":"open","ping_status":"closed","template":"","meta":[],"product_brand":[],"product_cat":[4096],"product_tag":[],"class_list":{"0":"post-27091","1":"product","2":"type-product","3":"status-publish","4":"has-post-thumbnail","6":"product_cat-customer-support-sales","8":"first","9":"instock","10":"downloadable","11":"virtual","12":"product-type-simple"},"bundled_by":[],"bundle_stock_status":"instock","bundle_stock_quantity":null,"bundle_virtual":false,"bundle_layout":"","bundle_add_to_cart_form_location":"","bundle_editable_in_cart":false,"bundle_sold_individually_context":"","bundle_item_grouping":"","bundle_min_size":"","bundle_max_size":"","bundle_price":[],"bundled_items":[],"bundle_sell_ids":[],"_links":{"self":[{"href":"https:\/\/logic-vault.com\/tr\/wp-json\/wp\/v2\/product\/27091","targetHints":{"allow":["GET"]}}],"collection":[{"href":"https:\/\/logic-vault.com\/tr\/wp-json\/wp\/v2\/product"}],"about":[{"href":"https:\/\/logic-vault.com\/tr\/wp-json\/wp\/v2\/types\/product"}],"replies":[{"embeddable":true,"href":"https:\/\/logic-vault.com\/tr\/wp-json\/wp\/v2\/comments?post=27091"}],"wp:featuredmedia":[{"embeddable":true,"href":"https:\/\/logic-vault.com\/tr\/wp-json\/wp\/v2\/media\/26750"}],"wp:attachment":[{"href":"https:\/\/logic-vault.com\/tr\/wp-json\/wp\/v2\/media?parent=27091"}],"wp:term":[{"taxonomy":"product_brand","embeddable":true,"href":"https:\/\/logic-vault.com\/tr\/wp-json\/wp\/v2\/product_brand?post=27091"},{"taxonomy":"product_cat","embeddable":true,"href":"https:\/\/logic-vault.com\/tr\/wp-json\/wp\/v2\/product_cat?post=27091"},{"taxonomy":"product_tag","embeddable":true,"href":"https:\/\/logic-vault.com\/tr\/wp-json\/wp\/v2\/product_tag?post=27091"}],"curies":[{"name":"wp","href":"https:\/\/api.w.org\/{rel}","templated":true}]}}