{"id":27090,"date":"2026-02-17T23:07:22","date_gmt":"2026-02-17T23:07:22","guid":{"rendered":"https:\/\/logic-vault.com\/product\/tiktok-complete-bundle\/"},"modified":"2026-02-17T23:07:22","modified_gmt":"2026-02-17T23:07:22","slug":"tiktok-complete-bundle","status":"publish","type":"product","link":"https:\/\/logic-vault.com\/tr\/urun\/tiktok-complete-bundle\/","title":{"rendered":"TikTok Tam Paket"},"content":{"rendered":"<p>\ud83d\ude80 Bu eksiksiz paketle TikTok performans\u0131n\u0131z\u0131 art\u0131r\u0131n!<\/p>\n<p>\u0130\u015fte size sunulacaklar:<\/p>\n<p>\u2705S\u00fcrekli kayd\u0131rmay\u0131 durduran giri\u015f<br \/>\n\u2705Y\u00fcksek kullan\u0131c\u0131 tutma oran\u0131na sahip komut dosyas\u0131<br \/>\n\u2705S\u00fcr\u00fckleyici senaryo<br \/>\n\u2705Optimize edilmi\u015f altyaz\u0131lar<br \/>\n\u2705Algoritma tabanl\u0131 hashtag&#039;ler<br \/>\n\u2705G\u00f6z al\u0131c\u0131 kapaklar<br \/>\n\u2705Alternatif reklam metni<br \/>\n\u2705Ni\u015finize uygun ortakl\u0131k pazarlama fikirleri<br \/>\n\u27057 g\u00fcnl\u00fck i\u00e7erik plan\u0131<br \/>\n\u2705Viral video fikirleri<br \/>\n\u2705Fyp garantisi<\/p>\n<p>\ud83c\udf81 Yorum b\u0131rak\u0131n ve bonus TikTok i\u00e7erik \u00f6nerisi kazan\u0131n! <\/p>\n<p>\ud83d\udc40 Bu aleti sat\u0131n ald\u0131ktan sonra sadece $5.99 kar\u015f\u0131l\u0131\u011f\u0131nda s\u0131n\u0131rs\u0131z say\u0131da \u00fcretim elde edeceksiniz!<\/p>\n<p>Hemen al\u0131n!<\/p>","protected":false},"excerpt":{"rendered":"<p>\ud83d\ude80 Boost your TikTok game with this complete bundle! Here\u2019s what YOU will get: \u2705Scroll-stopper intro \u2705High retention rate script \u2705Engaging script \u2705Optimized captions \u2705Algorithm based hashtags \u2705Eye-catching covers \u2705Alternative ad script \u2705Affiliate marketing ideas for your niche \u27057-day content plan \u2705Viral video ideas \u2705Fyp guarantee \ud83c\udf81 Leave a review and get a bonus TikTok [&hellip;]<\/p>\n","protected":false},"featured_media":27089,"comment_status":"open","ping_status":"closed","template":"","meta":[],"product_brand":[],"product_cat":[4096],"product_tag":[],"class_list":{"0":"post-27090","1":"product","2":"type-product","3":"status-publish","4":"has-post-thumbnail","6":"product_cat-customer-support-sales","8":"first","9":"instock","10":"downloadable","11":"virtual","12":"product-type-simple"},"bundled_by":[],"bundle_stock_status":"instock","bundle_stock_quantity":null,"bundle_virtual":false,"bundle_layout":"","bundle_add_to_cart_form_location":"","bundle_editable_in_cart":false,"bundle_sold_individually_context":"","bundle_item_grouping":"","bundle_min_size":"","bundle_max_size":"","bundle_price":[],"bundled_items":[],"bundle_sell_ids":[],"_links":{"self":[{"href":"https:\/\/logic-vault.com\/tr\/wp-json\/wp\/v2\/product\/27090","targetHints":{"allow":["GET"]}}],"collection":[{"href":"https:\/\/logic-vault.com\/tr\/wp-json\/wp\/v2\/product"}],"about":[{"href":"https:\/\/logic-vault.com\/tr\/wp-json\/wp\/v2\/types\/product"}],"replies":[{"embeddable":true,"href":"https:\/\/logic-vault.com\/tr\/wp-json\/wp\/v2\/comments?post=27090"}],"wp:featuredmedia":[{"embeddable":true,"href":"https:\/\/logic-vault.com\/tr\/wp-json\/wp\/v2\/media\/27089"}],"wp:attachment":[{"href":"https:\/\/logic-vault.com\/tr\/wp-json\/wp\/v2\/media?parent=27090"}],"wp:term":[{"taxonomy":"product_brand","embeddable":true,"href":"https:\/\/logic-vault.com\/tr\/wp-json\/wp\/v2\/product_brand?post=27090"},{"taxonomy":"product_cat","embeddable":true,"href":"https:\/\/logic-vault.com\/tr\/wp-json\/wp\/v2\/product_cat?post=27090"},{"taxonomy":"product_tag","embeddable":true,"href":"https:\/\/logic-vault.com\/tr\/wp-json\/wp\/v2\/product_tag?post=27090"}],"curies":[{"name":"wp","href":"https:\/\/api.w.org\/{rel}","templated":true}]}}