{"id":27088,"date":"2026-02-17T23:07:22","date_gmt":"2026-02-17T23:07:22","guid":{"rendered":"https:\/\/logic-vault.com\/product\/all-in-one-marketing\/"},"modified":"2026-02-17T23:07:22","modified_gmt":"2026-02-17T23:07:22","slug":"all-in-one-marketing","status":"publish","type":"product","link":"https:\/\/logic-vault.com\/tr\/urun\/all-in-one-marketing\/","title":{"rendered":"Hepsi Bir Arada Pazarlama"},"content":{"rendered":"<p>G\u00fc\u00e7l\u00fc ve etkili pazarlama i\u00e7in her \u015feyi bir arada sunan nihai \u00e7\u00f6z\u00fcm:<\/p>\n<p>\ud83e\udde0 Hedef kitlenizi belirler ve ihtiya\u00e7lar\u0131n\u0131 analiz eder.<\/p>\n<p>\ud83d\udd25 D\u00f6n\u00fc\u015f\u00fcmleri art\u0131rmak i\u00e7in ikna edici metinler olu\u015fturur.<\/p>\n<p>\u270f\ufe0f \u0130lgi \u00e7ekici reklam senaryolar\u0131 olu\u015fturur<\/p>\n<p>\u2709\ufe0f Sat\u0131\u015flar\u0131 art\u0131rmak i\u00e7in hedefli bir e-posta pazarlama kampanyas\u0131 olu\u015fturur.<\/p>\n<p>\ud83d\udcf1 \u00dcr\u00fcn tan\u0131t\u0131m\u0131 i\u00e7in ideal influencer&#039;lardan olu\u015fan bir liste derler.<\/p>\n<p>\ud83d\udccb Temel SEO anahtar kelimelerini sa\u011flar<\/p>\n<p>\u231b Saatlerce s\u00fcren \u00e7al\u0131\u015fmay\u0131 dakikalara d\u00f6n\u00fc\u015ft\u00fcr\u00fcr<\/p>\n<p>\ud83d\udcb0 Uygun fiyatl\u0131 hepsi bir arada alet<\/p>\n<p>\u2705 A\u00e7\u0131k, kapsaml\u0131, kullan\u0131m\u0131 kolay<\/p>","protected":false},"excerpt":{"rendered":"<p>The ultimate all-in-one prompt for powerful and effective marketing: \ud83e\udde0 Identifies your target audience and analyses their needs \ud83d\udd25 Creates persuasive copy to boost conversions \u270f\ufe0f Generates engaging ad scripts \u2709\ufe0f Builds a targeted email marketing campaign to drive sales \ud83d\udcf1 Curates a list of influencers ideal for product promotion \ud83d\udccb Supplies key SEO keywords [&hellip;]<\/p>\n","protected":false},"featured_media":27087,"comment_status":"open","ping_status":"closed","template":"","meta":[],"product_brand":[],"product_cat":[4096],"product_tag":[],"class_list":{"0":"post-27088","1":"product","2":"type-product","3":"status-publish","4":"has-post-thumbnail","6":"product_cat-customer-support-sales","8":"first","9":"instock","10":"downloadable","11":"virtual","12":"product-type-simple"},"bundled_by":[],"bundle_stock_status":"instock","bundle_stock_quantity":null,"bundle_virtual":false,"bundle_layout":"","bundle_add_to_cart_form_location":"","bundle_editable_in_cart":false,"bundle_sold_individually_context":"","bundle_item_grouping":"","bundle_min_size":"","bundle_max_size":"","bundle_price":[],"bundled_items":[],"bundle_sell_ids":[],"_links":{"self":[{"href":"https:\/\/logic-vault.com\/tr\/wp-json\/wp\/v2\/product\/27088","targetHints":{"allow":["GET"]}}],"collection":[{"href":"https:\/\/logic-vault.com\/tr\/wp-json\/wp\/v2\/product"}],"about":[{"href":"https:\/\/logic-vault.com\/tr\/wp-json\/wp\/v2\/types\/product"}],"replies":[{"embeddable":true,"href":"https:\/\/logic-vault.com\/tr\/wp-json\/wp\/v2\/comments?post=27088"}],"wp:featuredmedia":[{"embeddable":true,"href":"https:\/\/logic-vault.com\/tr\/wp-json\/wp\/v2\/media\/27087"}],"wp:attachment":[{"href":"https:\/\/logic-vault.com\/tr\/wp-json\/wp\/v2\/media?parent=27088"}],"wp:term":[{"taxonomy":"product_brand","embeddable":true,"href":"https:\/\/logic-vault.com\/tr\/wp-json\/wp\/v2\/product_brand?post=27088"},{"taxonomy":"product_cat","embeddable":true,"href":"https:\/\/logic-vault.com\/tr\/wp-json\/wp\/v2\/product_cat?post=27088"},{"taxonomy":"product_tag","embeddable":true,"href":"https:\/\/logic-vault.com\/tr\/wp-json\/wp\/v2\/product_tag?post=27088"}],"curies":[{"name":"wp","href":"https:\/\/api.w.org\/{rel}","templated":true}]}}