{"id":27085,"date":"2026-02-17T23:07:21","date_gmt":"2026-02-17T23:07:21","guid":{"rendered":"https:\/\/logic-vault.com\/product\/top-1-article-generator-2\/"},"modified":"2026-02-17T23:07:21","modified_gmt":"2026-02-17T23:07:21","slug":"top-1-article-generator-2","status":"publish","type":"product","link":"https:\/\/logic-vault.com\/tr\/urun\/top-1-article-generator-2\/","title":{"rendered":"En \u0130yi 1 Makale Olu\u015fturucu"},"content":{"rendered":"<p>\ud83d\udd25En \u0130yi 11 Makale\/Blog Yaz\u0131s\u0131 i\u00e7in ihtiyac\u0131n\u0131z olabilecek her \u015fey.<\/p>\n<p>\u2705Geli\u015fmi\u015f \u0130nsan Benzeri Yaz\u0131m<br \/>\n\u2705Otonom Hedef Kitle Bulucu (terimler, anahtar kelimeler vb.)<br \/>\n\u2705Tam SEO Paketi (meta etiketler, ba\u011flant\u0131lar, ba\u015fl\u0131klar, do\u011fal olarak yerle\u015ftirilmi\u015f anahtar kelimeler vb.)<br \/>\n\u2705Merkez Ofis SSS<br \/>\n\u2705Sayfa Y\u00fckleme Optimizasyonu<\/p>\n<p>\u2b50\ufe0fT\u00fcm bunlara tek bir t\u0131klamayla ula\u015fabilirsiniz.<\/p>\n<p>\ud83c\udf81Yorum b\u0131rak\u0131n ve bonus bir ipucu kazan\u0131n.<\/p>\n<p>\ud83d\udc49Gelecek g\u00fcncellemeler i\u00e7in \u00f6nerilerde de bulunabilirsiniz.<\/p>","protected":false},"excerpt":{"rendered":"<p>\ud83d\udd25All you\u2019ll possibly need for a TOP 1% Article\/Blog Post. \u2705Advanced Human Like Writing \u2705Autonomous Target Audience Finder (terms, keywords, etc.) \u2705Full SEO Pack (meta tags, links, headings, naturally implemented keywords, etc.) \u2705Hq FAQ \u2705Page Load Optimization \u2b50\ufe0fAll of this from one click distance. \ud83c\udf81Leave a review and get a bonus prompt. \ud83d\udc49You can also [&hellip;]<\/p>\n","protected":false},"featured_media":26744,"comment_status":"open","ping_status":"closed","template":"","meta":[],"product_brand":[],"product_cat":[4096],"product_tag":[],"class_list":{"0":"post-27085","1":"product","2":"type-product","3":"status-publish","4":"has-post-thumbnail","6":"product_cat-customer-support-sales","8":"first","9":"instock","10":"downloadable","11":"virtual","12":"product-type-simple"},"bundled_by":[],"bundle_stock_status":"instock","bundle_stock_quantity":null,"bundle_virtual":false,"bundle_layout":"","bundle_add_to_cart_form_location":"","bundle_editable_in_cart":false,"bundle_sold_individually_context":"","bundle_item_grouping":"","bundle_min_size":"","bundle_max_size":"","bundle_price":[],"bundled_items":[],"bundle_sell_ids":[],"_links":{"self":[{"href":"https:\/\/logic-vault.com\/tr\/wp-json\/wp\/v2\/product\/27085","targetHints":{"allow":["GET"]}}],"collection":[{"href":"https:\/\/logic-vault.com\/tr\/wp-json\/wp\/v2\/product"}],"about":[{"href":"https:\/\/logic-vault.com\/tr\/wp-json\/wp\/v2\/types\/product"}],"replies":[{"embeddable":true,"href":"https:\/\/logic-vault.com\/tr\/wp-json\/wp\/v2\/comments?post=27085"}],"wp:featuredmedia":[{"embeddable":true,"href":"https:\/\/logic-vault.com\/tr\/wp-json\/wp\/v2\/media\/26744"}],"wp:attachment":[{"href":"https:\/\/logic-vault.com\/tr\/wp-json\/wp\/v2\/media?parent=27085"}],"wp:term":[{"taxonomy":"product_brand","embeddable":true,"href":"https:\/\/logic-vault.com\/tr\/wp-json\/wp\/v2\/product_brand?post=27085"},{"taxonomy":"product_cat","embeddable":true,"href":"https:\/\/logic-vault.com\/tr\/wp-json\/wp\/v2\/product_cat?post=27085"},{"taxonomy":"product_tag","embeddable":true,"href":"https:\/\/logic-vault.com\/tr\/wp-json\/wp\/v2\/product_tag?post=27085"}],"curies":[{"name":"wp","href":"https:\/\/api.w.org\/{rel}","templated":true}]}}