{"id":27084,"date":"2026-02-17T23:07:21","date_gmt":"2026-02-17T23:07:21","guid":{"rendered":"https:\/\/logic-vault.com\/product\/youtube-complete-bundle\/"},"modified":"2026-02-17T23:07:21","modified_gmt":"2026-02-17T23:07:21","slug":"youtube-complete-bundle","status":"publish","type":"product","link":"https:\/\/logic-vault.com\/tr\/urun\/youtube-complete-bundle\/","title":{"rendered":"YouTube Tam Paket"},"content":{"rendered":"<p>\ud83d\ude80 Eksiksiz paketimizle YouTube performans\u0131n\u0131z\u0131 art\u0131r\u0131n!<\/p>\n<p>\u0130\u015fte alacaklar\u0131n\u0131z:<br \/>\n\u2705Dikkat \u00e7ekici YouTube giri\u015f videosu<br \/>\n\u2705Y\u00fcksek \u00e7al\u0131\u015fan ba\u011fl\u0131l\u0131\u011f\u0131 oran\u0131<br \/>\n\u2705CTA kapan\u0131\u015f\u0131 + di\u011fer videolara otomatik ba\u011flant\u0131<br \/>\n\u2705SEO etiketleri ve hashtag&#039;ler<br \/>\n\u2705SEO a\u00e7\u0131klamas\u0131 + zaman damgalar\u0131 + ortakl\u0131k ba\u011flant\u0131lar\u0131<br \/>\n\u2705Ba\u015fl\u0131\u011f\u0131n\u0131z\u0131n t\u0131klama tuza\u011f\u0131 varyasyonlar\u0131<br \/>\n\u2705G\u00f6rsel olu\u015fturmaya haz\u0131r k\u00fc\u00e7\u00fck resim fikirleri<br \/>\n\u2705K\u0131sa yaz\u0131 tipi varyasyonu<br \/>\n\u2705Ni\u015finizde hakimiyet kurmak i\u00e7in ipu\u00e7lar\u0131<br \/>\n\u2705Videoyu tan\u0131tmak i\u00e7in sosyal medya payla\u015f\u0131mlar\u0131 <\/p>\n<p>\ud83c\udf81 Bir yorum b\u0131rak\u0131n ve bu soruyla uyumlu bonus bir soru kazan\u0131n!<\/p>","protected":false},"excerpt":{"rendered":"<p>\ud83d\ude80 Boost your YouTube game with our complete bundle! Here\u2019s what you will get: \u2705Hooking YouTube intro \u2705High retention rate middle \u2705CTA outro + automatically link other videos \u2705SEO tags and hashtags \u2705SEO description + timestamps + affiliate links \u2705Clickbait variations of your title \u2705Thumbnail ideas ready for image generation \u2705Short-form script variation \u2705Tips to [&hellip;]<\/p>\n","protected":false},"featured_media":27083,"comment_status":"open","ping_status":"closed","template":"","meta":[],"product_brand":[],"product_cat":[4096],"product_tag":[],"class_list":{"0":"post-27084","1":"product","2":"type-product","3":"status-publish","4":"has-post-thumbnail","6":"product_cat-customer-support-sales","8":"first","9":"instock","10":"downloadable","11":"virtual","12":"product-type-simple"},"bundled_by":[],"bundle_stock_status":"instock","bundle_stock_quantity":null,"bundle_virtual":false,"bundle_layout":"","bundle_add_to_cart_form_location":"","bundle_editable_in_cart":false,"bundle_sold_individually_context":"","bundle_item_grouping":"","bundle_min_size":"","bundle_max_size":"","bundle_price":[],"bundled_items":[],"bundle_sell_ids":[],"_links":{"self":[{"href":"https:\/\/logic-vault.com\/tr\/wp-json\/wp\/v2\/product\/27084","targetHints":{"allow":["GET"]}}],"collection":[{"href":"https:\/\/logic-vault.com\/tr\/wp-json\/wp\/v2\/product"}],"about":[{"href":"https:\/\/logic-vault.com\/tr\/wp-json\/wp\/v2\/types\/product"}],"replies":[{"embeddable":true,"href":"https:\/\/logic-vault.com\/tr\/wp-json\/wp\/v2\/comments?post=27084"}],"wp:featuredmedia":[{"embeddable":true,"href":"https:\/\/logic-vault.com\/tr\/wp-json\/wp\/v2\/media\/27083"}],"wp:attachment":[{"href":"https:\/\/logic-vault.com\/tr\/wp-json\/wp\/v2\/media?parent=27084"}],"wp:term":[{"taxonomy":"product_brand","embeddable":true,"href":"https:\/\/logic-vault.com\/tr\/wp-json\/wp\/v2\/product_brand?post=27084"},{"taxonomy":"product_cat","embeddable":true,"href":"https:\/\/logic-vault.com\/tr\/wp-json\/wp\/v2\/product_cat?post=27084"},{"taxonomy":"product_tag","embeddable":true,"href":"https:\/\/logic-vault.com\/tr\/wp-json\/wp\/v2\/product_tag?post=27084"}],"curies":[{"name":"wp","href":"https:\/\/api.w.org\/{rel}","templated":true}]}}