{"id":27082,"date":"2026-02-17T23:07:18","date_gmt":"2026-02-17T23:07:18","guid":{"rendered":"https:\/\/logic-vault.com\/product\/plan-to-improve-your-finances\/"},"modified":"2026-02-17T23:07:18","modified_gmt":"2026-02-17T23:07:18","slug":"plan-to-improve-your-finances","status":"publish","type":"product","link":"https:\/\/logic-vault.com\/tr\/urun\/plan-to-improve-your-finances\/","title":{"rendered":"Mali durumunuzu iyile\u015ftirmek i\u00e7in bir plan yap\u0131n."},"content":{"rendered":"<p>Bu k\u0131lavuz, gelirinizi ve \u00f6zel hedeflerinizi de dahil ederek, daha finansal olarak sorumlu bir ki\u015fisel finans plan\u0131 geli\u015ftirmenize yard\u0131mc\u0131 olacak net ve kapsaml\u0131 bir rehber sunmaktad\u0131r.<\/p>","protected":false},"excerpt":{"rendered":"<p>Bu k\u0131lavuz, gelirinizi ve \u00f6zel hedeflerinizi de dahil ederek, daha finansal olarak sorumlu bir ki\u015fisel finans plan\u0131 geli\u015ftirmenize yard\u0131mc\u0131 olacak net ve kapsaml\u0131 bir rehber sunmaktad\u0131r.<\/p>","protected":false},"featured_media":27081,"comment_status":"open","ping_status":"closed","template":"","meta":[],"product_brand":[],"product_cat":[4098],"product_tag":[],"class_list":{"0":"post-27082","1":"product","2":"type-product","3":"status-publish","4":"has-post-thumbnail","6":"product_cat-education-learning","8":"first","9":"instock","10":"downloadable","11":"virtual","12":"product-type-simple"},"bundled_by":["27554"],"bundle_stock_status":"instock","bundle_stock_quantity":null,"bundle_virtual":false,"bundle_layout":"","bundle_add_to_cart_form_location":"","bundle_editable_in_cart":false,"bundle_sold_individually_context":"","bundle_item_grouping":"","bundle_min_size":"","bundle_max_size":"","bundle_price":[],"bundled_items":[],"bundle_sell_ids":[],"_links":{"self":[{"href":"https:\/\/logic-vault.com\/tr\/wp-json\/wp\/v2\/product\/27082","targetHints":{"allow":["GET"]}}],"collection":[{"href":"https:\/\/logic-vault.com\/tr\/wp-json\/wp\/v2\/product"}],"about":[{"href":"https:\/\/logic-vault.com\/tr\/wp-json\/wp\/v2\/types\/product"}],"replies":[{"embeddable":true,"href":"https:\/\/logic-vault.com\/tr\/wp-json\/wp\/v2\/comments?post=27082"}],"wp:featuredmedia":[{"embeddable":true,"href":"https:\/\/logic-vault.com\/tr\/wp-json\/wp\/v2\/media\/27081"}],"wp:attachment":[{"href":"https:\/\/logic-vault.com\/tr\/wp-json\/wp\/v2\/media?parent=27082"}],"wp:term":[{"taxonomy":"product_brand","embeddable":true,"href":"https:\/\/logic-vault.com\/tr\/wp-json\/wp\/v2\/product_brand?post=27082"},{"taxonomy":"product_cat","embeddable":true,"href":"https:\/\/logic-vault.com\/tr\/wp-json\/wp\/v2\/product_cat?post=27082"},{"taxonomy":"product_tag","embeddable":true,"href":"https:\/\/logic-vault.com\/tr\/wp-json\/wp\/v2\/product_tag?post=27082"}],"curies":[{"name":"wp","href":"https:\/\/api.w.org\/{rel}","templated":true}]}}