{"id":27080,"date":"2026-02-17T23:07:17","date_gmt":"2026-02-17T23:07:17","guid":{"rendered":"https:\/\/logic-vault.com\/product\/predicting-future-price-direction\/"},"modified":"2026-02-17T23:07:17","modified_gmt":"2026-02-17T23:07:17","slug":"predicting-future-price-direction","status":"publish","type":"product","link":"https:\/\/logic-vault.com\/tr\/urun\/predicting-future-price-direction\/","title":{"rendered":"Gelecekteki Fiyat Y\u00f6n\u00fcn\u00fc Tahmin Etmek"},"content":{"rendered":"<p>This prompt serves as a guide for conducting a detailed technical analysis of a specified company&#8217;s stock price. It outlines the steps and tools required to predict the stock&#8217;s future price direction. The primary goal is to predict the short-term price direction (1\u20132 weeks) of a specific stock using well-defined technical analysis tools and methods.<\/p>","protected":false},"excerpt":{"rendered":"<p>This prompt serves as a guide for conducting a detailed technical analysis of a specified company&#8217;s stock price. It outlines the steps and tools required to predict the stock&#8217;s future price direction. The primary goal is to predict the short-term price direction (1\u20132 weeks) of a specific stock using well-defined technical analysis tools and methods.<\/p>","protected":false},"featured_media":27079,"comment_status":"open","ping_status":"closed","template":"","meta":[],"product_brand":[],"product_cat":[4098],"product_tag":[],"class_list":{"0":"post-27080","1":"product","2":"type-product","3":"status-publish","4":"has-post-thumbnail","6":"product_cat-education-learning","8":"first","9":"instock","10":"downloadable","11":"virtual","12":"product-type-simple"},"bundled_by":[],"bundle_stock_status":"instock","bundle_stock_quantity":null,"bundle_virtual":false,"bundle_layout":"","bundle_add_to_cart_form_location":"","bundle_editable_in_cart":false,"bundle_sold_individually_context":"","bundle_item_grouping":"","bundle_min_size":"","bundle_max_size":"","bundle_price":[],"bundled_items":[],"bundle_sell_ids":[],"_links":{"self":[{"href":"https:\/\/logic-vault.com\/tr\/wp-json\/wp\/v2\/product\/27080","targetHints":{"allow":["GET"]}}],"collection":[{"href":"https:\/\/logic-vault.com\/tr\/wp-json\/wp\/v2\/product"}],"about":[{"href":"https:\/\/logic-vault.com\/tr\/wp-json\/wp\/v2\/types\/product"}],"replies":[{"embeddable":true,"href":"https:\/\/logic-vault.com\/tr\/wp-json\/wp\/v2\/comments?post=27080"}],"wp:featuredmedia":[{"embeddable":true,"href":"https:\/\/logic-vault.com\/tr\/wp-json\/wp\/v2\/media\/27079"}],"wp:attachment":[{"href":"https:\/\/logic-vault.com\/tr\/wp-json\/wp\/v2\/media?parent=27080"}],"wp:term":[{"taxonomy":"product_brand","embeddable":true,"href":"https:\/\/logic-vault.com\/tr\/wp-json\/wp\/v2\/product_brand?post=27080"},{"taxonomy":"product_cat","embeddable":true,"href":"https:\/\/logic-vault.com\/tr\/wp-json\/wp\/v2\/product_cat?post=27080"},{"taxonomy":"product_tag","embeddable":true,"href":"https:\/\/logic-vault.com\/tr\/wp-json\/wp\/v2\/product_tag?post=27080"}],"curies":[{"name":"wp","href":"https:\/\/api.w.org\/{rel}","templated":true}]}}