{"id":27078,"date":"2026-02-17T23:07:17","date_gmt":"2026-02-17T23:07:17","guid":{"rendered":"https:\/\/logic-vault.com\/product\/create-product-development-roadmap\/"},"modified":"2026-02-17T23:07:17","modified_gmt":"2026-02-17T23:07:17","slug":"create-product-development-roadmap","status":"publish","type":"product","link":"https:\/\/logic-vault.com\/tr\/urun\/create-product-development-roadmap\/","title":{"rendered":"\u00dcr\u00fcn Geli\u015ftirme Yol Haritas\u0131 Olu\u015fturma"},"content":{"rendered":"<p>ChatGPT komutunu kullanarak, proje y\u00f6netiminizi kolayla\u015ft\u0131rmak ve zaman\u0131nda teslimat\u0131 sa\u011flamak i\u00e7in net a\u015famalar, zaman \u00e7izelgeleri ve kilometre ta\u015flar\u0131 i\u00e7eren kapsaml\u0131 bir \u00fcr\u00fcn geli\u015ftirme yol haritas\u0131 olu\u015fturun.<\/p>","protected":false},"excerpt":{"rendered":"<p>ChatGPT komutunu kullanarak, proje y\u00f6netiminizi kolayla\u015ft\u0131rmak ve zaman\u0131nda teslimat\u0131 sa\u011flamak i\u00e7in net a\u015famalar, zaman \u00e7izelgeleri ve kilometre ta\u015flar\u0131 i\u00e7eren kapsaml\u0131 bir \u00fcr\u00fcn geli\u015ftirme yol haritas\u0131 olu\u015fturun.<\/p>","protected":false},"featured_media":27077,"comment_status":"open","ping_status":"closed","template":"","meta":[],"product_brand":[],"product_cat":[4098],"product_tag":[],"class_list":{"0":"post-27078","1":"product","2":"type-product","3":"status-publish","4":"has-post-thumbnail","6":"product_cat-education-learning","8":"first","9":"instock","10":"downloadable","11":"virtual","12":"product-type-simple"},"bundled_by":["27554"],"bundle_stock_status":"instock","bundle_stock_quantity":null,"bundle_virtual":false,"bundle_layout":"","bundle_add_to_cart_form_location":"","bundle_editable_in_cart":false,"bundle_sold_individually_context":"","bundle_item_grouping":"","bundle_min_size":"","bundle_max_size":"","bundle_price":[],"bundled_items":[],"bundle_sell_ids":[],"_links":{"self":[{"href":"https:\/\/logic-vault.com\/tr\/wp-json\/wp\/v2\/product\/27078","targetHints":{"allow":["GET"]}}],"collection":[{"href":"https:\/\/logic-vault.com\/tr\/wp-json\/wp\/v2\/product"}],"about":[{"href":"https:\/\/logic-vault.com\/tr\/wp-json\/wp\/v2\/types\/product"}],"replies":[{"embeddable":true,"href":"https:\/\/logic-vault.com\/tr\/wp-json\/wp\/v2\/comments?post=27078"}],"wp:featuredmedia":[{"embeddable":true,"href":"https:\/\/logic-vault.com\/tr\/wp-json\/wp\/v2\/media\/27077"}],"wp:attachment":[{"href":"https:\/\/logic-vault.com\/tr\/wp-json\/wp\/v2\/media?parent=27078"}],"wp:term":[{"taxonomy":"product_brand","embeddable":true,"href":"https:\/\/logic-vault.com\/tr\/wp-json\/wp\/v2\/product_brand?post=27078"},{"taxonomy":"product_cat","embeddable":true,"href":"https:\/\/logic-vault.com\/tr\/wp-json\/wp\/v2\/product_cat?post=27078"},{"taxonomy":"product_tag","embeddable":true,"href":"https:\/\/logic-vault.com\/tr\/wp-json\/wp\/v2\/product_tag?post=27078"}],"curies":[{"name":"wp","href":"https:\/\/api.w.org\/{rel}","templated":true}]}}