{"id":27076,"date":"2026-02-17T23:07:17","date_gmt":"2026-02-17T23:07:17","guid":{"rendered":"https:\/\/logic-vault.com\/product\/saas-kpi-dashboard-generators\/"},"modified":"2026-02-17T23:07:17","modified_gmt":"2026-02-17T23:07:17","slug":"saas-kpi-dashboard-generators","status":"publish","type":"product","link":"https:\/\/logic-vault.com\/tr\/urun\/saas-kpi-dashboard-generators\/","title":{"rendered":"Saas KPI G\u00f6sterge Paneli Olu\u015fturucular\u0131"},"content":{"rendered":"<p>SaaS performans\u0131n\u0131za dair net bir g\u00f6r\u00fcn\u00fcm m\u00fc istiyorsunuz? Bu komut, MRR, m\u00fc\u015fteri kayb\u0131 oran\u0131, CAC, LTV ve daha fazlas\u0131 gibi t\u00fcm temel metrikleri i\u00e7eren eksiksiz bir KPI g\u00f6sterge paneli \u015fablonu olu\u015fturman\u0131za yard\u0131mc\u0131 olur; kurucular, yat\u0131r\u0131mc\u0131lar veya ayl\u0131k raporlama i\u00e7in m\u00fckemmeldir.<br \/>\n\ud83d\udcca Al\u0131c\u0131lara \u015fu konularda yard\u0131m sa\u011flanacakt\u0131r:<br \/>\n\u2705Notion, Excel veya Google Sheets i\u00e7in \u00f6nceden olu\u015fturulmu\u015f KPI g\u00f6sterge paneli yap\u0131s\u0131<br \/>\n\u2705Her bir \u00f6l\u00e7\u00fct i\u00e7in tan\u0131mlar ve form\u00fcller (Ayl\u0131k Yinelenen Gelir (MRR), M\u00fc\u015fteri Ya\u015fam Boyu De\u011feri (LTV), M\u00fc\u015fteri Edinme Maliyeti (CAC), M\u00fc\u015fteri Kayb\u0131 Oran\u0131 (Churn) vb.)<br \/>\n\u2705\u00d6rnek veri ve d\u00fczen \u00f6nerileri<br \/>\n\u2705B\u00fcy\u00fcme i\u00e7g\u00f6r\u00fcleri ve her bir \u00f6l\u00e7\u00fct\u00fc nas\u0131l iyile\u015ftirebilece\u011finiz<br \/>\n\u26a1\u015eimdi Kullan\u0131n<\/p>","protected":false},"excerpt":{"rendered":"<p>Need a clear view of your SaaS performance? This prompt helps you generate a full KPI dashboard template including all essential metrics like MRR, churn rate, CAC, LTV, and more \u2014 perfect for founders, investors, or monthly reporting. \ud83d\udcca Buyers will get help with: \u2705Pre-built KPI dashboard structure for Notion, Excel, or Google Sheets \u2705Definitions [&hellip;]<\/p>\n","protected":false},"featured_media":27075,"comment_status":"open","ping_status":"closed","template":"","meta":[],"product_brand":[],"product_cat":[4098],"product_tag":[],"class_list":{"0":"post-27076","1":"product","2":"type-product","3":"status-publish","4":"has-post-thumbnail","6":"product_cat-education-learning","8":"first","9":"instock","10":"downloadable","11":"virtual","12":"product-type-simple"},"bundled_by":["27554"],"bundle_stock_status":"instock","bundle_stock_quantity":null,"bundle_virtual":false,"bundle_layout":"","bundle_add_to_cart_form_location":"","bundle_editable_in_cart":false,"bundle_sold_individually_context":"","bundle_item_grouping":"","bundle_min_size":"","bundle_max_size":"","bundle_price":[],"bundled_items":[],"bundle_sell_ids":[],"_links":{"self":[{"href":"https:\/\/logic-vault.com\/tr\/wp-json\/wp\/v2\/product\/27076","targetHints":{"allow":["GET"]}}],"collection":[{"href":"https:\/\/logic-vault.com\/tr\/wp-json\/wp\/v2\/product"}],"about":[{"href":"https:\/\/logic-vault.com\/tr\/wp-json\/wp\/v2\/types\/product"}],"replies":[{"embeddable":true,"href":"https:\/\/logic-vault.com\/tr\/wp-json\/wp\/v2\/comments?post=27076"}],"wp:featuredmedia":[{"embeddable":true,"href":"https:\/\/logic-vault.com\/tr\/wp-json\/wp\/v2\/media\/27075"}],"wp:attachment":[{"href":"https:\/\/logic-vault.com\/tr\/wp-json\/wp\/v2\/media?parent=27076"}],"wp:term":[{"taxonomy":"product_brand","embeddable":true,"href":"https:\/\/logic-vault.com\/tr\/wp-json\/wp\/v2\/product_brand?post=27076"},{"taxonomy":"product_cat","embeddable":true,"href":"https:\/\/logic-vault.com\/tr\/wp-json\/wp\/v2\/product_cat?post=27076"},{"taxonomy":"product_tag","embeddable":true,"href":"https:\/\/logic-vault.com\/tr\/wp-json\/wp\/v2\/product_tag?post=27076"}],"curies":[{"name":"wp","href":"https:\/\/api.w.org\/{rel}","templated":true}]}}