{"id":27073,"date":"2026-02-17T23:07:16","date_gmt":"2026-02-17T23:07:16","guid":{"rendered":"https:\/\/logic-vault.com\/product\/saas-problem-solution-fit-checkers-2\/"},"modified":"2026-02-17T23:07:16","modified_gmt":"2026-02-17T23:07:16","slug":"saas-problem-solution-fit-checkers-2","status":"publish","type":"product","link":"https:\/\/logic-vault.com\/tr\/urun\/saas-problem-solution-fit-checkers-2\/","title":{"rendered":"SaaS Sorun \u00c7\u00f6z\u00fcm\u00fc Uygunluk Denetleyicileri"},"content":{"rendered":"<p>Bir\u00e7ok \u00fcr\u00fcn, kullan\u0131c\u0131lar\u0131n acil olarak \u00f6nemsemedi\u011fi sorunlar\u0131 \u00e7\u00f6z\u00fcyor.<br \/>\nBu istem, SaaS \u00fcr\u00fcn\u00fcn\u00fcz\u00fcn kullan\u0131c\u0131lar\u0131n aktif olarak \u00e7\u00f6z\u00fclmesini istedi\u011fi ve bunun i\u00e7in \u00f6deme yapmaya istekli oldu\u011fu ger\u00e7ek, tekrarlayan bir sorunu ele al\u0131p almad\u0131\u011f\u0131n\u0131 kontrol eder.<br \/>\nAl\u0131c\u0131ya Sa\u011flanan Faydalar:<br \/>\n\ud83c\udfaf Ger\u00e7ek ve varsay\u0131lan a\u011fr\u0131 aras\u0131ndaki farka a\u00e7\u0131kl\u0131k<br \/>\n\ud83e\udde0 Aciliyeti d\u00fc\u015f\u00fck \u00f6zelliklerin geli\u015ftirilmesinden ka\u00e7\u0131n\u0131r.<br \/>\n\ud83d\udcb8 Daha iyi gelir elde etme g\u00fcveni<br \/>\n\ud83d\udcc9 Gereksiz in\u015faat \u00e7abas\u0131n\u0131 azalt\u0131r<br \/>\n\ud83e\udde9 MVP veya \u00f6l\u00e7eklendirme \u00f6ncesi i\u00e7in ideal<br \/>\n\ud83d\udc49 Daha fazla zaman veya para harcamadan \u00f6nce bu kontrol arac\u0131n\u0131 kullan\u0131n.<\/p>","protected":false},"excerpt":{"rendered":"<p>Many products solve problems users don\u2019t urgently care about. This prompt checks whether your SaaS addresses a real, recurring pain that users actively want solved\u2014and are willing to pay for. Buyer Benefits: \ud83c\udfaf Clarity on real vs assumed pain \ud83e\udde0 Avoids building low-urgency features \ud83d\udcb8 Better monetization confidence \ud83d\udcc9 Reduces wasted build effort \ud83e\udde9 Ideal [&hellip;]<\/p>\n","protected":false},"featured_media":26968,"comment_status":"open","ping_status":"closed","template":"","meta":[],"product_brand":[],"product_cat":[4098],"product_tag":[],"class_list":{"0":"post-27073","1":"product","2":"type-product","3":"status-publish","4":"has-post-thumbnail","6":"product_cat-education-learning","8":"first","9":"instock","10":"downloadable","11":"virtual","12":"product-type-simple"},"bundled_by":[],"bundle_stock_status":"instock","bundle_stock_quantity":null,"bundle_virtual":false,"bundle_layout":"","bundle_add_to_cart_form_location":"","bundle_editable_in_cart":false,"bundle_sold_individually_context":"","bundle_item_grouping":"","bundle_min_size":"","bundle_max_size":"","bundle_price":[],"bundled_items":[],"bundle_sell_ids":[],"_links":{"self":[{"href":"https:\/\/logic-vault.com\/tr\/wp-json\/wp\/v2\/product\/27073","targetHints":{"allow":["GET"]}}],"collection":[{"href":"https:\/\/logic-vault.com\/tr\/wp-json\/wp\/v2\/product"}],"about":[{"href":"https:\/\/logic-vault.com\/tr\/wp-json\/wp\/v2\/types\/product"}],"replies":[{"embeddable":true,"href":"https:\/\/logic-vault.com\/tr\/wp-json\/wp\/v2\/comments?post=27073"}],"wp:featuredmedia":[{"embeddable":true,"href":"https:\/\/logic-vault.com\/tr\/wp-json\/wp\/v2\/media\/26968"}],"wp:attachment":[{"href":"https:\/\/logic-vault.com\/tr\/wp-json\/wp\/v2\/media?parent=27073"}],"wp:term":[{"taxonomy":"product_brand","embeddable":true,"href":"https:\/\/logic-vault.com\/tr\/wp-json\/wp\/v2\/product_brand?post=27073"},{"taxonomy":"product_cat","embeddable":true,"href":"https:\/\/logic-vault.com\/tr\/wp-json\/wp\/v2\/product_cat?post=27073"},{"taxonomy":"product_tag","embeddable":true,"href":"https:\/\/logic-vault.com\/tr\/wp-json\/wp\/v2\/product_tag?post=27073"}],"curies":[{"name":"wp","href":"https:\/\/api.w.org\/{rel}","templated":true}]}}