{"id":27072,"date":"2026-02-17T23:07:16","date_gmt":"2026-02-17T23:07:16","guid":{"rendered":"https:\/\/logic-vault.com\/product\/decisiondriven-financial-foresight\/"},"modified":"2026-02-17T23:07:16","modified_gmt":"2026-02-17T23:07:16","slug":"decisiondriven-financial-foresight","status":"publish","type":"product","link":"https:\/\/logic-vault.com\/tr\/urun\/decisiondriven-financial-foresight\/","title":{"rendered":"Karar Odakl\u0131 Finansal \u00d6ng\u00f6r\u00fc"},"content":{"rendered":"<p>Bu ara\u00e7, kararlar\u0131n\u0131 ger\u00e7ekten y\u00f6nlendiren finansal tahminler isteyen kurucular ve i\u015fletmeciler i\u00e7in tasarlanm\u0131\u015ft\u0131r. Ham rakamlar\u0131 ve varsay\u0131mlar\u0131, riskleri erken ortaya \u00e7\u0131karan, b\u00fcy\u00fcme \u00f6d\u00fcnle\u015fmelerini netle\u015ftiren ve karma\u015f\u0131k finansal modelleme becerileri veya statik, yaln\u0131zca yat\u0131r\u0131mc\u0131lara y\u00f6nelik tahminler gerektirmeden g\u00fcvenli \u00f6l\u00e7eklendirmeyi destekleyen canl\u0131 bir sisteme d\u00f6n\u00fc\u015ft\u00fcr\u00fcr.<\/p>","protected":false},"excerpt":{"rendered":"<p>Bu ara\u00e7, kararlar\u0131n\u0131 ger\u00e7ekten y\u00f6nlendiren finansal tahminler isteyen kurucular ve i\u015fletmeciler i\u00e7in tasarlanm\u0131\u015ft\u0131r. Ham rakamlar\u0131 ve varsay\u0131mlar\u0131, riskleri erken ortaya \u00e7\u0131karan, b\u00fcy\u00fcme \u00f6d\u00fcnle\u015fmelerini netle\u015ftiren ve karma\u015f\u0131k finansal modelleme becerileri veya statik, yaln\u0131zca yat\u0131r\u0131mc\u0131lara y\u00f6nelik tahminler gerektirmeden g\u00fcvenli \u00f6l\u00e7eklendirmeyi destekleyen canl\u0131 bir sisteme d\u00f6n\u00fc\u015ft\u00fcr\u00fcr.<\/p>","protected":false},"featured_media":27071,"comment_status":"open","ping_status":"closed","template":"","meta":[],"product_brand":[],"product_cat":[4098],"product_tag":[],"class_list":{"0":"post-27072","1":"product","2":"type-product","3":"status-publish","4":"has-post-thumbnail","6":"product_cat-education-learning","8":"first","9":"instock","10":"downloadable","11":"virtual","12":"product-type-simple"},"bundled_by":[],"bundle_stock_status":"instock","bundle_stock_quantity":null,"bundle_virtual":false,"bundle_layout":"","bundle_add_to_cart_form_location":"","bundle_editable_in_cart":false,"bundle_sold_individually_context":"","bundle_item_grouping":"","bundle_min_size":"","bundle_max_size":"","bundle_price":[],"bundled_items":[],"bundle_sell_ids":[],"_links":{"self":[{"href":"https:\/\/logic-vault.com\/tr\/wp-json\/wp\/v2\/product\/27072","targetHints":{"allow":["GET"]}}],"collection":[{"href":"https:\/\/logic-vault.com\/tr\/wp-json\/wp\/v2\/product"}],"about":[{"href":"https:\/\/logic-vault.com\/tr\/wp-json\/wp\/v2\/types\/product"}],"replies":[{"embeddable":true,"href":"https:\/\/logic-vault.com\/tr\/wp-json\/wp\/v2\/comments?post=27072"}],"wp:featuredmedia":[{"embeddable":true,"href":"https:\/\/logic-vault.com\/tr\/wp-json\/wp\/v2\/media\/27071"}],"wp:attachment":[{"href":"https:\/\/logic-vault.com\/tr\/wp-json\/wp\/v2\/media?parent=27072"}],"wp:term":[{"taxonomy":"product_brand","embeddable":true,"href":"https:\/\/logic-vault.com\/tr\/wp-json\/wp\/v2\/product_brand?post=27072"},{"taxonomy":"product_cat","embeddable":true,"href":"https:\/\/logic-vault.com\/tr\/wp-json\/wp\/v2\/product_cat?post=27072"},{"taxonomy":"product_tag","embeddable":true,"href":"https:\/\/logic-vault.com\/tr\/wp-json\/wp\/v2\/product_tag?post=27072"}],"curies":[{"name":"wp","href":"https:\/\/api.w.org\/{rel}","templated":true}]}}