{"id":27069,"date":"2026-02-17T23:07:15","date_gmt":"2026-02-17T23:07:15","guid":{"rendered":"https:\/\/logic-vault.com\/product\/portfolio-allocation-frameworks\/"},"modified":"2026-02-17T23:07:16","modified_gmt":"2026-02-17T23:07:16","slug":"portfolio-allocation-frameworks","status":"publish","type":"product","link":"https:\/\/logic-vault.com\/tr\/urun\/portfolio-allocation-frameworks\/","title":{"rendered":"Portf\u00f6y Tahsis \u00c7er\u00e7eveleri"},"content":{"rendered":"<p>Varl\u0131klar, stratejiler ve risk profilleri genelinde portf\u00f6y tahsislerini tasarlamak ve g\u00f6zden ge\u00e7irmek i\u00e7in karar verme d\u00fczeyinde bir \u00e7er\u00e7eve. Bu sistem, menkul k\u0131ymet se\u00e7imi ve performans pe\u015finde ko\u015fmaktan uzakla\u015farak, yat\u0131r\u0131mc\u0131lar\u0131n ve portf\u00f6y y\u00f6neticilerinin \u00e7e\u015fitlendirme mant\u0131\u011f\u0131na, risk dengesine ve uzun vadeli yap\u0131sal dayan\u0131kl\u0131l\u0131\u011fa dayal\u0131 bilin\u00e7li tahsis kararlar\u0131 almalar\u0131na yard\u0131mc\u0131 olur.<br \/>\n\u2728 \u015eunlar\u0131 Elde Edersiniz: Ortamlar genelinde tutarl\u0131 tahsis analizi i\u00e7in 4 yap\u0131land\u0131r\u0131lm\u0131\u015f tahsis istemi ve 20 ek varyasyon yolu.<\/p>","protected":false},"excerpt":{"rendered":"<p>A decision-grade framework for designing and reviewing portfolio allocations across assets, strategies, and risk profiles. This system shifts focus away from security selection and performance chasing, helping investors and portfolio managers make deliberate allocation decisions grounded in diversification logic, risk balance, and long-term structural resilience. \u2728 You Get: 4 structured allocation prompts plus 20 additional [&hellip;]<\/p>\n","protected":false},"featured_media":27068,"comment_status":"open","ping_status":"closed","template":"","meta":[],"product_brand":[],"product_cat":[4098],"product_tag":[],"class_list":{"0":"post-27069","1":"product","2":"type-product","3":"status-publish","4":"has-post-thumbnail","6":"product_cat-education-learning","8":"first","9":"instock","10":"downloadable","11":"virtual","12":"product-type-simple"},"bundled_by":["27554"],"bundle_stock_status":"instock","bundle_stock_quantity":null,"bundle_virtual":false,"bundle_layout":"","bundle_add_to_cart_form_location":"","bundle_editable_in_cart":false,"bundle_sold_individually_context":"","bundle_item_grouping":"","bundle_min_size":"","bundle_max_size":"","bundle_price":[],"bundled_items":[],"bundle_sell_ids":[],"_links":{"self":[{"href":"https:\/\/logic-vault.com\/tr\/wp-json\/wp\/v2\/product\/27069","targetHints":{"allow":["GET"]}}],"collection":[{"href":"https:\/\/logic-vault.com\/tr\/wp-json\/wp\/v2\/product"}],"about":[{"href":"https:\/\/logic-vault.com\/tr\/wp-json\/wp\/v2\/types\/product"}],"replies":[{"embeddable":true,"href":"https:\/\/logic-vault.com\/tr\/wp-json\/wp\/v2\/comments?post=27069"}],"wp:featuredmedia":[{"embeddable":true,"href":"https:\/\/logic-vault.com\/tr\/wp-json\/wp\/v2\/media\/27068"}],"wp:attachment":[{"href":"https:\/\/logic-vault.com\/tr\/wp-json\/wp\/v2\/media?parent=27069"}],"wp:term":[{"taxonomy":"product_brand","embeddable":true,"href":"https:\/\/logic-vault.com\/tr\/wp-json\/wp\/v2\/product_brand?post=27069"},{"taxonomy":"product_cat","embeddable":true,"href":"https:\/\/logic-vault.com\/tr\/wp-json\/wp\/v2\/product_cat?post=27069"},{"taxonomy":"product_tag","embeddable":true,"href":"https:\/\/logic-vault.com\/tr\/wp-json\/wp\/v2\/product_tag?post=27069"}],"curies":[{"name":"wp","href":"https:\/\/api.w.org\/{rel}","templated":true}]}}