{"id":27067,"date":"2026-02-17T23:07:15","date_gmt":"2026-02-17T23:07:15","guid":{"rendered":"https:\/\/logic-vault.com\/product\/tax-preparation-data-structuring-engine\/"},"modified":"2026-02-17T23:07:15","modified_gmt":"2026-02-17T23:07:15","slug":"tax-preparation-data-structuring-engine","status":"publish","type":"product","link":"https:\/\/logic-vault.com\/tr\/urun\/tax-preparation-data-structuring-engine\/","title":{"rendered":"Vergi Haz\u0131rlama Veri Yap\u0131land\u0131rma Motoru"},"content":{"rendered":"<p>A structured prompt designed to organize and pre-process financial data for tax preparation. It extracts key details from invoices, receipts, and bank statements, categorizes transactions using country-specific tax rules, flags missing or risky items, and produces clean, export-ready datasets. The output is intended to support accountants or tax software by reducing manual work\u2014without filing taxes or making legal determinations.<\/p>","protected":false},"excerpt":{"rendered":"<p>A structured prompt designed to organize and pre-process financial data for tax preparation. It extracts key details from invoices, receipts, and bank statements, categorizes transactions using country-specific tax rules, flags missing or risky items, and produces clean, export-ready datasets. The output is intended to support accountants or tax software by reducing manual work\u2014without filing taxes [&hellip;]<\/p>\n","protected":false},"featured_media":27066,"comment_status":"open","ping_status":"closed","template":"","meta":[],"product_brand":[],"product_cat":[4098],"product_tag":[],"class_list":{"0":"post-27067","1":"product","2":"type-product","3":"status-publish","4":"has-post-thumbnail","6":"product_cat-education-learning","8":"first","9":"instock","10":"downloadable","11":"virtual","12":"product-type-simple"},"bundled_by":["27554"],"bundle_stock_status":"instock","bundle_stock_quantity":null,"bundle_virtual":false,"bundle_layout":"","bundle_add_to_cart_form_location":"","bundle_editable_in_cart":false,"bundle_sold_individually_context":"","bundle_item_grouping":"","bundle_min_size":"","bundle_max_size":"","bundle_price":[],"bundled_items":[],"bundle_sell_ids":[],"_links":{"self":[{"href":"https:\/\/logic-vault.com\/tr\/wp-json\/wp\/v2\/product\/27067","targetHints":{"allow":["GET"]}}],"collection":[{"href":"https:\/\/logic-vault.com\/tr\/wp-json\/wp\/v2\/product"}],"about":[{"href":"https:\/\/logic-vault.com\/tr\/wp-json\/wp\/v2\/types\/product"}],"replies":[{"embeddable":true,"href":"https:\/\/logic-vault.com\/tr\/wp-json\/wp\/v2\/comments?post=27067"}],"wp:featuredmedia":[{"embeddable":true,"href":"https:\/\/logic-vault.com\/tr\/wp-json\/wp\/v2\/media\/27066"}],"wp:attachment":[{"href":"https:\/\/logic-vault.com\/tr\/wp-json\/wp\/v2\/media?parent=27067"}],"wp:term":[{"taxonomy":"product_brand","embeddable":true,"href":"https:\/\/logic-vault.com\/tr\/wp-json\/wp\/v2\/product_brand?post=27067"},{"taxonomy":"product_cat","embeddable":true,"href":"https:\/\/logic-vault.com\/tr\/wp-json\/wp\/v2\/product_cat?post=27067"},{"taxonomy":"product_tag","embeddable":true,"href":"https:\/\/logic-vault.com\/tr\/wp-json\/wp\/v2\/product_tag?post=27067"}],"curies":[{"name":"wp","href":"https:\/\/api.w.org\/{rel}","templated":true}]}}