{"id":27065,"date":"2026-02-17T23:07:15","date_gmt":"2026-02-17T23:07:15","guid":{"rendered":"https:\/\/logic-vault.com\/product\/monthly-expense-awareness-workbook\/"},"modified":"2026-02-17T23:07:15","modified_gmt":"2026-02-17T23:07:15","slug":"monthly-expense-awareness-workbook","status":"publish","type":"product","link":"https:\/\/logic-vault.com\/tr\/urun\/monthly-expense-awareness-workbook\/","title":{"rendered":"Ayl\u0131k Gider Fark\u0131ndal\u0131\u011f\u0131 \u00c7al\u0131\u015fma Kitab\u0131"},"content":{"rendered":"<p>Bir\u00e7ok insan paran\u0131n nereye gitti\u011fini tam olarak g\u00f6rmeden para harc\u0131yor. \ud83d\udcb8\ud83d\udcd8<br \/>\nBu ipucu nas\u0131l yard\u0131mc\u0131 olur:<br \/>\n\ud83e\udde0 Ayl\u0131k harcama al\u0131\u015fkanl\u0131klar\u0131 konusunda fark\u0131ndal\u0131k yarat\u0131r.<br \/>\n\u270d\ufe0f Kat\u0131 b\u00fct\u00e7eler yerine basit yans\u0131ma y\u00f6ntemini kullan\u0131r.<br \/>\n\ud83d\udcca S\u0131z\u0131nt\u0131lar\u0131 ve \u00f6ncelikleri net bir \u015fekilde ortaya koyuyor.<br \/>\n\ud83e\udd1d Sakin ve yarg\u0131s\u0131z bir de\u011ferlendirmeyi te\u015fvik eder<br \/>\n\ud83d\udcc8 Zaman i\u00e7inde daha iyi para kararlar\u0131 alman\u0131za yard\u0131mc\u0131 olur.<br \/>\n\ud83d\udc49 Ayl\u0131k harcamalar\u0131n\u0131z\u0131 kolayca anlamak i\u00e7in bu ipucunu kullan\u0131n.<\/p>","protected":false},"excerpt":{"rendered":"<p>Many people spend money without clearly seeing where it goes. \ud83d\udcb8\ud83d\udcd8 How this prompt helps: \ud83e\udde0 Builds awareness of monthly spending patterns \u270d\ufe0f Uses simple reflection instead of rigid budgets \ud83d\udcca Highlights leaks and priorities clearly \ud83e\udd1d Encourages calm, judgment-free review \ud83d\udcc8 Supports better money decisions over time \ud83d\udc49 Use this prompt to understand your [&hellip;]<\/p>\n","protected":false},"featured_media":27064,"comment_status":"open","ping_status":"closed","template":"","meta":[],"product_brand":[],"product_cat":[4098],"product_tag":[],"class_list":{"0":"post-27065","1":"product","2":"type-product","3":"status-publish","4":"has-post-thumbnail","6":"product_cat-education-learning","8":"first","9":"instock","10":"downloadable","11":"virtual","12":"product-type-simple"},"bundled_by":["27554"],"bundle_stock_status":"instock","bundle_stock_quantity":null,"bundle_virtual":false,"bundle_layout":"","bundle_add_to_cart_form_location":"","bundle_editable_in_cart":false,"bundle_sold_individually_context":"","bundle_item_grouping":"","bundle_min_size":"","bundle_max_size":"","bundle_price":[],"bundled_items":[],"bundle_sell_ids":[],"_links":{"self":[{"href":"https:\/\/logic-vault.com\/tr\/wp-json\/wp\/v2\/product\/27065","targetHints":{"allow":["GET"]}}],"collection":[{"href":"https:\/\/logic-vault.com\/tr\/wp-json\/wp\/v2\/product"}],"about":[{"href":"https:\/\/logic-vault.com\/tr\/wp-json\/wp\/v2\/types\/product"}],"replies":[{"embeddable":true,"href":"https:\/\/logic-vault.com\/tr\/wp-json\/wp\/v2\/comments?post=27065"}],"wp:featuredmedia":[{"embeddable":true,"href":"https:\/\/logic-vault.com\/tr\/wp-json\/wp\/v2\/media\/27064"}],"wp:attachment":[{"href":"https:\/\/logic-vault.com\/tr\/wp-json\/wp\/v2\/media?parent=27065"}],"wp:term":[{"taxonomy":"product_brand","embeddable":true,"href":"https:\/\/logic-vault.com\/tr\/wp-json\/wp\/v2\/product_brand?post=27065"},{"taxonomy":"product_cat","embeddable":true,"href":"https:\/\/logic-vault.com\/tr\/wp-json\/wp\/v2\/product_cat?post=27065"},{"taxonomy":"product_tag","embeddable":true,"href":"https:\/\/logic-vault.com\/tr\/wp-json\/wp\/v2\/product_tag?post=27065"}],"curies":[{"name":"wp","href":"https:\/\/api.w.org\/{rel}","templated":true}]}}