{"id":27061,"date":"2026-02-17T23:07:14","date_gmt":"2026-02-17T23:07:14","guid":{"rendered":"https:\/\/logic-vault.com\/product\/industry-focused-financial-kpi-dashboards\/"},"modified":"2026-02-17T23:07:14","modified_gmt":"2026-02-17T23:07:14","slug":"industry-focused-financial-kpi-dashboards","status":"publish","type":"product","link":"https:\/\/logic-vault.com\/tr\/urun\/industry-focused-financial-kpi-dashboards\/","title":{"rendered":"Sekt\u00f6re Odakl\u0131 Finansal KPI G\u00f6sterge Panelleri"},"content":{"rendered":"<p>\u0130\u015fletmenizin ba\u011flam\u0131na ve mevcut verilere dayal\u0131, sekt\u00f6re \u00f6zel pratik bir finansal KPI g\u00f6sterge paneli olu\u015fturun. Bu komut dosyas\u0131, metrikleri, e\u015fikleri ve i\u00e7g\u00f6r\u00fcleri sekt\u00f6r\u00fcn\u00fcze uyarlayarak, genel veya alakas\u0131z KPI&#039;lar olmadan karl\u0131l\u0131\u011f\u0131, nakit ak\u0131\u015f\u0131n\u0131, verimlili\u011fi ve riski izlemenize yard\u0131mc\u0131 olur. Kurucular, finans ekipleri ve karar vermeye haz\u0131r g\u00f6sterge panellerine ihtiya\u00e7 duyan i\u015fletmeciler i\u00e7in tasarlanm\u0131\u015ft\u0131r, standart listeler i\u00e7in de\u011fil.<\/p>","protected":false},"excerpt":{"rendered":"<p>\u0130\u015fletmenizin ba\u011flam\u0131na ve mevcut verilere dayal\u0131, sekt\u00f6re \u00f6zel pratik bir finansal KPI g\u00f6sterge paneli olu\u015fturun. Bu komut dosyas\u0131, metrikleri, e\u015fikleri ve i\u00e7g\u00f6r\u00fcleri sekt\u00f6r\u00fcn\u00fcze uyarlayarak, genel veya alakas\u0131z KPI&#039;lar olmadan karl\u0131l\u0131\u011f\u0131, nakit ak\u0131\u015f\u0131n\u0131, verimlili\u011fi ve riski izlemenize yard\u0131mc\u0131 olur. Kurucular, finans ekipleri ve karar vermeye haz\u0131r g\u00f6sterge panellerine ihtiya\u00e7 duyan i\u015fletmeciler i\u00e7in tasarlanm\u0131\u015ft\u0131r, standart listeler i\u00e7in de\u011fil.<\/p>","protected":false},"featured_media":27060,"comment_status":"open","ping_status":"closed","template":"","meta":[],"product_brand":[],"product_cat":[4098],"product_tag":[],"class_list":{"0":"post-27061","1":"product","2":"type-product","3":"status-publish","4":"has-post-thumbnail","6":"product_cat-education-learning","8":"first","9":"instock","10":"downloadable","11":"virtual","12":"product-type-simple"},"bundled_by":["27554"],"bundle_stock_status":"instock","bundle_stock_quantity":null,"bundle_virtual":false,"bundle_layout":"","bundle_add_to_cart_form_location":"","bundle_editable_in_cart":false,"bundle_sold_individually_context":"","bundle_item_grouping":"","bundle_min_size":"","bundle_max_size":"","bundle_price":[],"bundled_items":[],"bundle_sell_ids":[],"_links":{"self":[{"href":"https:\/\/logic-vault.com\/tr\/wp-json\/wp\/v2\/product\/27061","targetHints":{"allow":["GET"]}}],"collection":[{"href":"https:\/\/logic-vault.com\/tr\/wp-json\/wp\/v2\/product"}],"about":[{"href":"https:\/\/logic-vault.com\/tr\/wp-json\/wp\/v2\/types\/product"}],"replies":[{"embeddable":true,"href":"https:\/\/logic-vault.com\/tr\/wp-json\/wp\/v2\/comments?post=27061"}],"wp:featuredmedia":[{"embeddable":true,"href":"https:\/\/logic-vault.com\/tr\/wp-json\/wp\/v2\/media\/27060"}],"wp:attachment":[{"href":"https:\/\/logic-vault.com\/tr\/wp-json\/wp\/v2\/media?parent=27061"}],"wp:term":[{"taxonomy":"product_brand","embeddable":true,"href":"https:\/\/logic-vault.com\/tr\/wp-json\/wp\/v2\/product_brand?post=27061"},{"taxonomy":"product_cat","embeddable":true,"href":"https:\/\/logic-vault.com\/tr\/wp-json\/wp\/v2\/product_cat?post=27061"},{"taxonomy":"product_tag","embeddable":true,"href":"https:\/\/logic-vault.com\/tr\/wp-json\/wp\/v2\/product_tag?post=27061"}],"curies":[{"name":"wp","href":"https:\/\/api.w.org\/{rel}","templated":true}]}}