{"id":27059,"date":"2026-02-17T23:07:14","date_gmt":"2026-02-17T23:07:14","guid":{"rendered":"https:\/\/logic-vault.com\/product\/wealth-control-architecture\/"},"modified":"2026-02-17T23:07:14","modified_gmt":"2026-02-17T23:07:14","slug":"wealth-control-architecture","status":"publish","type":"product","link":"https:\/\/logic-vault.com\/tr\/urun\/wealth-control-architecture\/","title":{"rendered":"Servet Kontrol Mimarisi"},"content":{"rendered":"<p>Bu geli\u015fmi\u015f servet olu\u015fturma rehberi, teoride de\u011fil, ger\u00e7ek hayatta kullanabilece\u011finiz disiplinli ve gelece\u011fe y\u00f6nelik bir finansal sistem tasarlaman\u0131za yard\u0131mc\u0131 olur. Gelir, harcama, yat\u0131r\u0131m ve riski tek bir stratejik \u00e7er\u00e7eveye d\u00f6n\u00fc\u015ft\u00fcrerek daha ak\u0131ll\u0131 kararlar alman\u0131z\u0131 sa\u011flar, finansal k\u00f6r noktalar\u0131 azalt\u0131r ve g\u00fcnl\u00fck para y\u00f6netimini uzun vadeli servet i\u00e7in \u00f6l\u00e7eklenebilir bir motora d\u00f6n\u00fc\u015ft\u00fcr\u00fcr.<\/p>","protected":false},"excerpt":{"rendered":"<p>Bu geli\u015fmi\u015f servet olu\u015fturma rehberi, teoride de\u011fil, ger\u00e7ek hayatta kullanabilece\u011finiz disiplinli ve gelece\u011fe y\u00f6nelik bir finansal sistem tasarlaman\u0131za yard\u0131mc\u0131 olur. Gelir, harcama, yat\u0131r\u0131m ve riski tek bir stratejik \u00e7er\u00e7eveye d\u00f6n\u00fc\u015ft\u00fcrerek daha ak\u0131ll\u0131 kararlar alman\u0131z\u0131 sa\u011flar, finansal k\u00f6r noktalar\u0131 azalt\u0131r ve g\u00fcnl\u00fck para y\u00f6netimini uzun vadeli servet i\u00e7in \u00f6l\u00e7eklenebilir bir motora d\u00f6n\u00fc\u015ft\u00fcr\u00fcr.<\/p>","protected":false},"featured_media":27058,"comment_status":"open","ping_status":"closed","template":"","meta":[],"product_brand":[],"product_cat":[4098],"product_tag":[],"class_list":{"0":"post-27059","1":"product","2":"type-product","3":"status-publish","4":"has-post-thumbnail","6":"product_cat-education-learning","8":"first","9":"instock","10":"downloadable","11":"virtual","12":"product-type-simple"},"bundled_by":["27554"],"bundle_stock_status":"instock","bundle_stock_quantity":null,"bundle_virtual":false,"bundle_layout":"","bundle_add_to_cart_form_location":"","bundle_editable_in_cart":false,"bundle_sold_individually_context":"","bundle_item_grouping":"","bundle_min_size":"","bundle_max_size":"","bundle_price":[],"bundled_items":[],"bundle_sell_ids":[],"_links":{"self":[{"href":"https:\/\/logic-vault.com\/tr\/wp-json\/wp\/v2\/product\/27059","targetHints":{"allow":["GET"]}}],"collection":[{"href":"https:\/\/logic-vault.com\/tr\/wp-json\/wp\/v2\/product"}],"about":[{"href":"https:\/\/logic-vault.com\/tr\/wp-json\/wp\/v2\/types\/product"}],"replies":[{"embeddable":true,"href":"https:\/\/logic-vault.com\/tr\/wp-json\/wp\/v2\/comments?post=27059"}],"wp:featuredmedia":[{"embeddable":true,"href":"https:\/\/logic-vault.com\/tr\/wp-json\/wp\/v2\/media\/27058"}],"wp:attachment":[{"href":"https:\/\/logic-vault.com\/tr\/wp-json\/wp\/v2\/media?parent=27059"}],"wp:term":[{"taxonomy":"product_brand","embeddable":true,"href":"https:\/\/logic-vault.com\/tr\/wp-json\/wp\/v2\/product_brand?post=27059"},{"taxonomy":"product_cat","embeddable":true,"href":"https:\/\/logic-vault.com\/tr\/wp-json\/wp\/v2\/product_cat?post=27059"},{"taxonomy":"product_tag","embeddable":true,"href":"https:\/\/logic-vault.com\/tr\/wp-json\/wp\/v2\/product_tag?post=27059"}],"curies":[{"name":"wp","href":"https:\/\/api.w.org\/{rel}","templated":true}]}}