{"id":27051,"date":"2026-02-17T23:07:12","date_gmt":"2026-02-17T23:07:12","guid":{"rendered":"https:\/\/logic-vault.com\/product\/create-investor-pitch-deck\/"},"modified":"2026-02-17T23:07:12","modified_gmt":"2026-02-17T23:07:12","slug":"create-investor-pitch-deck","status":"publish","type":"product","link":"https:\/\/logic-vault.com\/tr\/urun\/create-investor-pitch-deck\/","title":{"rendered":"Yat\u0131r\u0131mc\u0131 Sunum Dosyas\u0131 Olu\u015fturun"},"content":{"rendered":"<p>Potansiyel yat\u0131r\u0131mc\u0131lar\u0131 ve ortaklar\u0131 etkilemek i\u00e7in tasarlanm\u0131\u015f ChatGPT arac\u0131n\u0131 kullanarak ilgi \u00e7ekici bir sunum dosyas\u0131 olu\u015fturun. Bu ara\u00e7, i\u015f sunumunuzun net, ikna edici ve hedeflerinizle profesyonelce uyumlu olmas\u0131n\u0131 sa\u011flar.<\/p>","protected":false},"excerpt":{"rendered":"<p>Potansiyel yat\u0131r\u0131mc\u0131lar\u0131 ve ortaklar\u0131 etkilemek i\u00e7in tasarlanm\u0131\u015f ChatGPT arac\u0131n\u0131 kullanarak ilgi \u00e7ekici bir sunum dosyas\u0131 olu\u015fturun. Bu ara\u00e7, i\u015f sunumunuzun net, ikna edici ve hedeflerinizle profesyonelce uyumlu olmas\u0131n\u0131 sa\u011flar.<\/p>","protected":false},"featured_media":27050,"comment_status":"open","ping_status":"closed","template":"","meta":[],"product_brand":[],"product_cat":[4098],"product_tag":[],"class_list":{"0":"post-27051","1":"product","2":"type-product","3":"status-publish","4":"has-post-thumbnail","6":"product_cat-education-learning","8":"first","9":"instock","10":"downloadable","11":"virtual","12":"product-type-simple"},"bundled_by":[],"bundle_stock_status":"instock","bundle_stock_quantity":null,"bundle_virtual":false,"bundle_layout":"","bundle_add_to_cart_form_location":"","bundle_editable_in_cart":false,"bundle_sold_individually_context":"","bundle_item_grouping":"","bundle_min_size":"","bundle_max_size":"","bundle_price":[],"bundled_items":[],"bundle_sell_ids":[],"_links":{"self":[{"href":"https:\/\/logic-vault.com\/tr\/wp-json\/wp\/v2\/product\/27051","targetHints":{"allow":["GET"]}}],"collection":[{"href":"https:\/\/logic-vault.com\/tr\/wp-json\/wp\/v2\/product"}],"about":[{"href":"https:\/\/logic-vault.com\/tr\/wp-json\/wp\/v2\/types\/product"}],"replies":[{"embeddable":true,"href":"https:\/\/logic-vault.com\/tr\/wp-json\/wp\/v2\/comments?post=27051"}],"wp:featuredmedia":[{"embeddable":true,"href":"https:\/\/logic-vault.com\/tr\/wp-json\/wp\/v2\/media\/27050"}],"wp:attachment":[{"href":"https:\/\/logic-vault.com\/tr\/wp-json\/wp\/v2\/media?parent=27051"}],"wp:term":[{"taxonomy":"product_brand","embeddable":true,"href":"https:\/\/logic-vault.com\/tr\/wp-json\/wp\/v2\/product_brand?post=27051"},{"taxonomy":"product_cat","embeddable":true,"href":"https:\/\/logic-vault.com\/tr\/wp-json\/wp\/v2\/product_cat?post=27051"},{"taxonomy":"product_tag","embeddable":true,"href":"https:\/\/logic-vault.com\/tr\/wp-json\/wp\/v2\/product_tag?post=27051"}],"curies":[{"name":"wp","href":"https:\/\/api.w.org\/{rel}","templated":true}]}}