{"id":27049,"date":"2026-02-17T23:07:12","date_gmt":"2026-02-17T23:07:12","guid":{"rendered":"https:\/\/logic-vault.com\/product\/export-product-final-pricing-strategy\/"},"modified":"2026-02-17T23:07:12","modified_gmt":"2026-02-17T23:07:12","slug":"export-product-final-pricing-strategy","status":"publish","type":"product","link":"https:\/\/logic-vault.com\/tr\/urun\/export-product-final-pricing-strategy\/","title":{"rendered":"\u0130hracat \u00dcr\u00fcnleri Nihai Fiyatland\u0131rma Stratejisi"},"content":{"rendered":"<p>This prompt outlines the step-by-step process for calculating the final price of an export product, factoring in all critical costs such as production, packaging, CHA charges, inspection, shipping (based on INCOTERMs), insurance, and the desired profit margin. By including these essential parameters, businesses can ensure accurate and competitive pricing in international trade while maintaining profitability.<\/p>","protected":false},"excerpt":{"rendered":"<p>This prompt outlines the step-by-step process for calculating the final price of an export product, factoring in all critical costs such as production, packaging, CHA charges, inspection, shipping (based on INCOTERMs), insurance, and the desired profit margin. By including these essential parameters, businesses can ensure accurate and competitive pricing in international trade while maintaining profitability.<\/p>","protected":false},"featured_media":27048,"comment_status":"open","ping_status":"closed","template":"","meta":[],"product_brand":[],"product_cat":[4098],"product_tag":[],"class_list":{"0":"post-27049","1":"product","2":"type-product","3":"status-publish","4":"has-post-thumbnail","6":"product_cat-education-learning","8":"first","9":"instock","10":"downloadable","11":"virtual","12":"product-type-simple"},"bundled_by":[],"bundle_stock_status":"instock","bundle_stock_quantity":null,"bundle_virtual":false,"bundle_layout":"","bundle_add_to_cart_form_location":"","bundle_editable_in_cart":false,"bundle_sold_individually_context":"","bundle_item_grouping":"","bundle_min_size":"","bundle_max_size":"","bundle_price":[],"bundled_items":[],"bundle_sell_ids":[],"_links":{"self":[{"href":"https:\/\/logic-vault.com\/tr\/wp-json\/wp\/v2\/product\/27049","targetHints":{"allow":["GET"]}}],"collection":[{"href":"https:\/\/logic-vault.com\/tr\/wp-json\/wp\/v2\/product"}],"about":[{"href":"https:\/\/logic-vault.com\/tr\/wp-json\/wp\/v2\/types\/product"}],"replies":[{"embeddable":true,"href":"https:\/\/logic-vault.com\/tr\/wp-json\/wp\/v2\/comments?post=27049"}],"wp:featuredmedia":[{"embeddable":true,"href":"https:\/\/logic-vault.com\/tr\/wp-json\/wp\/v2\/media\/27048"}],"wp:attachment":[{"href":"https:\/\/logic-vault.com\/tr\/wp-json\/wp\/v2\/media?parent=27049"}],"wp:term":[{"taxonomy":"product_brand","embeddable":true,"href":"https:\/\/logic-vault.com\/tr\/wp-json\/wp\/v2\/product_brand?post=27049"},{"taxonomy":"product_cat","embeddable":true,"href":"https:\/\/logic-vault.com\/tr\/wp-json\/wp\/v2\/product_cat?post=27049"},{"taxonomy":"product_tag","embeddable":true,"href":"https:\/\/logic-vault.com\/tr\/wp-json\/wp\/v2\/product_tag?post=27049"}],"curies":[{"name":"wp","href":"https:\/\/api.w.org\/{rel}","templated":true}]}}