{"id":27041,"date":"2026-02-17T23:07:11","date_gmt":"2026-02-17T23:07:11","guid":{"rendered":"https:\/\/logic-vault.com\/product\/pro-prono\/"},"modified":"2026-02-17T23:07:11","modified_gmt":"2026-02-17T23:07:11","slug":"pro-prono","status":"publish","type":"product","link":"https:\/\/logic-vault.com\/tr\/urun\/pro-prono\/","title":{"rendered":"Pro Prono"},"content":{"rendered":"<p>TANIM<br \/>\nBug\u00fcnk\u00fc PMU tahminlerini almak i\u00e7in \u00e7ok uzmanl\u0131 arac\u0131m\u0131z\u0131 kullan\u0131n.<br \/>\nSonu\u00e7 olarak \u015funlar\u0131 elde edeceksiniz:<br \/>\n1- \u0130ki Tahmin;<br \/>\n2- S\u00fcrpriz Atlar;<br \/>\n3- Elenecek atlar;<br \/>\n4- Yar\u0131\u015fla ilgili rehberlik ve a\u00e7\u0131klamalar;<br \/>\n5- Yar\u0131\u015f\u0131 canl\u0131 takip etmek i\u00e7in ba\u011flant\u0131lar.<br \/>\n$2.99 tutar\u0131ndaki \u00f6demeyi bir defa yap\u0131n ve her g\u00fcn kullan\u0131n.<\/p>","protected":false},"excerpt":{"rendered":"<p>DESCRIPTION Use our multi-expert assisted tool to obtain today&#8217;s PMU forecasts. Here is what you will get as a result: 1- Two Forecasts; 2- Surprise Horses; 3- Horses to eliminate; 4- Guidance and remarks on the race; 5- Links to follow the race live. Pay once $2.99 and use every day<\/p>","protected":false},"featured_media":27040,"comment_status":"open","ping_status":"closed","template":"","meta":[],"product_brand":[],"product_cat":[4098],"product_tag":[],"class_list":{"0":"post-27041","1":"product","2":"type-product","3":"status-publish","4":"has-post-thumbnail","6":"product_cat-education-learning","8":"first","9":"instock","10":"downloadable","11":"virtual","12":"product-type-simple"},"bundled_by":[],"bundle_stock_status":"instock","bundle_stock_quantity":null,"bundle_virtual":false,"bundle_layout":"","bundle_add_to_cart_form_location":"","bundle_editable_in_cart":false,"bundle_sold_individually_context":"","bundle_item_grouping":"","bundle_min_size":"","bundle_max_size":"","bundle_price":[],"bundled_items":[],"bundle_sell_ids":[],"_links":{"self":[{"href":"https:\/\/logic-vault.com\/tr\/wp-json\/wp\/v2\/product\/27041","targetHints":{"allow":["GET"]}}],"collection":[{"href":"https:\/\/logic-vault.com\/tr\/wp-json\/wp\/v2\/product"}],"about":[{"href":"https:\/\/logic-vault.com\/tr\/wp-json\/wp\/v2\/types\/product"}],"replies":[{"embeddable":true,"href":"https:\/\/logic-vault.com\/tr\/wp-json\/wp\/v2\/comments?post=27041"}],"wp:featuredmedia":[{"embeddable":true,"href":"https:\/\/logic-vault.com\/tr\/wp-json\/wp\/v2\/media\/27040"}],"wp:attachment":[{"href":"https:\/\/logic-vault.com\/tr\/wp-json\/wp\/v2\/media?parent=27041"}],"wp:term":[{"taxonomy":"product_brand","embeddable":true,"href":"https:\/\/logic-vault.com\/tr\/wp-json\/wp\/v2\/product_brand?post=27041"},{"taxonomy":"product_cat","embeddable":true,"href":"https:\/\/logic-vault.com\/tr\/wp-json\/wp\/v2\/product_cat?post=27041"},{"taxonomy":"product_tag","embeddable":true,"href":"https:\/\/logic-vault.com\/tr\/wp-json\/wp\/v2\/product_tag?post=27041"}],"curies":[{"name":"wp","href":"https:\/\/api.w.org\/{rel}","templated":true}]}}