{"id":27039,"date":"2026-02-17T23:07:10","date_gmt":"2026-02-17T23:07:10","guid":{"rendered":"https:\/\/logic-vault.com\/product\/discover-trending-products-2\/"},"modified":"2026-02-17T23:07:10","modified_gmt":"2026-02-17T23:07:10","slug":"discover-trending-products-2","status":"publish","type":"product","link":"https:\/\/logic-vault.com\/tr\/urun\/discover-trending-products-2\/","title":{"rendered":"Trend \u00dcr\u00fcnleri Ke\u015ffedin"},"content":{"rendered":"<p>ChatGPT i\u00e7in tasarlanm\u0131\u015f bu komut dosyas\u0131yla i\u015f stratejinizi optimize edin; ni\u015f pazarlardaki trend \u00fcr\u00fcnleri sistematik olarak analiz edip belirleyin. \u0130\u015fletmenizin pazarda \u00f6nde kalmas\u0131n\u0131 sa\u011flamak i\u00e7in \u00fcr\u00fcn talebi, karl\u0131l\u0131k ve rekabet stratejileri hakk\u0131nda uygulanabilir bilgiler edinin.<\/p>","protected":false},"excerpt":{"rendered":"<p>ChatGPT i\u00e7in tasarlanm\u0131\u015f bu komut dosyas\u0131yla i\u015f stratejinizi optimize edin; ni\u015f pazarlardaki trend \u00fcr\u00fcnleri sistematik olarak analiz edip belirleyin. \u0130\u015fletmenizin pazarda \u00f6nde kalmas\u0131n\u0131 sa\u011flamak i\u00e7in \u00fcr\u00fcn talebi, karl\u0131l\u0131k ve rekabet stratejileri hakk\u0131nda uygulanabilir bilgiler edinin.<\/p>","protected":false},"featured_media":26964,"comment_status":"open","ping_status":"closed","template":"","meta":[],"product_brand":[],"product_cat":[4098],"product_tag":[],"class_list":{"0":"post-27039","1":"product","2":"type-product","3":"status-publish","4":"has-post-thumbnail","6":"product_cat-education-learning","8":"first","9":"instock","10":"downloadable","11":"virtual","12":"product-type-simple"},"bundled_by":[],"bundle_stock_status":"instock","bundle_stock_quantity":null,"bundle_virtual":false,"bundle_layout":"","bundle_add_to_cart_form_location":"","bundle_editable_in_cart":false,"bundle_sold_individually_context":"","bundle_item_grouping":"","bundle_min_size":"","bundle_max_size":"","bundle_price":[],"bundled_items":[],"bundle_sell_ids":[],"_links":{"self":[{"href":"https:\/\/logic-vault.com\/tr\/wp-json\/wp\/v2\/product\/27039","targetHints":{"allow":["GET"]}}],"collection":[{"href":"https:\/\/logic-vault.com\/tr\/wp-json\/wp\/v2\/product"}],"about":[{"href":"https:\/\/logic-vault.com\/tr\/wp-json\/wp\/v2\/types\/product"}],"replies":[{"embeddable":true,"href":"https:\/\/logic-vault.com\/tr\/wp-json\/wp\/v2\/comments?post=27039"}],"wp:featuredmedia":[{"embeddable":true,"href":"https:\/\/logic-vault.com\/tr\/wp-json\/wp\/v2\/media\/26964"}],"wp:attachment":[{"href":"https:\/\/logic-vault.com\/tr\/wp-json\/wp\/v2\/media?parent=27039"}],"wp:term":[{"taxonomy":"product_brand","embeddable":true,"href":"https:\/\/logic-vault.com\/tr\/wp-json\/wp\/v2\/product_brand?post=27039"},{"taxonomy":"product_cat","embeddable":true,"href":"https:\/\/logic-vault.com\/tr\/wp-json\/wp\/v2\/product_cat?post=27039"},{"taxonomy":"product_tag","embeddable":true,"href":"https:\/\/logic-vault.com\/tr\/wp-json\/wp\/v2\/product_tag?post=27039"}],"curies":[{"name":"wp","href":"https:\/\/api.w.org\/{rel}","templated":true}]}}