{"id":27036,"date":"2026-02-17T23:07:10","date_gmt":"2026-02-17T23:07:10","guid":{"rendered":"https:\/\/logic-vault.com\/product\/financial-freedom-roadmap-creator\/"},"modified":"2026-02-17T23:07:10","modified_gmt":"2026-02-17T23:07:10","slug":"financial-freedom-roadmap-creator","status":"publish","type":"product","link":"https:\/\/logic-vault.com\/tr\/urun\/financial-freedom-roadmap-creator\/","title":{"rendered":"Finansal \u00d6zg\u00fcrl\u00fck Yol Haritas\u0131 Olu\u015fturucusu"},"content":{"rendered":"<p>Craft your path to financial freedom with our Financial Freedom Roadmap Creator. Tailored to your income, goals, and lifestyle, this tool helps you:<\/p>\n<p>\u2705 Build effective budgets and savings plans.<br \/>\n\u2705 Tackle debt with proven strategies.<br \/>\n\u2705 Maximize your investments for long-term growth.<\/p>\n<p>Start your journey to financial independence today! \ud83d\ude80<\/p>","protected":false},"excerpt":{"rendered":"<p>Craft your path to financial freedom with our Financial Freedom Roadmap Creator. Tailored to your income, goals, and lifestyle, this tool helps you: \u2705 Build effective budgets and savings plans. \u2705 Tackle debt with proven strategies. \u2705 Maximize your investments for long-term growth. Start your journey to financial independence today! \ud83d\ude80<\/p>","protected":false},"featured_media":27035,"comment_status":"open","ping_status":"closed","template":"","meta":[],"product_brand":[],"product_cat":[4098],"product_tag":[],"class_list":{"0":"post-27036","1":"product","2":"type-product","3":"status-publish","4":"has-post-thumbnail","6":"product_cat-education-learning","8":"first","9":"instock","10":"downloadable","11":"virtual","12":"product-type-simple"},"bundled_by":[],"bundle_stock_status":"instock","bundle_stock_quantity":null,"bundle_virtual":false,"bundle_layout":"","bundle_add_to_cart_form_location":"","bundle_editable_in_cart":false,"bundle_sold_individually_context":"","bundle_item_grouping":"","bundle_min_size":"","bundle_max_size":"","bundle_price":[],"bundled_items":[],"bundle_sell_ids":[],"_links":{"self":[{"href":"https:\/\/logic-vault.com\/tr\/wp-json\/wp\/v2\/product\/27036","targetHints":{"allow":["GET"]}}],"collection":[{"href":"https:\/\/logic-vault.com\/tr\/wp-json\/wp\/v2\/product"}],"about":[{"href":"https:\/\/logic-vault.com\/tr\/wp-json\/wp\/v2\/types\/product"}],"replies":[{"embeddable":true,"href":"https:\/\/logic-vault.com\/tr\/wp-json\/wp\/v2\/comments?post=27036"}],"wp:featuredmedia":[{"embeddable":true,"href":"https:\/\/logic-vault.com\/tr\/wp-json\/wp\/v2\/media\/27035"}],"wp:attachment":[{"href":"https:\/\/logic-vault.com\/tr\/wp-json\/wp\/v2\/media?parent=27036"}],"wp:term":[{"taxonomy":"product_brand","embeddable":true,"href":"https:\/\/logic-vault.com\/tr\/wp-json\/wp\/v2\/product_brand?post=27036"},{"taxonomy":"product_cat","embeddable":true,"href":"https:\/\/logic-vault.com\/tr\/wp-json\/wp\/v2\/product_cat?post=27036"},{"taxonomy":"product_tag","embeddable":true,"href":"https:\/\/logic-vault.com\/tr\/wp-json\/wp\/v2\/product_tag?post=27036"}],"curies":[{"name":"wp","href":"https:\/\/api.w.org\/{rel}","templated":true}]}}