{"id":27034,"date":"2026-02-17T23:07:09","date_gmt":"2026-02-17T23:07:09","guid":{"rendered":"https:\/\/logic-vault.com\/product\/daily-financial-newsletter-writer\/"},"modified":"2026-02-17T23:07:09","modified_gmt":"2026-02-17T23:07:09","slug":"daily-financial-newsletter-writer","status":"publish","type":"product","link":"https:\/\/logic-vault.com\/tr\/urun\/daily-financial-newsletter-writer\/","title":{"rendered":"G\u00fcnl\u00fck Finans B\u00fclteni Yazar\u0131"},"content":{"rendered":"<p>Bu komut, borsa hareketlerine dayal\u0131 olarak \u00f6zl\u00fc ve bilgilendirici g\u00fcnl\u00fck b\u00fclten i\u00e7eri\u011fi olu\u015fturur. Finansal dan\u0131\u015fmanlar, yat\u0131r\u0131m firmalar\u0131 veya i\u00e7erik olu\u015fturucular i\u00e7in m\u00fckemmel olan bu komut, aboneleri bilgilendiren ve etkile\u015fimde tutan y\u00fcksek kaliteli piyasa g\u00fcncellemeleri sunmak i\u00e7in yap\u0131land\u0131r\u0131lm\u0131\u015f ancak \u00f6zelle\u015ftirilebilir bir format sa\u011flar.<\/p>\n<p>&quot;G\u00fcnl\u00fck Finans B\u00fclteni Yazar\u0131&quot; y\u00f6nergesi, ba\u015fl\u0131ca endekslerin (\u00f6rne\u011fin, S&amp;P 500, NASDAQ, Dow Jones) genel bir g\u00f6r\u00fcn\u00fcm\u00fcyle ba\u015flayan, ard\u0131ndan profesyonel bir borsa \u00f6zeti olu\u015fturman\u0131zda size rehberlik eder.<\/p>","protected":false},"excerpt":{"rendered":"<p>This prompt generates concise, insightful daily newsletter content based on stock market movements. Perfect for financial advisors, investment firms, or content creators, it provides a structured yet customizable format for delivering high-quality market updates that keep subscribers informed and engaged. The &#8220;Daily Financial Newsletter Writer&#8221; prompt guides you in crafting a professional stock market recap [&hellip;]<\/p>\n","protected":false},"featured_media":27033,"comment_status":"open","ping_status":"closed","template":"","meta":[],"product_brand":[],"product_cat":[4098],"product_tag":[],"class_list":{"0":"post-27034","1":"product","2":"type-product","3":"status-publish","4":"has-post-thumbnail","6":"product_cat-education-learning","8":"first","9":"instock","10":"downloadable","11":"virtual","12":"product-type-simple"},"bundled_by":[],"bundle_stock_status":"instock","bundle_stock_quantity":null,"bundle_virtual":false,"bundle_layout":"","bundle_add_to_cart_form_location":"","bundle_editable_in_cart":false,"bundle_sold_individually_context":"","bundle_item_grouping":"","bundle_min_size":"","bundle_max_size":"","bundle_price":[],"bundled_items":[],"bundle_sell_ids":[],"_links":{"self":[{"href":"https:\/\/logic-vault.com\/tr\/wp-json\/wp\/v2\/product\/27034","targetHints":{"allow":["GET"]}}],"collection":[{"href":"https:\/\/logic-vault.com\/tr\/wp-json\/wp\/v2\/product"}],"about":[{"href":"https:\/\/logic-vault.com\/tr\/wp-json\/wp\/v2\/types\/product"}],"replies":[{"embeddable":true,"href":"https:\/\/logic-vault.com\/tr\/wp-json\/wp\/v2\/comments?post=27034"}],"wp:featuredmedia":[{"embeddable":true,"href":"https:\/\/logic-vault.com\/tr\/wp-json\/wp\/v2\/media\/27033"}],"wp:attachment":[{"href":"https:\/\/logic-vault.com\/tr\/wp-json\/wp\/v2\/media?parent=27034"}],"wp:term":[{"taxonomy":"product_brand","embeddable":true,"href":"https:\/\/logic-vault.com\/tr\/wp-json\/wp\/v2\/product_brand?post=27034"},{"taxonomy":"product_cat","embeddable":true,"href":"https:\/\/logic-vault.com\/tr\/wp-json\/wp\/v2\/product_cat?post=27034"},{"taxonomy":"product_tag","embeddable":true,"href":"https:\/\/logic-vault.com\/tr\/wp-json\/wp\/v2\/product_tag?post=27034"}],"curies":[{"name":"wp","href":"https:\/\/api.w.org\/{rel}","templated":true}]}}