{"id":27029,"date":"2026-02-17T23:07:06","date_gmt":"2026-02-17T23:07:06","guid":{"rendered":"https:\/\/logic-vault.com\/product\/real-estate-valuator-2\/"},"modified":"2026-02-17T23:07:06","modified_gmt":"2026-02-17T23:07:06","slug":"real-estate-valuator-2","status":"publish","type":"product","link":"https:\/\/logic-vault.com\/tr\/urun\/real-estate-valuator-2\/","title":{"rendered":"Gayrimenkul De\u011ferleme Uzman\u0131"},"content":{"rendered":"<p>\ud83c\udfd8\ufe0fEvinizin ger\u00e7ek de\u011ferinin ne kadar oldu\u011funu \u00f6\u011frenmek ister misiniz? <\/p>\n<p>\ud83d\udcbbKullan\u0131m\u0131 kolay arac\u0131m\u0131zla, m\u00fclk\u00fcn\u00fcz\u00fcn t\u00fcm y\u00f6nlerini (konum, boyut, ya\u015f...) dikkate alarak evinizin de\u011ferini en \u00fcst d\u00fczeye \u00e7\u0131karmak i\u00e7in ayr\u0131nt\u0131l\u0131 bir rapor ve \u00f6neriler alacaks\u0131n\u0131z.<\/p>\n<p>\ud83d\udcc8\ud83d\udd11\u0130ster al\u0131m ister sat\u0131m yap\u0131n, REV evinizin ger\u00e7ek potansiyelini ortaya \u00e7\u0131karman\u0131n anahtar\u0131d\u0131r. Bilin\u00e7li kararlar vermenizi ve k\u00e2r\u0131n\u0131z\u0131 en \u00fcst d\u00fczeye \u00e7\u0131karman\u0131z\u0131 sa\u011flayacak bilgiye sahip olacaks\u0131n\u0131z.<br \/>\nF\u0131rsatlar\u0131 ka\u00e7\u0131rmay\u0131n!<\/p>\n<p>\ud83d\udcb0Gayrimenkul yat\u0131r\u0131m\u0131n\u0131zdan en iyi \u015fekilde yararlanmaya haz\u0131r m\u0131s\u0131n\u0131z? \ud83d\udcb0<\/p>","protected":false},"excerpt":{"rendered":"<p>\ud83c\udfd8\ufe0fWant to know how much your home is really worth? \ud83d\udcbbWith our easy-to-use tool you will get a detailed report and recommendations to maximize your home&#8217;s value, considering all aspects of your property (location, size, age..) \ud83d\udcc8\ud83d\udd11Whether you&#8217;re buying or selling, REV is your key to unlocking your home&#8217;s true potential. You&#8217;ll get the knowledge [&hellip;]<\/p>\n","protected":false},"featured_media":26960,"comment_status":"open","ping_status":"closed","template":"","meta":[],"product_brand":[],"product_cat":[4098],"product_tag":[],"class_list":{"0":"post-27029","1":"product","2":"type-product","3":"status-publish","4":"has-post-thumbnail","6":"product_cat-education-learning","8":"first","9":"instock","10":"downloadable","11":"virtual","12":"product-type-simple"},"bundled_by":[],"bundle_stock_status":"instock","bundle_stock_quantity":null,"bundle_virtual":false,"bundle_layout":"","bundle_add_to_cart_form_location":"","bundle_editable_in_cart":false,"bundle_sold_individually_context":"","bundle_item_grouping":"","bundle_min_size":"","bundle_max_size":"","bundle_price":[],"bundled_items":[],"bundle_sell_ids":[],"_links":{"self":[{"href":"https:\/\/logic-vault.com\/tr\/wp-json\/wp\/v2\/product\/27029","targetHints":{"allow":["GET"]}}],"collection":[{"href":"https:\/\/logic-vault.com\/tr\/wp-json\/wp\/v2\/product"}],"about":[{"href":"https:\/\/logic-vault.com\/tr\/wp-json\/wp\/v2\/types\/product"}],"replies":[{"embeddable":true,"href":"https:\/\/logic-vault.com\/tr\/wp-json\/wp\/v2\/comments?post=27029"}],"wp:featuredmedia":[{"embeddable":true,"href":"https:\/\/logic-vault.com\/tr\/wp-json\/wp\/v2\/media\/26960"}],"wp:attachment":[{"href":"https:\/\/logic-vault.com\/tr\/wp-json\/wp\/v2\/media?parent=27029"}],"wp:term":[{"taxonomy":"product_brand","embeddable":true,"href":"https:\/\/logic-vault.com\/tr\/wp-json\/wp\/v2\/product_brand?post=27029"},{"taxonomy":"product_cat","embeddable":true,"href":"https:\/\/logic-vault.com\/tr\/wp-json\/wp\/v2\/product_cat?post=27029"},{"taxonomy":"product_tag","embeddable":true,"href":"https:\/\/logic-vault.com\/tr\/wp-json\/wp\/v2\/product_tag?post=27029"}],"curies":[{"name":"wp","href":"https:\/\/api.w.org\/{rel}","templated":true}]}}