{"id":27028,"date":"2026-02-17T23:07:05","date_gmt":"2026-02-17T23:07:05","guid":{"rendered":"https:\/\/logic-vault.com\/product\/song-lyrics\/"},"modified":"2026-02-17T23:07:06","modified_gmt":"2026-02-17T23:07:06","slug":"song-lyrics","status":"publish","type":"product","link":"https:\/\/logic-vault.com\/tr\/urun\/song-lyrics\/","title":{"rendered":"\u015eark\u0131 S\u00f6zleri"},"content":{"rendered":"<p>Duygusal, atmosferik R&amp;B \u015fark\u0131 s\u00f6zleri, karanl\u0131k ve ba\u015ftan \u00e7\u0131kar\u0131c\u0131l\u0131\u011f\u0131n e\u015fsiz bir kar\u0131\u015f\u0131m\u0131n\u0131 sunuyor. Gece ge\u00e7 saatlerin nostaljik enerjisini, ak\u0131lda kal\u0131c\u0131 nakaratlar ve etkileyici melodilerle yakalamak isteyen sanat\u00e7\u0131lar i\u00e7in m\u00fckemmel.<\/p>","protected":false},"excerpt":{"rendered":"<p>Duygusal, atmosferik R&amp;B \u015fark\u0131 s\u00f6zleri, karanl\u0131k ve ba\u015ftan \u00e7\u0131kar\u0131c\u0131l\u0131\u011f\u0131n e\u015fsiz bir kar\u0131\u015f\u0131m\u0131n\u0131 sunuyor. Gece ge\u00e7 saatlerin nostaljik enerjisini, ak\u0131lda kal\u0131c\u0131 nakaratlar ve etkileyici melodilerle yakalamak isteyen sanat\u00e7\u0131lar i\u00e7in m\u00fckemmel.<\/p>","protected":false},"featured_media":27027,"comment_status":"open","ping_status":"closed","template":"","meta":[],"product_brand":[],"product_cat":[4097],"product_tag":[],"class_list":{"0":"post-27028","1":"product","2":"type-product","3":"status-publish","4":"has-post-thumbnail","6":"product_cat-design-creativity","8":"first","9":"instock","10":"downloadable","11":"virtual","12":"product-type-simple"},"bundled_by":[],"bundle_stock_status":"instock","bundle_stock_quantity":null,"bundle_virtual":false,"bundle_layout":"","bundle_add_to_cart_form_location":"","bundle_editable_in_cart":false,"bundle_sold_individually_context":"","bundle_item_grouping":"","bundle_min_size":"","bundle_max_size":"","bundle_price":[],"bundled_items":[],"bundle_sell_ids":[],"_links":{"self":[{"href":"https:\/\/logic-vault.com\/tr\/wp-json\/wp\/v2\/product\/27028","targetHints":{"allow":["GET"]}}],"collection":[{"href":"https:\/\/logic-vault.com\/tr\/wp-json\/wp\/v2\/product"}],"about":[{"href":"https:\/\/logic-vault.com\/tr\/wp-json\/wp\/v2\/types\/product"}],"replies":[{"embeddable":true,"href":"https:\/\/logic-vault.com\/tr\/wp-json\/wp\/v2\/comments?post=27028"}],"wp:featuredmedia":[{"embeddable":true,"href":"https:\/\/logic-vault.com\/tr\/wp-json\/wp\/v2\/media\/27027"}],"wp:attachment":[{"href":"https:\/\/logic-vault.com\/tr\/wp-json\/wp\/v2\/media?parent=27028"}],"wp:term":[{"taxonomy":"product_brand","embeddable":true,"href":"https:\/\/logic-vault.com\/tr\/wp-json\/wp\/v2\/product_brand?post=27028"},{"taxonomy":"product_cat","embeddable":true,"href":"https:\/\/logic-vault.com\/tr\/wp-json\/wp\/v2\/product_cat?post=27028"},{"taxonomy":"product_tag","embeddable":true,"href":"https:\/\/logic-vault.com\/tr\/wp-json\/wp\/v2\/product_tag?post=27028"}],"curies":[{"name":"wp","href":"https:\/\/api.w.org\/{rel}","templated":true}]}}