{"id":27026,"date":"2026-02-17T23:07:05","date_gmt":"2026-02-17T23:07:05","guid":{"rendered":"https:\/\/logic-vault.com\/product\/custom-jingle-generator\/"},"modified":"2026-02-17T23:07:05","modified_gmt":"2026-02-17T23:07:05","slug":"custom-jingle-generator","status":"publish","type":"product","link":"https:\/\/logic-vault.com\/tr\/urun\/custom-jingle-generator\/","title":{"rendered":"\u00d6zel Jingle Olu\u015fturucu"},"content":{"rendered":"<p>Yapay zeka kullanarak markan\u0131z i\u00e7in benzersiz ve \u00f6zel bir jingle konsepti olu\u015fturun. Ayr\u0131nt\u0131l\u0131 enstr\u00fcman \u00f6nerileri ve ad\u0131m ad\u0131m yapay zeka arac\u0131 k\u0131lavuzu almak i\u00e7in \u00e7e\u015fitli i\u015fletme t\u00fcrleri, tonlar, ruh halleri ve jingle uzunluklar\u0131 aras\u0131ndan se\u00e7im yap\u0131n. \u0130ster e\u011flenceli bir pastane jingle&#039;\u0131, ister motive edici bir spor markas\u0131 melodisi olu\u015fturuyor olun, bu k\u0131lavuz ak\u0131lda kal\u0131c\u0131 ve unutulmaz bir m\u00fczik par\u00e7as\u0131 tasarlaman\u0131za yard\u0131mc\u0131 olur. Boomy gibi ara\u00e7lar\u0131 kullanma \u00f6nerileriyle bir sonraki jingle&#039;\u0131n\u0131z\u0131 kolayca olu\u015fturun.\u201d<\/p>","protected":false},"excerpt":{"rendered":"<p>Generate a unique and tailored jingle concept for your brand using AI. Choose from multiple business types, tones, moods, and jingle lengths to receive detailed instrument suggestions and a step-by-step AI tool guide. Whether you&#8217;re creating a playful bakery jingle or a motivational sports brand tune, this prompt helps you design a catchy, memorable piece [&hellip;]<\/p>\n","protected":false},"featured_media":27025,"comment_status":"open","ping_status":"closed","template":"","meta":[],"product_brand":[],"product_cat":[4097],"product_tag":[],"class_list":{"0":"post-27026","1":"product","2":"type-product","3":"status-publish","4":"has-post-thumbnail","6":"product_cat-design-creativity","8":"first","9":"instock","10":"downloadable","11":"virtual","12":"product-type-simple"},"bundled_by":[],"bundle_stock_status":"instock","bundle_stock_quantity":null,"bundle_virtual":false,"bundle_layout":"","bundle_add_to_cart_form_location":"","bundle_editable_in_cart":false,"bundle_sold_individually_context":"","bundle_item_grouping":"","bundle_min_size":"","bundle_max_size":"","bundle_price":[],"bundled_items":[],"bundle_sell_ids":[],"_links":{"self":[{"href":"https:\/\/logic-vault.com\/tr\/wp-json\/wp\/v2\/product\/27026","targetHints":{"allow":["GET"]}}],"collection":[{"href":"https:\/\/logic-vault.com\/tr\/wp-json\/wp\/v2\/product"}],"about":[{"href":"https:\/\/logic-vault.com\/tr\/wp-json\/wp\/v2\/types\/product"}],"replies":[{"embeddable":true,"href":"https:\/\/logic-vault.com\/tr\/wp-json\/wp\/v2\/comments?post=27026"}],"wp:featuredmedia":[{"embeddable":true,"href":"https:\/\/logic-vault.com\/tr\/wp-json\/wp\/v2\/media\/27025"}],"wp:attachment":[{"href":"https:\/\/logic-vault.com\/tr\/wp-json\/wp\/v2\/media?parent=27026"}],"wp:term":[{"taxonomy":"product_brand","embeddable":true,"href":"https:\/\/logic-vault.com\/tr\/wp-json\/wp\/v2\/product_brand?post=27026"},{"taxonomy":"product_cat","embeddable":true,"href":"https:\/\/logic-vault.com\/tr\/wp-json\/wp\/v2\/product_cat?post=27026"},{"taxonomy":"product_tag","embeddable":true,"href":"https:\/\/logic-vault.com\/tr\/wp-json\/wp\/v2\/product_tag?post=27026"}],"curies":[{"name":"wp","href":"https:\/\/api.w.org\/{rel}","templated":true}]}}