{"id":27024,"date":"2026-02-17T23:07:05","date_gmt":"2026-02-17T23:07:05","guid":{"rendered":"https:\/\/logic-vault.com\/product\/create-catchy-song-chorus\/"},"modified":"2026-02-17T23:07:05","modified_gmt":"2026-02-17T23:07:05","slug":"create-catchy-song-chorus","status":"publish","type":"product","link":"https:\/\/logic-vault.com\/tr\/urun\/create-catchy-song-chorus\/","title":{"rendered":"Ak\u0131lda Kal\u0131c\u0131 \u015eark\u0131 Nakarat\u0131 Olu\u015fturun"},"content":{"rendered":"<p>Uzman m\u00fczik bestecileri ve s\u00f6z yazarlar\u0131 i\u00e7in tasarlanm\u0131\u015f ChatGPT arac\u0131yla b\u00fcy\u00fcleyici melodiler yarat\u0131n. Bu ara\u00e7, belirtilen herhangi bir \u015fark\u0131 t\u00fcr\u00fc ve tonuyla m\u00fckemmel uyum sa\u011flayan, ak\u0131lda kal\u0131c\u0131 ve \u00f6zg\u00fcn melodiler olu\u015fturman\u0131zda size rehberlik ederek duygusal etkiyi ve dinleyiciyle ba\u011f kurmay\u0131 art\u0131r\u0131r.<\/p>","protected":false},"excerpt":{"rendered":"<p>Uzman m\u00fczik bestecileri ve s\u00f6z yazarlar\u0131 i\u00e7in tasarlanm\u0131\u015f ChatGPT arac\u0131yla b\u00fcy\u00fcleyici melodiler yarat\u0131n. Bu ara\u00e7, belirtilen herhangi bir \u015fark\u0131 t\u00fcr\u00fc ve tonuyla m\u00fckemmel uyum sa\u011flayan, ak\u0131lda kal\u0131c\u0131 ve \u00f6zg\u00fcn melodiler olu\u015fturman\u0131zda size rehberlik ederek duygusal etkiyi ve dinleyiciyle ba\u011f kurmay\u0131 art\u0131r\u0131r.<\/p>","protected":false},"featured_media":27023,"comment_status":"open","ping_status":"closed","template":"","meta":[],"product_brand":[],"product_cat":[4097],"product_tag":[],"class_list":{"0":"post-27024","1":"product","2":"type-product","3":"status-publish","4":"has-post-thumbnail","6":"product_cat-design-creativity","8":"first","9":"instock","10":"downloadable","11":"virtual","12":"product-type-simple"},"bundled_by":[],"bundle_stock_status":"instock","bundle_stock_quantity":null,"bundle_virtual":false,"bundle_layout":"","bundle_add_to_cart_form_location":"","bundle_editable_in_cart":false,"bundle_sold_individually_context":"","bundle_item_grouping":"","bundle_min_size":"","bundle_max_size":"","bundle_price":[],"bundled_items":[],"bundle_sell_ids":[],"_links":{"self":[{"href":"https:\/\/logic-vault.com\/tr\/wp-json\/wp\/v2\/product\/27024","targetHints":{"allow":["GET"]}}],"collection":[{"href":"https:\/\/logic-vault.com\/tr\/wp-json\/wp\/v2\/product"}],"about":[{"href":"https:\/\/logic-vault.com\/tr\/wp-json\/wp\/v2\/types\/product"}],"replies":[{"embeddable":true,"href":"https:\/\/logic-vault.com\/tr\/wp-json\/wp\/v2\/comments?post=27024"}],"wp:featuredmedia":[{"embeddable":true,"href":"https:\/\/logic-vault.com\/tr\/wp-json\/wp\/v2\/media\/27023"}],"wp:attachment":[{"href":"https:\/\/logic-vault.com\/tr\/wp-json\/wp\/v2\/media?parent=27024"}],"wp:term":[{"taxonomy":"product_brand","embeddable":true,"href":"https:\/\/logic-vault.com\/tr\/wp-json\/wp\/v2\/product_brand?post=27024"},{"taxonomy":"product_cat","embeddable":true,"href":"https:\/\/logic-vault.com\/tr\/wp-json\/wp\/v2\/product_cat?post=27024"},{"taxonomy":"product_tag","embeddable":true,"href":"https:\/\/logic-vault.com\/tr\/wp-json\/wp\/v2\/product_tag?post=27024"}],"curies":[{"name":"wp","href":"https:\/\/api.w.org\/{rel}","templated":true}]}}