{"id":27020,"date":"2026-02-17T23:07:04","date_gmt":"2026-02-17T23:07:04","guid":{"rendered":"https:\/\/logic-vault.com\/product\/suno-create-songs-in-seconds\/"},"modified":"2026-02-17T23:07:04","modified_gmt":"2026-02-17T23:07:04","slug":"suno-create-songs-in-seconds","status":"publish","type":"product","link":"https:\/\/logic-vault.com\/tr\/urun\/suno-create-songs-in-seconds\/","title":{"rendered":"Suno ile Saniyeler \u0130\u00e7inde \u015eark\u0131 Olu\u015fturun"},"content":{"rendered":"<p>Suno i\u00e7in \u015fark\u0131 s\u00f6z\u00fc yazmakla u\u011fra\u015fmaktan b\u0131kt\u0131n\u0131z m\u0131? Merak etmeyin, ben de ayn\u0131 durumdayd\u0131m. Stilleri araman\u0131n, yapay zekay\u0131 s\u00fcrekli d\u00fczeltmenin ve en iyi sonucu almaya \u00e7al\u0131\u015fman\u0131n ne kadar sinir bozucu olabilece\u011fini biliyorum. Bu y\u00fczden \u015fark\u0131lar\u0131n\u0131z\u0131n ba\u015far\u0131l\u0131 olmas\u0131 i\u00e7in en iyi tarifi payla\u015f\u0131yorum.<\/p>\n<p>Bu k\u0131lavuz sayesinde hem zamandan tasarruf edeceksiniz hem de \u015fark\u0131 s\u00f6zlerinizin kalitesini bir \u00fcst seviyeye ta\u015f\u0131yacaks\u0131n\u0131z. \u0130ster video projeleri i\u00e7in olsun ister piyasada hit olmay\u0131 hedefleyen \u015fark\u0131lar i\u00e7in, rekabet edebilmek i\u00e7in ihtiyac\u0131n\u0131z olan her \u015fey burada.<\/p>","protected":false},"excerpt":{"rendered":"<p>Tired of stressing over creating lyrics for Suno? Don\u2019t worry, I\u2019ve been there too. I know how frustrating it can be to search for styles, constantly correct the AI, and try to get the best out of it. That\u2019s why I\u2019m sharing the ultimate recipe to make your songs a success. With this instruction, you\u2019ll [&hellip;]<\/p>\n","protected":false},"featured_media":27019,"comment_status":"open","ping_status":"closed","template":"","meta":[],"product_brand":[],"product_cat":[4097],"product_tag":[],"class_list":{"0":"post-27020","1":"product","2":"type-product","3":"status-publish","4":"has-post-thumbnail","6":"product_cat-design-creativity","8":"first","9":"instock","10":"downloadable","11":"virtual","12":"product-type-simple"},"bundled_by":[],"bundle_stock_status":"instock","bundle_stock_quantity":null,"bundle_virtual":false,"bundle_layout":"","bundle_add_to_cart_form_location":"","bundle_editable_in_cart":false,"bundle_sold_individually_context":"","bundle_item_grouping":"","bundle_min_size":"","bundle_max_size":"","bundle_price":[],"bundled_items":[],"bundle_sell_ids":[],"_links":{"self":[{"href":"https:\/\/logic-vault.com\/tr\/wp-json\/wp\/v2\/product\/27020","targetHints":{"allow":["GET"]}}],"collection":[{"href":"https:\/\/logic-vault.com\/tr\/wp-json\/wp\/v2\/product"}],"about":[{"href":"https:\/\/logic-vault.com\/tr\/wp-json\/wp\/v2\/types\/product"}],"replies":[{"embeddable":true,"href":"https:\/\/logic-vault.com\/tr\/wp-json\/wp\/v2\/comments?post=27020"}],"wp:featuredmedia":[{"embeddable":true,"href":"https:\/\/logic-vault.com\/tr\/wp-json\/wp\/v2\/media\/27019"}],"wp:attachment":[{"href":"https:\/\/logic-vault.com\/tr\/wp-json\/wp\/v2\/media?parent=27020"}],"wp:term":[{"taxonomy":"product_brand","embeddable":true,"href":"https:\/\/logic-vault.com\/tr\/wp-json\/wp\/v2\/product_brand?post=27020"},{"taxonomy":"product_cat","embeddable":true,"href":"https:\/\/logic-vault.com\/tr\/wp-json\/wp\/v2\/product_cat?post=27020"},{"taxonomy":"product_tag","embeddable":true,"href":"https:\/\/logic-vault.com\/tr\/wp-json\/wp\/v2\/product_tag?post=27020"}],"curies":[{"name":"wp","href":"https:\/\/api.w.org\/{rel}","templated":true}]}}