{"id":27018,"date":"2026-02-17T23:07:04","date_gmt":"2026-02-17T23:07:04","guid":{"rendered":"https:\/\/logic-vault.com\/product\/suno-ai-lyrics-to-music-converter\/"},"modified":"2026-02-17T23:07:04","modified_gmt":"2026-02-17T23:07:04","slug":"suno-ai-lyrics-to-music-converter","status":"publish","type":"product","link":"https:\/\/logic-vault.com\/tr\/urun\/suno-ai-lyrics-to-music-converter\/","title":{"rendered":"Suno Ai \u2013 \u015eark\u0131 S\u00f6zlerini M\u00fczik D\u00f6n\u00fc\u015ft\u00fcr\u00fcc\u00fc"},"content":{"rendered":"<p>Transforms your lyrics into custom music prompts for Suno. Perfect for artists looking to convert their creative writing into dynamic, layered music tracks.<\/p>\n<p>You\u2019ll get:<br \/>\n&#8211; Text Analysis: Breaking down the emotions, themes, and energies of your text.<br \/>\n&#8211; 10 Creative Suno Prompts interpretation : Each 120 characters, guiding the style, rhythm, instruments, and flow to capture the essence of your text.<br \/>\n&#8211; 6 Title Suggestions: in French, English, or Franglais, matching the mood and meaning of the text.<\/p>","protected":false},"excerpt":{"rendered":"<p>Transforms your lyrics into custom music prompts for Suno. Perfect for artists looking to convert their creative writing into dynamic, layered music tracks. You\u2019ll get: &#8211; Text Analysis: Breaking down the emotions, themes, and energies of your text. &#8211; 10 Creative Suno Prompts interpretation : Each 120 characters, guiding the style, rhythm, instruments, and flow [&hellip;]<\/p>\n","protected":false},"featured_media":27017,"comment_status":"open","ping_status":"closed","template":"","meta":[],"product_brand":[],"product_cat":[4097],"product_tag":[],"class_list":{"0":"post-27018","1":"product","2":"type-product","3":"status-publish","4":"has-post-thumbnail","6":"product_cat-design-creativity","8":"first","9":"instock","10":"downloadable","11":"virtual","12":"product-type-simple"},"bundled_by":[],"bundle_stock_status":"instock","bundle_stock_quantity":null,"bundle_virtual":false,"bundle_layout":"","bundle_add_to_cart_form_location":"","bundle_editable_in_cart":false,"bundle_sold_individually_context":"","bundle_item_grouping":"","bundle_min_size":"","bundle_max_size":"","bundle_price":[],"bundled_items":[],"bundle_sell_ids":[],"_links":{"self":[{"href":"https:\/\/logic-vault.com\/tr\/wp-json\/wp\/v2\/product\/27018","targetHints":{"allow":["GET"]}}],"collection":[{"href":"https:\/\/logic-vault.com\/tr\/wp-json\/wp\/v2\/product"}],"about":[{"href":"https:\/\/logic-vault.com\/tr\/wp-json\/wp\/v2\/types\/product"}],"replies":[{"embeddable":true,"href":"https:\/\/logic-vault.com\/tr\/wp-json\/wp\/v2\/comments?post=27018"}],"wp:featuredmedia":[{"embeddable":true,"href":"https:\/\/logic-vault.com\/tr\/wp-json\/wp\/v2\/media\/27017"}],"wp:attachment":[{"href":"https:\/\/logic-vault.com\/tr\/wp-json\/wp\/v2\/media?parent=27018"}],"wp:term":[{"taxonomy":"product_brand","embeddable":true,"href":"https:\/\/logic-vault.com\/tr\/wp-json\/wp\/v2\/product_brand?post=27018"},{"taxonomy":"product_cat","embeddable":true,"href":"https:\/\/logic-vault.com\/tr\/wp-json\/wp\/v2\/product_cat?post=27018"},{"taxonomy":"product_tag","embeddable":true,"href":"https:\/\/logic-vault.com\/tr\/wp-json\/wp\/v2\/product_tag?post=27018"}],"curies":[{"name":"wp","href":"https:\/\/api.w.org\/{rel}","templated":true}]}}