{"id":27016,"date":"2026-02-17T23:07:03","date_gmt":"2026-02-17T23:07:03","guid":{"rendered":"https:\/\/logic-vault.com\/product\/strategic-work-the-focus-playlist\/"},"modified":"2026-02-17T23:07:03","modified_gmt":"2026-02-17T23:07:03","slug":"strategic-work-the-focus-playlist","status":"publish","type":"product","link":"https:\/\/logic-vault.com\/tr\/urun\/strategic-work-the-focus-playlist\/","title":{"rendered":"Stratejik \u00c7al\u0131\u015fma Odak Noktas\u0131 \u00c7alma Listesi"},"content":{"rendered":"<p>G\u00f6revinizi ve ruh halinizi, odaklanmay\u0131, uygulamay\u0131 ve zihinsel berrakl\u0131\u011f\u0131 art\u0131rmak i\u00e7in yap\u0131 ve ritmi harmanlayan 90 dakikal\u0131k bir \u00e7al\u0131\u015fma seans\u0131na d\u00f6n\u00fc\u015ft\u00fcr\u00fcn.<br \/>\nSadece iki girdiyle, bu komut istemi enerji seviyeleri ve ruh hali ipu\u00e7lar\u0131yla 5 a\u015famal\u0131 bir \u00e7al\u0131\u015fma dizisi (\u0131s\u0131nma, yo\u011fun \u00e7al\u0131\u015fma, so\u011fuma) olu\u015fturur.<br \/>\nSadece yap\u0131lacaklar listesinden fazlas\u0131na ihtiya\u00e7 duyan yarat\u0131c\u0131lar ve stratejik zihinler i\u00e7in tasarland\u0131: yap\u0131 ve ak\u0131\u015f bir araya geliyor, sonunda \u00f6zel bir \u00e7alma listesi ad\u0131 bulunuyor.<\/p>","protected":false},"excerpt":{"rendered":"<p>Turn your task and mood into a 90-minute work session that blends structure and rhythm to improve focus, execution and mental clarity. With just two inputs, this prompt builds a 5-part work sequence (warm-up, deep work, cooldown) with energy levels and mood cues. Designed for creators and strategic minds who need more than a to-do [&hellip;]<\/p>\n","protected":false},"featured_media":27015,"comment_status":"open","ping_status":"closed","template":"","meta":[],"product_brand":[],"product_cat":[4097],"product_tag":[],"class_list":{"0":"post-27016","1":"product","2":"type-product","3":"status-publish","4":"has-post-thumbnail","6":"product_cat-design-creativity","8":"first","9":"instock","10":"downloadable","11":"virtual","12":"product-type-simple"},"bundled_by":[],"bundle_stock_status":"instock","bundle_stock_quantity":null,"bundle_virtual":false,"bundle_layout":"","bundle_add_to_cart_form_location":"","bundle_editable_in_cart":false,"bundle_sold_individually_context":"","bundle_item_grouping":"","bundle_min_size":"","bundle_max_size":"","bundle_price":[],"bundled_items":[],"bundle_sell_ids":[],"_links":{"self":[{"href":"https:\/\/logic-vault.com\/tr\/wp-json\/wp\/v2\/product\/27016","targetHints":{"allow":["GET"]}}],"collection":[{"href":"https:\/\/logic-vault.com\/tr\/wp-json\/wp\/v2\/product"}],"about":[{"href":"https:\/\/logic-vault.com\/tr\/wp-json\/wp\/v2\/types\/product"}],"replies":[{"embeddable":true,"href":"https:\/\/logic-vault.com\/tr\/wp-json\/wp\/v2\/comments?post=27016"}],"wp:featuredmedia":[{"embeddable":true,"href":"https:\/\/logic-vault.com\/tr\/wp-json\/wp\/v2\/media\/27015"}],"wp:attachment":[{"href":"https:\/\/logic-vault.com\/tr\/wp-json\/wp\/v2\/media?parent=27016"}],"wp:term":[{"taxonomy":"product_brand","embeddable":true,"href":"https:\/\/logic-vault.com\/tr\/wp-json\/wp\/v2\/product_brand?post=27016"},{"taxonomy":"product_cat","embeddable":true,"href":"https:\/\/logic-vault.com\/tr\/wp-json\/wp\/v2\/product_cat?post=27016"},{"taxonomy":"product_tag","embeddable":true,"href":"https:\/\/logic-vault.com\/tr\/wp-json\/wp\/v2\/product_tag?post=27016"}],"curies":[{"name":"wp","href":"https:\/\/api.w.org\/{rel}","templated":true}]}}