{"id":27014,"date":"2026-02-17T23:07:03","date_gmt":"2026-02-17T23:07:03","guid":{"rendered":"https:\/\/logic-vault.com\/product\/custom-music-generator-for-suno\/"},"modified":"2026-02-17T23:07:03","modified_gmt":"2026-02-17T23:07:03","slug":"custom-music-generator-for-suno","status":"publish","type":"product","link":"https:\/\/logic-vault.com\/tr\/urun\/custom-music-generator-for-suno\/","title":{"rendered":"Suno i\u00e7in \u00d6zel M\u00fczik Olu\u015fturucu"},"content":{"rendered":"<p>\ud83c\udfb5 Create powerful, original songs in any genre with this universal Suno AI prompt. Mix custom styles, moods, and influences to generate pro-quality lyrics and style prompts. Whether you want metal, synthpop, ballads or beyond\u2014this tool adapts to your vision. Unleash endless music potential!<\/p>","protected":false},"excerpt":{"rendered":"<p>\ud83c\udfb5 Create powerful, original songs in any genre with this universal Suno AI prompt. Mix custom styles, moods, and influences to generate pro-quality lyrics and style prompts. Whether you want metal, synthpop, ballads or beyond\u2014this tool adapts to your vision. Unleash endless music potential!<\/p>","protected":false},"featured_media":27013,"comment_status":"open","ping_status":"closed","template":"","meta":[],"product_brand":[],"product_cat":[4097],"product_tag":[],"class_list":{"0":"post-27014","1":"product","2":"type-product","3":"status-publish","4":"has-post-thumbnail","6":"product_cat-design-creativity","8":"first","9":"instock","10":"downloadable","11":"virtual","12":"product-type-simple"},"bundled_by":[],"bundle_stock_status":"instock","bundle_stock_quantity":null,"bundle_virtual":false,"bundle_layout":"","bundle_add_to_cart_form_location":"","bundle_editable_in_cart":false,"bundle_sold_individually_context":"","bundle_item_grouping":"","bundle_min_size":"","bundle_max_size":"","bundle_price":[],"bundled_items":[],"bundle_sell_ids":[],"_links":{"self":[{"href":"https:\/\/logic-vault.com\/tr\/wp-json\/wp\/v2\/product\/27014","targetHints":{"allow":["GET"]}}],"collection":[{"href":"https:\/\/logic-vault.com\/tr\/wp-json\/wp\/v2\/product"}],"about":[{"href":"https:\/\/logic-vault.com\/tr\/wp-json\/wp\/v2\/types\/product"}],"replies":[{"embeddable":true,"href":"https:\/\/logic-vault.com\/tr\/wp-json\/wp\/v2\/comments?post=27014"}],"wp:featuredmedia":[{"embeddable":true,"href":"https:\/\/logic-vault.com\/tr\/wp-json\/wp\/v2\/media\/27013"}],"wp:attachment":[{"href":"https:\/\/logic-vault.com\/tr\/wp-json\/wp\/v2\/media?parent=27014"}],"wp:term":[{"taxonomy":"product_brand","embeddable":true,"href":"https:\/\/logic-vault.com\/tr\/wp-json\/wp\/v2\/product_brand?post=27014"},{"taxonomy":"product_cat","embeddable":true,"href":"https:\/\/logic-vault.com\/tr\/wp-json\/wp\/v2\/product_cat?post=27014"},{"taxonomy":"product_tag","embeddable":true,"href":"https:\/\/logic-vault.com\/tr\/wp-json\/wp\/v2\/product_tag?post=27014"}],"curies":[{"name":"wp","href":"https:\/\/api.w.org\/{rel}","templated":true}]}}