{"id":27008,"date":"2026-02-17T23:07:01","date_gmt":"2026-02-17T23:07:01","guid":{"rendered":"https:\/\/logic-vault.com\/product\/genrebased-lyric-generator\/"},"modified":"2026-02-17T23:07:02","modified_gmt":"2026-02-17T23:07:02","slug":"genrebased-lyric-generator","status":"publish","type":"product","link":"https:\/\/logic-vault.com\/tr\/urun\/genrebased-lyric-generator\/","title":{"rendered":"T\u00fcre Dayal\u0131 \u015eark\u0131 S\u00f6z\u00fc Olu\u015fturucu"},"content":{"rendered":"<p>\u0130stedi\u011finiz temay\u0131, se\u00e7ti\u011finiz m\u00fczik t\u00fcr\u00fcn\u00fcn tarz\u0131nda eksiksiz \u015fark\u0131 s\u00f6zlerine d\u00f6n\u00fc\u015ft\u00fcr\u00fcn. Bu \u015fablon, pop, country, rock veya rap gibi t\u00fcrlerin tonuna, ritmine ve format\u0131na uygun, canl\u0131 imgeler i\u00e7eren, duygusal a\u00e7\u0131dan zengin ve yap\u0131land\u0131r\u0131lm\u0131\u015f \u015fark\u0131 s\u00f6zleri \u00fcretir. Do\u011fal ve \u00f6zg\u00fcn bir \u015fekilde seslendirilmek \u00fczere tasarlanm\u0131\u015f, m\u0131sralar, nakaratlar, kancalar ve iste\u011fe ba\u011fl\u0131 k\u00f6pr\u00fcler i\u00e7erir. G\u00fc\u00e7l\u00fc ve ak\u0131lda kal\u0131c\u0131 s\u00f6zler arayan m\u00fczisyenler, s\u00f6z yazarlar\u0131 veya i\u00e7erik olu\u015fturucular i\u00e7in m\u00fckemmeldir.<\/p>","protected":false},"excerpt":{"rendered":"<p>Turn any theme into full song lyrics in the style of your chosen genre. This prompt generates emotionally rich, structured lyrics with vivid imagery, tailored to the tone, rhythm, and format of genres like pop, country, rock, or rap. Includes verses, choruses, hooks, and optional bridges\u2014crafted to sound natural and authentic. Perfect for musicians, lyricists, [&hellip;]<\/p>\n","protected":false},"featured_media":27007,"comment_status":"open","ping_status":"closed","template":"","meta":[],"product_brand":[],"product_cat":[4097],"product_tag":[],"class_list":{"0":"post-27008","1":"product","2":"type-product","3":"status-publish","4":"has-post-thumbnail","6":"product_cat-design-creativity","8":"first","9":"instock","10":"downloadable","11":"virtual","12":"product-type-simple"},"bundled_by":[],"bundle_stock_status":"instock","bundle_stock_quantity":null,"bundle_virtual":false,"bundle_layout":"","bundle_add_to_cart_form_location":"","bundle_editable_in_cart":false,"bundle_sold_individually_context":"","bundle_item_grouping":"","bundle_min_size":"","bundle_max_size":"","bundle_price":[],"bundled_items":[],"bundle_sell_ids":[],"_links":{"self":[{"href":"https:\/\/logic-vault.com\/tr\/wp-json\/wp\/v2\/product\/27008","targetHints":{"allow":["GET"]}}],"collection":[{"href":"https:\/\/logic-vault.com\/tr\/wp-json\/wp\/v2\/product"}],"about":[{"href":"https:\/\/logic-vault.com\/tr\/wp-json\/wp\/v2\/types\/product"}],"replies":[{"embeddable":true,"href":"https:\/\/logic-vault.com\/tr\/wp-json\/wp\/v2\/comments?post=27008"}],"wp:featuredmedia":[{"embeddable":true,"href":"https:\/\/logic-vault.com\/tr\/wp-json\/wp\/v2\/media\/27007"}],"wp:attachment":[{"href":"https:\/\/logic-vault.com\/tr\/wp-json\/wp\/v2\/media?parent=27008"}],"wp:term":[{"taxonomy":"product_brand","embeddable":true,"href":"https:\/\/logic-vault.com\/tr\/wp-json\/wp\/v2\/product_brand?post=27008"},{"taxonomy":"product_cat","embeddable":true,"href":"https:\/\/logic-vault.com\/tr\/wp-json\/wp\/v2\/product_cat?post=27008"},{"taxonomy":"product_tag","embeddable":true,"href":"https:\/\/logic-vault.com\/tr\/wp-json\/wp\/v2\/product_tag?post=27008"}],"curies":[{"name":"wp","href":"https:\/\/api.w.org\/{rel}","templated":true}]}}