{"id":27006,"date":"2026-02-17T23:07:01","date_gmt":"2026-02-17T23:07:01","guid":{"rendered":"https:\/\/logic-vault.com\/product\/rap-lyric-generator-pro\/"},"modified":"2026-02-17T23:07:01","modified_gmt":"2026-02-17T23:07:01","slug":"rap-lyric-generator-pro","status":"publish","type":"product","link":"https:\/\/logic-vault.com\/tr\/urun\/rap-lyric-generator-pro\/","title":{"rendered":"Rap \u015eark\u0131 S\u00f6z\u00fc Olu\u015fturucu Pro"},"content":{"rendered":"<p>Tarz\u0131n\u0131za uygun, \u00f6zg\u00fcn ve etkileyici rap \u015fark\u0131 s\u00f6zleri olu\u015fturun. Konuyu, ak\u0131\u015f s\u00fcresini, kafiye stilini ve tonu \u00f6zelle\u015ftirin. Saniyeler i\u00e7inde ham, lirik ate\u015f isteyen sanat\u00e7\u0131lar, prod\u00fckt\u00f6rler ve i\u00e7erik olu\u015fturucular i\u00e7in m\u00fckemmel. \u00c7\u0131kt\u0131 keskin, ritmik ve kaydedilmeye veya d\u00fczenlenmeye haz\u0131r. Serbest stil, st\u00fcdyo kay\u0131tlar\u0131 veya sosyal medya payla\u015f\u0131mlar\u0131 i\u00e7in uygundur.<\/p>","protected":false},"excerpt":{"rendered":"<p>Tarz\u0131n\u0131za uygun, \u00f6zg\u00fcn ve etkileyici rap \u015fark\u0131 s\u00f6zleri olu\u015fturun. Konuyu, ak\u0131\u015f s\u00fcresini, kafiye stilini ve tonu \u00f6zelle\u015ftirin. Saniyeler i\u00e7inde ham, lirik ate\u015f isteyen sanat\u00e7\u0131lar, prod\u00fckt\u00f6rler ve i\u00e7erik olu\u015fturucular i\u00e7in m\u00fckemmel. \u00c7\u0131kt\u0131 keskin, ritmik ve kaydedilmeye veya d\u00fczenlenmeye haz\u0131r. Serbest stil, st\u00fcdyo kay\u0131tlar\u0131 veya sosyal medya payla\u015f\u0131mlar\u0131 i\u00e7in uygundur.<\/p>","protected":false},"featured_media":27005,"comment_status":"open","ping_status":"closed","template":"","meta":[],"product_brand":[],"product_cat":[4097],"product_tag":[],"class_list":{"0":"post-27006","1":"product","2":"type-product","3":"status-publish","4":"has-post-thumbnail","6":"product_cat-design-creativity","8":"first","9":"instock","10":"downloadable","11":"virtual","12":"product-type-simple"},"bundled_by":[],"bundle_stock_status":"instock","bundle_stock_quantity":null,"bundle_virtual":false,"bundle_layout":"","bundle_add_to_cart_form_location":"","bundle_editable_in_cart":false,"bundle_sold_individually_context":"","bundle_item_grouping":"","bundle_min_size":"","bundle_max_size":"","bundle_price":[],"bundled_items":[],"bundle_sell_ids":[],"_links":{"self":[{"href":"https:\/\/logic-vault.com\/tr\/wp-json\/wp\/v2\/product\/27006","targetHints":{"allow":["GET"]}}],"collection":[{"href":"https:\/\/logic-vault.com\/tr\/wp-json\/wp\/v2\/product"}],"about":[{"href":"https:\/\/logic-vault.com\/tr\/wp-json\/wp\/v2\/types\/product"}],"replies":[{"embeddable":true,"href":"https:\/\/logic-vault.com\/tr\/wp-json\/wp\/v2\/comments?post=27006"}],"wp:featuredmedia":[{"embeddable":true,"href":"https:\/\/logic-vault.com\/tr\/wp-json\/wp\/v2\/media\/27005"}],"wp:attachment":[{"href":"https:\/\/logic-vault.com\/tr\/wp-json\/wp\/v2\/media?parent=27006"}],"wp:term":[{"taxonomy":"product_brand","embeddable":true,"href":"https:\/\/logic-vault.com\/tr\/wp-json\/wp\/v2\/product_brand?post=27006"},{"taxonomy":"product_cat","embeddable":true,"href":"https:\/\/logic-vault.com\/tr\/wp-json\/wp\/v2\/product_cat?post=27006"},{"taxonomy":"product_tag","embeddable":true,"href":"https:\/\/logic-vault.com\/tr\/wp-json\/wp\/v2\/product_tag?post=27006"}],"curies":[{"name":"wp","href":"https:\/\/api.w.org\/{rel}","templated":true}]}}