{"id":27002,"date":"2026-02-17T23:07:00","date_gmt":"2026-02-17T23:07:00","guid":{"rendered":"https:\/\/logic-vault.com\/product\/concert-fb-event-description-maker\/"},"modified":"2026-02-17T23:07:00","modified_gmt":"2026-02-17T23:07:00","slug":"concert-fb-event-description-maker","status":"publish","type":"product","link":"https:\/\/logic-vault.com\/tr\/urun\/concert-fb-event-description-maker\/","title":{"rendered":"Konser Facebook Etkinlik A\u00e7\u0131klamas\u0131 Olu\u015fturucu"},"content":{"rendered":"<p>Herhangi bir t\u00fcr ve \u00f6l\u00e7ekteki konserler i\u00e7in SEO optimize edilmi\u015f, ilgi \u00e7ekici ve profesyonel Facebook etkinlik a\u00e7\u0131klamalar\u0131 olu\u015fturun. Organizat\u00f6rler, mekanlar, m\u00fczisyenler ve sosyal medya y\u00f6neticileri i\u00e7in m\u00fckemmel olan bu komut dosyas\u0131, kat\u0131l\u0131m\u0131 art\u0131rmak ve ke\u015ffedilebilirli\u011fi en \u00fcst d\u00fczeye \u00e7\u0131karmak i\u00e7in tasarlanm\u0131\u015f etkileyici etkinlik metinleri olu\u015fturur. Sanat\u00e7\u0131 ad\u0131(lar\u0131), mekan\/konum ve t\u00fcr, tarih ve bilet bilgileri gibi etkinlik ayr\u0131nt\u0131lar\u0131 i\u00e7in de\u011fi\u015fken giri\u015f se\u00e7enekleri sunar. Facebook&#039;taki marka varl\u0131\u011f\u0131n\u0131z\u0131 g\u00fc\u00e7lendirirken zamandan tasarruf etmek i\u00e7in kullan\u0131n!<\/p>","protected":false},"excerpt":{"rendered":"<p>Generate SEO-optimized, engaging, and professional Facebook event descriptions for concerts of any genre or scale. Perfect for promoters, venues, musicians, and social media managers, this prompt crafts compelling event blurbs designed to boost attendance and maximize discoverability. Features variable input for artist name(s), venue\/location, and event details such as genre, date, and ticket info. Use [&hellip;]<\/p>\n","protected":false},"featured_media":27001,"comment_status":"open","ping_status":"closed","template":"","meta":[],"product_brand":[],"product_cat":[4097],"product_tag":[],"class_list":{"0":"post-27002","1":"product","2":"type-product","3":"status-publish","4":"has-post-thumbnail","6":"product_cat-design-creativity","8":"first","9":"instock","10":"downloadable","11":"virtual","12":"product-type-simple"},"bundled_by":[],"bundle_stock_status":"instock","bundle_stock_quantity":null,"bundle_virtual":false,"bundle_layout":"","bundle_add_to_cart_form_location":"","bundle_editable_in_cart":false,"bundle_sold_individually_context":"","bundle_item_grouping":"","bundle_min_size":"","bundle_max_size":"","bundle_price":[],"bundled_items":[],"bundle_sell_ids":[],"_links":{"self":[{"href":"https:\/\/logic-vault.com\/tr\/wp-json\/wp\/v2\/product\/27002","targetHints":{"allow":["GET"]}}],"collection":[{"href":"https:\/\/logic-vault.com\/tr\/wp-json\/wp\/v2\/product"}],"about":[{"href":"https:\/\/logic-vault.com\/tr\/wp-json\/wp\/v2\/types\/product"}],"replies":[{"embeddable":true,"href":"https:\/\/logic-vault.com\/tr\/wp-json\/wp\/v2\/comments?post=27002"}],"wp:featuredmedia":[{"embeddable":true,"href":"https:\/\/logic-vault.com\/tr\/wp-json\/wp\/v2\/media\/27001"}],"wp:attachment":[{"href":"https:\/\/logic-vault.com\/tr\/wp-json\/wp\/v2\/media?parent=27002"}],"wp:term":[{"taxonomy":"product_brand","embeddable":true,"href":"https:\/\/logic-vault.com\/tr\/wp-json\/wp\/v2\/product_brand?post=27002"},{"taxonomy":"product_cat","embeddable":true,"href":"https:\/\/logic-vault.com\/tr\/wp-json\/wp\/v2\/product_cat?post=27002"},{"taxonomy":"product_tag","embeddable":true,"href":"https:\/\/logic-vault.com\/tr\/wp-json\/wp\/v2\/product_tag?post=27002"}],"curies":[{"name":"wp","href":"https:\/\/api.w.org\/{rel}","templated":true}]}}