{"id":27000,"date":"2026-02-17T23:06:59","date_gmt":"2026-02-17T23:06:59","guid":{"rendered":"https:\/\/logic-vault.com\/product\/f-writers-block\/"},"modified":"2026-02-17T23:07:00","modified_gmt":"2026-02-17T23:07:00","slug":"f-writers-block","status":"publish","type":"product","link":"https:\/\/logic-vault.com\/tr\/urun\/f-writers-block\/","title":{"rendered":"F Yazarl\u0131k Engeli"},"content":{"rendered":"<p>\u015eark\u0131 yazmaya ba\u015flamak bazen zor olabilir. Bu, \u015fark\u0131 s\u00f6zlerinize ba\u015flaman\u0131za, \u00fczerinde \u00e7al\u0131\u015fabilece\u011finiz fikirler edinmenize, benzetmeler ve metaforlar bulman\u0131za yard\u0131mc\u0131 olur. Vurgu c\u00fcmleleri, kafiyeler.<\/p>","protected":false},"excerpt":{"rendered":"<p>\u015eark\u0131 yazmaya ba\u015flamak bazen zor olabilir. Bu, \u015fark\u0131 s\u00f6zlerinize ba\u015flaman\u0131za, \u00fczerinde \u00e7al\u0131\u015fabilece\u011finiz fikirler edinmenize, benzetmeler ve metaforlar bulman\u0131za yard\u0131mc\u0131 olur. Vurgu c\u00fcmleleri, kafiyeler.<\/p>","protected":false},"featured_media":26999,"comment_status":"open","ping_status":"closed","template":"","meta":[],"product_brand":[],"product_cat":[4097],"product_tag":[],"class_list":{"0":"post-27000","1":"product","2":"type-product","3":"status-publish","4":"has-post-thumbnail","6":"product_cat-design-creativity","8":"first","9":"instock","10":"downloadable","11":"virtual","12":"product-type-simple"},"bundled_by":[],"bundle_stock_status":"instock","bundle_stock_quantity":null,"bundle_virtual":false,"bundle_layout":"","bundle_add_to_cart_form_location":"","bundle_editable_in_cart":false,"bundle_sold_individually_context":"","bundle_item_grouping":"","bundle_min_size":"","bundle_max_size":"","bundle_price":[],"bundled_items":[],"bundle_sell_ids":[],"_links":{"self":[{"href":"https:\/\/logic-vault.com\/tr\/wp-json\/wp\/v2\/product\/27000","targetHints":{"allow":["GET"]}}],"collection":[{"href":"https:\/\/logic-vault.com\/tr\/wp-json\/wp\/v2\/product"}],"about":[{"href":"https:\/\/logic-vault.com\/tr\/wp-json\/wp\/v2\/types\/product"}],"replies":[{"embeddable":true,"href":"https:\/\/logic-vault.com\/tr\/wp-json\/wp\/v2\/comments?post=27000"}],"wp:featuredmedia":[{"embeddable":true,"href":"https:\/\/logic-vault.com\/tr\/wp-json\/wp\/v2\/media\/26999"}],"wp:attachment":[{"href":"https:\/\/logic-vault.com\/tr\/wp-json\/wp\/v2\/media?parent=27000"}],"wp:term":[{"taxonomy":"product_brand","embeddable":true,"href":"https:\/\/logic-vault.com\/tr\/wp-json\/wp\/v2\/product_brand?post=27000"},{"taxonomy":"product_cat","embeddable":true,"href":"https:\/\/logic-vault.com\/tr\/wp-json\/wp\/v2\/product_cat?post=27000"},{"taxonomy":"product_tag","embeddable":true,"href":"https:\/\/logic-vault.com\/tr\/wp-json\/wp\/v2\/product_tag?post=27000"}],"curies":[{"name":"wp","href":"https:\/\/api.w.org\/{rel}","templated":true}]}}